{"id":11059,"date":"2018-03-31T21:11:56","date_gmt":"2018-03-31T19:11:56","guid":{"rendered":"http:\/\/klubmamgdynia.pl\/index.php\/produkt\/tuban-mega-zestaw-do-duzych-baniek-mydlanych\/"},"modified":"2026-04-07T11:19:16","modified_gmt":"2026-04-07T09:19:16","slug":"tuban-mega-zestaw-do-duzych-baniek-mydlanych","status":"publish","type":"product","link":"http:\/\/klubmamgdynia.pl\/index.php\/produkt\/tuban-mega-zestaw-do-duzych-baniek-mydlanych\/","title":{"rendered":"Tuban Mega zestaw do du\u017cych baniek mydlanych"},"content":{"rendered":"<p>W sk\u0142ad Mega Zestawu wchodz\u0105 tylko i wy\u0142\u0105cznie produkty, dzi\u0119ki kt\u00f3rym pomys\u0142owo zagospodarujesz czas zar\u00f3wno dzieciakom, jak i doros\u0142ym mi\u0142o\u015bnikom mydlanych baniek. Mega zestaw pozwoli Ci cieszy\u0107 si\u0119 wspania\u0142ymi, d\u0142ugo utrzymuj\u0105cymi si\u0119 w powietrzu ba\u0144kami mydlanymi. Dzi\u0119ki r\u00f3\u017cnym akcesoriom stworzysz \u015brednie, \u0142\u0105czone i du\u017ce ba\u0144ki mydlane. Zestaw idealnie sprawdzi si\u0119 tak\u017ce jako prezent.Za pomoc\u0105 zestawu mo\u017cesz:- tworzy\u0107 du\u017ce ba\u0144ki mydlane,- kszta\u0142towa\u0107 ba\u0144kowe tunele,- uzupe\u0142nia\u0107 wszelkiego rodzaju ba\u0144kowe zabawki &#8211; pistolety, miecze czy wytwornice,- robi\u0107 ba\u0144kowe sztuczki,- \u0107wiczy\u0107 aparat mowy wydmuchuj\u0105c malutkie banieczki,- tworzy\u0107 magiczny klimat i znakomit\u0105 zabaw\u0119 na ka\u017cdym przyj\u0119ciu czy kinder balu,- bawi\u0107 si\u0119 samodzielnie lub z przyjaci\u00f3\u0142mi.Jak si\u0119 bawi\u0107?1. Wlej p\u0142yn do miski.2. Zamocz w nim jedno z naszych akcesori\u00f3w.3. Gotowe! Mo\u017cesz zaczyna\u0107 przygod\u0119 z ba\u0144kami.Co wchodzi w sk\u0142ad DU\u017bEGO ZESTAWU TUBAN?- 1L koncentratu = 4L gotowego p\u0142ynu,- p\u0142yn 250 ml, obr\u0119cz do baniek,- sznurek 50 cm,- 2x plastikowe obr\u0119cze,- 1x miska.Udanej zabawy!WA\u017bNE:P\u0142yn Tuban powstaje w Polsce. Posiada badania, kt\u00f3re po\u015bwiadczaj\u0105 wyprodukowanie baniek mydlanych zgodnie z norm\u0105 PNEN-71 dotycz\u0105c\u0105 bezpiecze\u0144stwa zabawek.Wiek: 3+<\/p>\n<h2>Tuban Mega zestaw do du\u017cych baniek mydlanych Tuban<\/h2>\n<p>prezent dla m\u0142odzie\u017cy, quiz konie, mapa polski do wydrukowania za darmo, gdzie strumyk p\u0142ynie z wolna, ilona, prezent na pierwsze urodziny, starodawne \u017cyczenia bo\u017conarodzeniowe, zagadki o wio\u015bnie dla dzieci, zagadki co to jest, miasto dzieci krak\u00f3w, posz\u0142a ola na spacerek, kartka walentynkowa zrobiona przez dzieci, 20 pytania do lektury ma\u0142y ksi\u0105\u017c\u0119, wr\u00f3\u017cby andrzejkowe dla dzieci online, uk\u0142ad s\u0142oneczny dla dzieci, auto kolorowanka, zagadki dla 6 latka, malgorzata znaczenie imienia<\/p>\n<p>yyyyy<\/p>\n<p>&nbsp;<\/p>\n","protected":false},"excerpt":{"rendered":"<p>W sk\u0142ad Mega Zestawu wchodz\u0105 tylko i wy\u0142\u0105cznie produkty, dzi\u0119ki kt\u00f3rym pomys\u0142owo zagospodarujesz czas zar\u00f3wno dzieciakom, jak i doros\u0142ym mi\u0142o\u015bnikom mydlanych baniek. Mega zestaw pozwoli Ci cieszy\u0107 si\u0119 wspania\u0142ymi, d\u0142ugo utrzymuj\u0105cymi si\u0119 w powietrzu ba\u0144kami mydlanymi. Dzi\u0119ki r\u00f3\u017cnym akcesoriom stworzysz \u015brednie, \u0142\u0105czone i du\u017ce ba\u0144ki mydlane. Zestaw idealnie sprawdzi si\u0119 tak\u017ce jako prezent.Za pomoc\u0105 zestawu [&hellip;]<\/p>\n","protected":false},"featured_media":11060,"comment_status":"closed","ping_status":"open","template":"","meta":[],"product_cat":[472,558],"product_tag":[844,593,617,682],"class_list":["post-11059","product","type-product","status-publish","has-post-thumbnail","hentry","product_cat-banki-mydlane","product_cat-tuban","product_tag-co-kupic-na-roczek","product_tag-jak-narysowac-konia","product_tag-keyword","product_tag-przyjazn-cytaty"],"_links":{"self":[{"href":"http:\/\/klubmamgdynia.pl\/index.php\/wp-json\/wp\/v2\/product\/11059","targetHints":{"allow":["GET"]}}],"collection":[{"href":"http:\/\/klubmamgdynia.pl\/index.php\/wp-json\/wp\/v2\/product"}],"about":[{"href":"http:\/\/klubmamgdynia.pl\/index.php\/wp-json\/wp\/v2\/types\/product"}],"replies":[{"embeddable":true,"href":"http:\/\/klubmamgdynia.pl\/index.php\/wp-json\/wp\/v2\/comments?post=11059"}],"wp:featuredmedia":[{"embeddable":true,"href":"http:\/\/klubmamgdynia.pl\/index.php\/wp-json\/wp\/v2\/media\/11060"}],"wp:attachment":[{"href":"http:\/\/klubmamgdynia.pl\/index.php\/wp-json\/wp\/v2\/media?parent=11059"}],"wp:term":[{"taxonomy":"product_cat","embeddable":true,"href":"http:\/\/klubmamgdynia.pl\/index.php\/wp-json\/wp\/v2\/product_cat?post=11059"},{"taxonomy":"product_tag","embeddable":true,"href":"http:\/\/klubmamgdynia.pl\/index.php\/wp-json\/wp\/v2\/product_tag?post=11059"}],"curies":[{"name":"wp","href":"https:\/\/api.w.org\/{rel}","templated":true}]}}