{"id":11061,"date":"2015-02-02T16:44:35","date_gmt":"2015-02-02T15:44:35","guid":{"rendered":"http:\/\/klubmamgdynia.pl\/index.php\/produkt\/simba-slime-masa-zelkowa-do-kapieli-glibbi-2pak-2473\/"},"modified":"2026-05-17T22:24:06","modified_gmt":"2026-05-17T20:24:06","slug":"simba-slime-masa-zelkowa-do-kapieli-glibbi-2pak-2473","status":"publish","type":"product","link":"http:\/\/klubmamgdynia.pl\/index.php\/produkt\/simba-slime-masa-zelkowa-do-kapieli-glibbi-2pak-2473\/","title":{"rendered":"Simba Slime Masa \u017belkowa Do K\u0105pieli Glibbi 2Pak 2473"},"content":{"rendered":"<p>Simba slime masa \u017celkowa do k\u0105pieli Glibbi Slime 2pak 2473Masa \u017celkowa Simba Glibbi Slime, kt\u00f3ra pow&#8230;<\/p>\n<h2>Simba Slime Masa \u017belkowa Do K\u0105pieli Glibbi 2Pak 2473 Simba<\/h2>\n<p>quiz o bajkach, zagadki o zwierz\u0119tach wiejskich, bajka terapeutyczna o z\u0142o\u015bci pdf, rozalia imie, wystawy dla dzieci warszawa, prezenty na roczek, smok wawelski kolorowanka, \u017carty na prima aprilis dla mamy, prezenty dla nastolatek, karyna, zagadki logiczne dla doros\u0142ych, bajka o biedronce, atrakcje dla dzieci mazowieckie, asiunia &#8211; test z lektury pdf, atrakcje warszawa dla dzieci, imi\u0119 gaja, zak\u0142adka do ksi\u0105\u017cki szablon do druku<\/p>\n<p>yyyyy<\/p>\n<p>&nbsp;<\/p>\n","protected":false},"excerpt":{"rendered":"<p>Simba slime masa \u017celkowa do k\u0105pieli Glibbi Slime 2pak 2473Masa \u017celkowa Simba Glibbi Slime, kt\u00f3ra pow&#8230; Simba Slime Masa \u017belkowa Do K\u0105pieli Glibbi 2Pak 2473 Simba quiz o bajkach, zagadki o zwierz\u0119tach wiejskich, bajka terapeutyczna o z\u0142o\u015bci pdf, rozalia imie, wystawy dla dzieci warszawa, prezenty na roczek, smok wawelski kolorowanka, \u017carty na prima aprilis dla [&hellip;]<\/p>\n","protected":false},"featured_media":11062,"comment_status":"closed","ping_status":"open","template":"","meta":[],"product_cat":[279,21],"product_tag":[777,695,843],"class_list":["post-11061","product","type-product","status-publish","has-post-thumbnail","hentry","product_cat-simba","product_cat-zabawki-plastyczne","product_tag-co-na-roczek","product_tag-rzadkie-imiona-zenskie","product_tag-smieszne-zagadki-dla-dzieci"],"_links":{"self":[{"href":"http:\/\/klubmamgdynia.pl\/index.php\/wp-json\/wp\/v2\/product\/11061","targetHints":{"allow":["GET"]}}],"collection":[{"href":"http:\/\/klubmamgdynia.pl\/index.php\/wp-json\/wp\/v2\/product"}],"about":[{"href":"http:\/\/klubmamgdynia.pl\/index.php\/wp-json\/wp\/v2\/types\/product"}],"replies":[{"embeddable":true,"href":"http:\/\/klubmamgdynia.pl\/index.php\/wp-json\/wp\/v2\/comments?post=11061"}],"wp:featuredmedia":[{"embeddable":true,"href":"http:\/\/klubmamgdynia.pl\/index.php\/wp-json\/wp\/v2\/media\/11062"}],"wp:attachment":[{"href":"http:\/\/klubmamgdynia.pl\/index.php\/wp-json\/wp\/v2\/media?parent=11061"}],"wp:term":[{"taxonomy":"product_cat","embeddable":true,"href":"http:\/\/klubmamgdynia.pl\/index.php\/wp-json\/wp\/v2\/product_cat?post=11061"},{"taxonomy":"product_tag","embeddable":true,"href":"http:\/\/klubmamgdynia.pl\/index.php\/wp-json\/wp\/v2\/product_tag?post=11061"}],"curies":[{"name":"wp","href":"https:\/\/api.w.org\/{rel}","templated":true}]}}