{"id":11067,"date":"2016-12-02T23:24:12","date_gmt":"2016-12-02T22:24:12","guid":{"rendered":"http:\/\/klubmamgdynia.pl\/index.php\/produkt\/kids-euroswan-notatnik-z-metalizowana-okladka-a5-crazy-dinokl11015\/"},"modified":"2026-05-17T21:52:31","modified_gmt":"2026-05-17T19:52:31","slug":"kids-euroswan-notatnik-z-metalizowana-okladka-a5-crazy-dinokl11015","status":"publish","type":"product","link":"http:\/\/klubmamgdynia.pl\/index.php\/produkt\/kids-euroswan-notatnik-z-metalizowana-okladka-a5-crazy-dinokl11015\/","title":{"rendered":"Kids Euroswan Notatnik Z Metalizowan\u0105 Ok\u0142adk\u0105 A5 Crazy Dinokl11015"},"content":{"rendered":"<p>Notatnik Crazy Dino w metalizowanej ok\u0142adce doskonale nadaj\u0119 si\u0119 do zapisywania dzieci\u0119cych marze\u0144, wspomnie\u0144, rysunk\u00f3w oraz ma\u0142ych tajemnic dziecka. ? Materia\u0142: papier, ? Wymiary: A5 (14,8x21x1 cm) ? Ilo\u015b\u0107 stron: 70 ? Inne: w linie&#8230;<\/p>\n<h2>Kids Euroswan Notatnik Z Metalizowan\u0105 Ok\u0142adk\u0105 A5 Crazy Dinokl11015 Kids Euroswan<\/h2>\n<p>quizy miko\u0142ajek, szlaczki literopodobne do wydruku, zabawy dla 5-6 latk\u00f3w, zadania logiczne, rebusy i krzy\u017c\u00f3wki dla dzieci do druku, co\u015b dla nastolatk\u00f3w<\/p>\n<p>yyyyy<\/p>\n<p>&nbsp;<\/p>\n","protected":false},"excerpt":{"rendered":"<p>Notatnik Crazy Dino w metalizowanej ok\u0142adce doskonale nadaj\u0119 si\u0119 do zapisywania dzieci\u0119cych marze\u0144, wspomnie\u0144, rysunk\u00f3w oraz ma\u0142ych tajemnic dziecka. ? Materia\u0142: papier, ? Wymiary: A5 (14,8x21x1 cm) ? Ilo\u015b\u0107 stron: 70 ? Inne: w linie&#8230; Kids Euroswan Notatnik Z Metalizowan\u0105 Ok\u0142adk\u0105 A5 Crazy Dinokl11015 Kids Euroswan quizy miko\u0142ajek, szlaczki literopodobne do wydruku, zabawy dla 5-6 [&hellip;]<\/p>\n","protected":false},"featured_media":11068,"comment_status":"closed","ping_status":"open","template":"","meta":[],"product_cat":[1103,325],"product_tag":[646,591,741,800,805],"class_list":["post-11067","product","type-product","status-publish","has-post-thumbnail","hentry","product_cat-kids-euroswan","product_cat-szkolne-artykuly-papiernicze","product_tag-prezent-na-pierwsze-urodziny","product_tag-quiz-o-minecraft","product_tag-wlochy","product_tag-zagadki-smieszne","product_tag-znaczenie-imienia-alan"],"_links":{"self":[{"href":"http:\/\/klubmamgdynia.pl\/index.php\/wp-json\/wp\/v2\/product\/11067","targetHints":{"allow":["GET"]}}],"collection":[{"href":"http:\/\/klubmamgdynia.pl\/index.php\/wp-json\/wp\/v2\/product"}],"about":[{"href":"http:\/\/klubmamgdynia.pl\/index.php\/wp-json\/wp\/v2\/types\/product"}],"replies":[{"embeddable":true,"href":"http:\/\/klubmamgdynia.pl\/index.php\/wp-json\/wp\/v2\/comments?post=11067"}],"wp:featuredmedia":[{"embeddable":true,"href":"http:\/\/klubmamgdynia.pl\/index.php\/wp-json\/wp\/v2\/media\/11068"}],"wp:attachment":[{"href":"http:\/\/klubmamgdynia.pl\/index.php\/wp-json\/wp\/v2\/media?parent=11067"}],"wp:term":[{"taxonomy":"product_cat","embeddable":true,"href":"http:\/\/klubmamgdynia.pl\/index.php\/wp-json\/wp\/v2\/product_cat?post=11067"},{"taxonomy":"product_tag","embeddable":true,"href":"http:\/\/klubmamgdynia.pl\/index.php\/wp-json\/wp\/v2\/product_tag?post=11067"}],"curies":[{"name":"wp","href":"https:\/\/api.w.org\/{rel}","templated":true}]}}