{"id":11071,"date":"2018-08-06T10:33:00","date_gmt":"2018-08-06T08:33:00","guid":{"rendered":"http:\/\/klubmamgdynia.pl\/index.php\/produkt\/lean-toys-zestaw-8-kolorow-z-foremkami-zwierzatka\/"},"modified":"2026-04-27T06:48:33","modified_gmt":"2026-04-27T04:48:33","slug":"lean-toys-zestaw-8-kolorow-z-foremkami-zwierzatka","status":"publish","type":"product","link":"http:\/\/klubmamgdynia.pl\/index.php\/produkt\/lean-toys-zestaw-8-kolorow-z-foremkami-zwierzatka\/","title":{"rendered":"Lean Toys Zestaw 8 Kolor\u00f3w Z Foremkami Zwierz\u0105tka"},"content":{"rendered":"<p>8 KUBECZK\u00d3W MASY PLASTYCZNEJZabawa w tworzenie r\u00f3\u017cnych form z ciastoliny na pewno przypadnie do gustu ch\u0142opcom oraz dziewczynkom.W sk\u0142ad zestawu wchodz\u0105 kubeczki z mas\u0105 plastyczn\u0105 wraz z foremkami z kszta\u0142tami r\u00f3\u017cnych zwierz\u0105tek.Uformuj pieska, misia, hipcia, kaczuszk\u0119 lub konia.Baw si\u0119 ciastolin\u0105 w r\u00f3\u017cnych kolorach.Masa jest elastyczna. W \u0142atwy i przyjemny spos\u00f3b mo\u017cna formowa\u0107 dowolne kszta\u0142ty.Masa jest nietoksyczna i nieszkodliwa dla dziecka.B\u0105d\u017a kreatywny i stw\u00f3rz dowolne kszta\u0142ty.Wysoko\u015b\u0107 s\u0142oiczka z pokrywk\u0105: 6 cmWymiary opakowania:22 cm x 11 cm x 5 cmZabawa z ciastolin\u0105 rozwija zdolno\u015bci manualne i rozbudza wyobra\u017ani\u0119 dziecka.<\/p>\n<h2>Lean Toys Zestaw 8 Kolor\u00f3w Z Foremkami Zwierz\u0105tka Lean Toys<\/h2>\n<p>zadania dla 7 latka do druku, miko\u0142ajkowe zabawy, imie kuba, celina, w uk\u0142adzie s\u0142onecznym tekst, kolorowanka prezent, basen warszawa, ko\u0142ysanka tekst, test z lektury miko\u0142ajek do druku, zagadki dla dzieci z odpowiedziami, oliwier, kolorowanka ze zdj\u0119cia, imi\u0119 adriana<\/p>\n<p>yyyyy<\/p>\n<p>&nbsp;<\/p>\n","protected":false},"excerpt":{"rendered":"<p>8 KUBECZK\u00d3W MASY PLASTYCZNEJZabawa w tworzenie r\u00f3\u017cnych form z ciastoliny na pewno przypadnie do gustu ch\u0142opcom oraz dziewczynkom.W sk\u0142ad zestawu wchodz\u0105 kubeczki z mas\u0105 plastyczn\u0105 wraz z foremkami z kszta\u0142tami r\u00f3\u017cnych zwierz\u0105tek.Uformuj pieska, misia, hipcia, kaczuszk\u0119 lub konia.Baw si\u0119 ciastolin\u0105 w r\u00f3\u017cnych kolorach.Masa jest elastyczna. W \u0142atwy i przyjemny spos\u00f3b mo\u017cna formowa\u0107 dowolne kszta\u0142ty.Masa jest [&hellip;]<\/p>\n","protected":false},"featured_media":11072,"comment_status":"closed","ping_status":"open","template":"","meta":[],"product_cat":[73,21],"product_tag":[603,856,779],"class_list":["post-11071","product","type-product","status-publish","has-post-thumbnail","hentry","product_cat-lean-toys","product_cat-zabawki-plastyczne","product_tag-bajki-do-czytania","product_tag-prezent-dla-16-latki","product_tag-zarty-na-prima-aprilis-w-domu"],"_links":{"self":[{"href":"http:\/\/klubmamgdynia.pl\/index.php\/wp-json\/wp\/v2\/product\/11071","targetHints":{"allow":["GET"]}}],"collection":[{"href":"http:\/\/klubmamgdynia.pl\/index.php\/wp-json\/wp\/v2\/product"}],"about":[{"href":"http:\/\/klubmamgdynia.pl\/index.php\/wp-json\/wp\/v2\/types\/product"}],"replies":[{"embeddable":true,"href":"http:\/\/klubmamgdynia.pl\/index.php\/wp-json\/wp\/v2\/comments?post=11071"}],"wp:featuredmedia":[{"embeddable":true,"href":"http:\/\/klubmamgdynia.pl\/index.php\/wp-json\/wp\/v2\/media\/11072"}],"wp:attachment":[{"href":"http:\/\/klubmamgdynia.pl\/index.php\/wp-json\/wp\/v2\/media?parent=11071"}],"wp:term":[{"taxonomy":"product_cat","embeddable":true,"href":"http:\/\/klubmamgdynia.pl\/index.php\/wp-json\/wp\/v2\/product_cat?post=11071"},{"taxonomy":"product_tag","embeddable":true,"href":"http:\/\/klubmamgdynia.pl\/index.php\/wp-json\/wp\/v2\/product_tag?post=11071"}],"curies":[{"name":"wp","href":"https:\/\/api.w.org\/{rel}","templated":true}]}}