{"id":11073,"date":"2021-01-14T07:56:18","date_gmt":"2021-01-14T06:56:18","guid":{"rendered":"http:\/\/klubmamgdynia.pl\/index.php\/produkt\/learning-resources-playfoam-masa-piankowa-z-brokatem\/"},"modified":"2026-05-01T00:48:19","modified_gmt":"2026-04-30T22:48:19","slug":"learning-resources-playfoam-masa-piankowa-z-brokatem","status":"publish","type":"product","link":"http:\/\/klubmamgdynia.pl\/index.php\/produkt\/learning-resources-playfoam-masa-piankowa-z-brokatem\/","title":{"rendered":"Learning Resources Playfoam Masa Piankowa Z Brokatem"},"content":{"rendered":"<p>Playfoam, Masa Piankowa z Brokatem, Modelina, Du\u017ca P\u00f3\u0142kula Zabawki Learning Resources(R) wraz z Educational Insights(R) s\u0105 zaprojektowane tak, aby pom\u00f3c dzieciom w zdobywaniu kluczowych umiej\u0119tno\u015bci edukacyjnych&#8230; i przygotowaniu si\u0119 na podb\u00f3j \u015bwiata! Wsp\u00f3\u0142praca z ekspertami z wielu r\u00f3\u017cnych dziedzin, od naukowc\u00f3w przez nauczycieli po artyst\u00f3w i zapewnia, \u017ce ich produkty s\u0105 bezpieczne i najwy\u017cszej jako\u015bci. Odkryj, zestaw Playfoam Sparkle zawiera wszystko, czego potrzebuj\u0105 dzieci do zgniatania i rze\u017abienia wyj\u0105tkowych kreacji! Edycja t\u0119czowych piankowych koralik\u00f3w wzbogacona drobinkami brokatu jest idealna do wykonania kr\u00f3liczka, jednoro\u017cca, korony ksi\u0119\u017cniczki i nie tylko.Innowacyjny, pomys\u0142owy i wielokrotnego u\u017cytku &#8211; PlayFoam Sparkle, wzbogacona drobinkami brokatu.Dzieci mog\u0105 rze\u017abi\u0107 przez wiele godzin.Nietoksyczny materia\u0142 do rze\u017abienia na bazie piankowych koralik\u00f3w.Nie wysycha, nie kruszy si\u0119 ani nie przykleja do sk\u00f3ry ani innych powierzchni.Formuj i ponownie formuj tyle razy, ile chcesz.Opakowanie zawiera kolorow\u0105 mieszank\u0119 PlayFoam, kt\u00f3r\u0105 dzieci mog\u0105 kszta\u0142towa\u0107 i zmienia\u0107, a kiedy sko\u0144cz\u0105, mog\u0105 po prostu u\u017cy\u0107 plastikowej formy do pakowania, aby przywr\u00f3ci\u0107 oryginalny kszta\u0142t.Zawiera piank\u0119 do zabawy w kolorze fioletowym, zielonym, pomara\u0144czowym lub niebieskim.Produkt wysy\u0142any losowo.Wymiary opakowania: 20 cm x 12,5 cm x 5 cm.Kategoria wiekowa: 3+.Uwaga: Ma\u0142e elementy, ryzyko zad\u0142awienia. Zabawa tylko pod nadzorem osoby doros\u0142ej.<\/p>\n<h2>Learning Resources Playfoam Masa Piankowa Z Brokatem Learning Resources<\/h2>\n<p>prezent dla m\u0142odzie\u017cy, prezent na roczek dla ch\u0142opca, desery dla dzieci, pytania do lektury asiunia, rzadkie imiona dla dziewczynek, test ch\u0142opcy z placu broni klasa 5, atrakcje dla dzieci we wroc\u0142awiu, imi\u0119 r\u00f3\u017ca, proste zagadki<\/p>\n<p>yyyyy<\/p>\n<p>&nbsp;<\/p>\n","protected":false},"excerpt":{"rendered":"<p>Playfoam, Masa Piankowa z Brokatem, Modelina, Du\u017ca P\u00f3\u0142kula Zabawki Learning Resources(R) wraz z Educational Insights(R) s\u0105 zaprojektowane tak, aby pom\u00f3c dzieciom w zdobywaniu kluczowych umiej\u0119tno\u015bci edukacyjnych&#8230; i przygotowaniu si\u0119 na podb\u00f3j \u015bwiata! Wsp\u00f3\u0142praca z ekspertami z wielu r\u00f3\u017cnych dziedzin, od naukowc\u00f3w przez nauczycieli po artyst\u00f3w i zapewnia, \u017ce ich produkty s\u0105 bezpieczne i najwy\u017cszej jako\u015bci. [&hellip;]<\/p>\n","protected":false},"featured_media":11074,"comment_status":"closed","ping_status":"open","template":"","meta":[],"product_cat":[1070,21],"product_tag":[645,855,705,620],"class_list":["post-11073","product","type-product","status-publish","has-post-thumbnail","hentry","product_cat-learning-resources","product_cat-zabawki-plastyczne","product_tag-latwe-zagadki","product_tag-nietypowe-imiona-zenskie","product_tag-prezent-na-roczek-dla-chlopca","product_tag-quiz-opowiesci-z-narnii"],"_links":{"self":[{"href":"http:\/\/klubmamgdynia.pl\/index.php\/wp-json\/wp\/v2\/product\/11073","targetHints":{"allow":["GET"]}}],"collection":[{"href":"http:\/\/klubmamgdynia.pl\/index.php\/wp-json\/wp\/v2\/product"}],"about":[{"href":"http:\/\/klubmamgdynia.pl\/index.php\/wp-json\/wp\/v2\/types\/product"}],"replies":[{"embeddable":true,"href":"http:\/\/klubmamgdynia.pl\/index.php\/wp-json\/wp\/v2\/comments?post=11073"}],"wp:featuredmedia":[{"embeddable":true,"href":"http:\/\/klubmamgdynia.pl\/index.php\/wp-json\/wp\/v2\/media\/11074"}],"wp:attachment":[{"href":"http:\/\/klubmamgdynia.pl\/index.php\/wp-json\/wp\/v2\/media?parent=11073"}],"wp:term":[{"taxonomy":"product_cat","embeddable":true,"href":"http:\/\/klubmamgdynia.pl\/index.php\/wp-json\/wp\/v2\/product_cat?post=11073"},{"taxonomy":"product_tag","embeddable":true,"href":"http:\/\/klubmamgdynia.pl\/index.php\/wp-json\/wp\/v2\/product_tag?post=11073"}],"curies":[{"name":"wp","href":"https:\/\/api.w.org\/{rel}","templated":true}]}}