{"id":11077,"date":"2016-12-03T19:07:50","date_gmt":"2016-12-03T18:07:50","guid":{"rendered":"http:\/\/klubmamgdynia.pl\/index.php\/produkt\/alexander-kolejowy-zawrot-glowy-2052\/"},"modified":"2026-04-06T06:14:28","modified_gmt":"2026-04-06T04:14:28","slug":"alexander-kolejowy-zawrot-glowy-2052","status":"publish","type":"product","link":"http:\/\/klubmamgdynia.pl\/index.php\/produkt\/alexander-kolejowy-zawrot-glowy-2052\/","title":{"rendered":"Alexander Kolejowy Zawr\u00f3t G\u0142owy 2052"},"content":{"rendered":"<p>Kolejowy Zawr\u00f3t G\u0142owyGra, kt\u00f3rej akcja osadzona zosta\u0142a w \u015bwiecie poci\u0105g\u00f3w. Rozgrywka przypomina nieco zabaw\u0119 makiet\u0105 kolejki. Po planszy poruszamy si\u0119 drewnianymi pionkami\u00a0imituj\u0105cymi lokomotywy.\u00a0Celem gry jest uzyskanie jak najwi\u0119kszego zysku dzi\u0119ki skompletowaniu odpowiedniego taboru albo wykonaniu najbardziej op\u0142acalnych\u00a0zlece\u0144 na przew\u00f3z towar\u00f3w lub ludzi. Dzi\u0119ki wyj\u0105tkowym, drewnianym zwrotnicom wygl\u0105d planszy jest dynamiczny.\u00a0Odpowiednie ustawienie nastaw mo\u017ce skutecznie\u00a0utrudni\u0107 zdanie rywalom i wyd\u0142u\u017cy\u0107 ich drog\u0119 do celu. Kluczem do sukcesu mo\u017ce okaza\u0107 si\u0119 konsekwencja w kolekcjonowaniu taboru lub pracowita realizacja zlece\u0144 ukrytych na kartach szansy.Zawarto\u015b\u0107 opakowaniainstrukcja, plansza, kostka do gry, drewniane pionki w postaci lokomotywy \u2013 4 szt.,\u00a0 awatary \u2013 4 sztuki,\u00a0 element\u00f3w taboru klejowego do skompletowani \u2013 26 sztuk, drewniane nastawy zwrotnic \u2013 32 szt., kart szansy \u2013 55 szt., banknoty o r\u00f3\u017cnych nomina\u0142ach \u2013 100 szt., czerwone \u017cetony \u2013 20 szt.                            <\/p>\n<p>Nagrody                            <\/p>\n<p>Produkty                            <\/p>\n<p>            Alexander Szalone Balony 2258<\/p>\n<p>            Alexander Ucieczka Z Lochu 2274<\/p>\n<p>            Opinia od Maksymilian2020-05-09<\/p>\n<p>                Generalnie jestem fanem gier planszowych i karcianych &#8211; st\u0105d ten zakup. Jednak gra typowo dla dzieci. Dla doros\u0142ych to zabawa na kilka chwil, raczej przeznaczone dla m\u0142odszych u\u017cytkownik\u00f3w. <\/p>\n<p>            Alexander Kolejowy Zawr\u00f3t G\u0142owy 2052<\/p>\n<p>            Opinia od a&#8230;o2020-12-07<\/p>\n<p>                \u0141adnie wykonana, kolorowa, wci\u0105gaj\u0105ca, dzieci graj\u0105 same i z rodzicami.<\/p>\n<p>            Alexander Opowie\u015bci Dziwnej Tre\u015bci 2102<\/p>\n<p>            Opinia od p&#8230;n2021-10-16<\/p>\n<p>                Gra spe\u0142nia oczekiwania.<\/p>\n<p>            Alexander Pantomima Gold 2107<\/p>\n<p>            Alexander Pantomima Hot 2113<\/p>\n<p>            Alexander Prawda Czy Wyzwanie 2109<\/p>\n<h2>Alexander Kolejowy Zawr\u00f3t G\u0142owy 2052 Alexander<\/h2>\n<p>pomys\u0142y na dzie\u0144 dziecka dla nastolatk\u00f3w, literki do druku, cytaty o wychowaniu i nauczaniu, kubu\u015b puchatek cytaty, doros\u0142ych kolorowanki dziewczyny, madre zyczenia bozonarodzeniowe, \u017c\u0105rty na prima aprilis, andrea, tekst kolysanek, quiz o miko\u0142ajku, quiz o stolicach europy, quizy ma\u0142y ksi\u0105\u017c\u0119, stolice europy quiz, imiona postaci z bajek, myszka minnie kolorowanka, prezenty dla m\u0142odzie\u017cy, prezent dla nastolatek, co kupi\u0107 na roczek<\/p>\n<p>yyyyy<\/p>\n<p>&nbsp;<\/p>\n","protected":false},"excerpt":{"rendered":"<p>Kolejowy Zawr\u00f3t G\u0142owyGra, kt\u00f3rej akcja osadzona zosta\u0142a w \u015bwiecie poci\u0105g\u00f3w. Rozgrywka przypomina nieco zabaw\u0119 makiet\u0105 kolejki. Po planszy poruszamy si\u0119 drewnianymi pionkami\u00a0imituj\u0105cymi lokomotywy.\u00a0Celem gry jest uzyskanie jak najwi\u0119kszego zysku dzi\u0119ki skompletowaniu odpowiedniego taboru albo wykonaniu najbardziej op\u0142acalnych\u00a0zlece\u0144 na przew\u00f3z towar\u00f3w lub ludzi. Dzi\u0119ki wyj\u0105tkowym, drewnianym zwrotnicom wygl\u0105d planszy jest dynamiczny.\u00a0Odpowiednie ustawienie nastaw mo\u017ce skutecznie\u00a0utrudni\u0107 zdanie [&hellip;]<\/p>\n","protected":false},"featured_media":11078,"comment_status":"closed","ping_status":"open","template":"","meta":[],"product_cat":[246,130],"product_tag":[859,654,718],"class_list":["post-11077","product","type-product","status-publish","has-post-thumbnail","hentry","product_cat-alexander","product_cat-gry-dzieciece","product_tag-dobranoc-pchly-na-noc","product_tag-krotkie-bajki-dla-dzieci-do-czytania","product_tag-prezent-na-roczek-dla-chrzesniaka"],"_links":{"self":[{"href":"http:\/\/klubmamgdynia.pl\/index.php\/wp-json\/wp\/v2\/product\/11077","targetHints":{"allow":["GET"]}}],"collection":[{"href":"http:\/\/klubmamgdynia.pl\/index.php\/wp-json\/wp\/v2\/product"}],"about":[{"href":"http:\/\/klubmamgdynia.pl\/index.php\/wp-json\/wp\/v2\/types\/product"}],"replies":[{"embeddable":true,"href":"http:\/\/klubmamgdynia.pl\/index.php\/wp-json\/wp\/v2\/comments?post=11077"}],"wp:featuredmedia":[{"embeddable":true,"href":"http:\/\/klubmamgdynia.pl\/index.php\/wp-json\/wp\/v2\/media\/11078"}],"wp:attachment":[{"href":"http:\/\/klubmamgdynia.pl\/index.php\/wp-json\/wp\/v2\/media?parent=11077"}],"wp:term":[{"taxonomy":"product_cat","embeddable":true,"href":"http:\/\/klubmamgdynia.pl\/index.php\/wp-json\/wp\/v2\/product_cat?post=11077"},{"taxonomy":"product_tag","embeddable":true,"href":"http:\/\/klubmamgdynia.pl\/index.php\/wp-json\/wp\/v2\/product_tag?post=11077"}],"curies":[{"name":"wp","href":"https:\/\/api.w.org\/{rel}","templated":true}]}}