{"id":1108,"date":"2014-09-04T11:31:07","date_gmt":"2014-09-04T09:31:07","guid":{"rendered":"http:\/\/klubmamgdynia.pl\/index.php\/produkt\/hipo-zestaw-armia-70el-h11824\/"},"modified":"2026-04-29T14:49:20","modified_gmt":"2026-04-29T12:49:20","slug":"hipo-zestaw-armia-70el-h11824","status":"publish","type":"product","link":"http:\/\/klubmamgdynia.pl\/index.php\/produkt\/hipo-zestaw-armia-70el-h11824\/","title":{"rendered":"Hipo Zestaw Armia 70El. (H11824)"},"content":{"rendered":"<p>Zestaw armia 70 cz\u0119\u015bcinazwa na fakturze: ZESTAW ARMIA 70SZT. H11824EAN:  5907700685306figurka:  \u017bo\u0142nierzKod Producenta:  H11824seria:  ARMIA<\/p>\n<h2>Hipo Zestaw Armia 70El. (H11824) Hipo<\/h2>\n<p>prezent na roczek dla chrze\u015bniaka, zagadki o zwierz\u0119tach wiejskich, kartki na dobranoc dla przyjaci\u00f3\u0142, zagadki dla dzieci 6-7 lat, marianna, podchwytliwe zagadki z odpowiedziami, zosia samosia wiersz, zagadki wielkanocne dla doros\u0142ych, literki do druku, hejka tu lenka quizy, gwiazdka do druku, prezent dla 13 latki na \u015bwi\u0119ta, imiona \u017ce\u0144skie nietypowe, zabawy urodzinowe dla dzieci, quizy znaki drogowe, kolorowanki \u015bwi\u0105teczne do wydruku, test narnia lew czarownica i stara szafa<\/p>\n<p>yyyyy<\/p>\n<p>&nbsp;<\/p>\n","protected":false},"excerpt":{"rendered":"<p>Zestaw armia 70 cz\u0119\u015bcinazwa na fakturze: ZESTAW ARMIA 70SZT. H11824EAN: 5907700685306figurka: \u017bo\u0142nierzKod Producenta: H11824seria: ARMIA Hipo Zestaw Armia 70El. (H11824) Hipo prezent na roczek dla chrze\u015bniaka, zagadki o zwierz\u0119tach wiejskich, kartki na dobranoc dla przyjaci\u00f3\u0142, zagadki dla dzieci 6-7 lat, marianna, podchwytliwe zagadki z odpowiedziami, zosia samosia wiersz, zagadki wielkanocne dla doros\u0142ych, literki do druku, [&hellip;]<\/p>\n","protected":false},"featured_media":1109,"comment_status":"closed","ping_status":"open","template":"","meta":[],"product_cat":[95,310],"product_tag":[827,792,605,640,786],"class_list":["post-1108","product","type-product","status-publish","has-post-thumbnail","hentry","product_cat-figurki-makiety-i-zestawy","product_cat-hipo","product_tag-bajki-dla-niemowlat","product_tag-cytaty-o-mamie","product_tag-milena","product_tag-prezent-dla-rocznej-dziewczynki","product_tag-prezent-na-1-urodziny"],"_links":{"self":[{"href":"http:\/\/klubmamgdynia.pl\/index.php\/wp-json\/wp\/v2\/product\/1108","targetHints":{"allow":["GET"]}}],"collection":[{"href":"http:\/\/klubmamgdynia.pl\/index.php\/wp-json\/wp\/v2\/product"}],"about":[{"href":"http:\/\/klubmamgdynia.pl\/index.php\/wp-json\/wp\/v2\/types\/product"}],"replies":[{"embeddable":true,"href":"http:\/\/klubmamgdynia.pl\/index.php\/wp-json\/wp\/v2\/comments?post=1108"}],"wp:featuredmedia":[{"embeddable":true,"href":"http:\/\/klubmamgdynia.pl\/index.php\/wp-json\/wp\/v2\/media\/1109"}],"wp:attachment":[{"href":"http:\/\/klubmamgdynia.pl\/index.php\/wp-json\/wp\/v2\/media?parent=1108"}],"wp:term":[{"taxonomy":"product_cat","embeddable":true,"href":"http:\/\/klubmamgdynia.pl\/index.php\/wp-json\/wp\/v2\/product_cat?post=1108"},{"taxonomy":"product_tag","embeddable":true,"href":"http:\/\/klubmamgdynia.pl\/index.php\/wp-json\/wp\/v2\/product_tag?post=1108"}],"curies":[{"name":"wp","href":"https:\/\/api.w.org\/{rel}","templated":true}]}}