{"id":11081,"date":"2010-12-08T18:54:15","date_gmt":"2010-12-08T17:54:15","guid":{"rendered":"http:\/\/klubmamgdynia.pl\/index.php\/produkt\/bunkr-battlezones-zaslona-urban-waste-barrel\/"},"modified":"2026-05-17T22:39:12","modified_gmt":"2026-05-17T20:39:12","slug":"bunkr-battlezones-zaslona-urban-waste-barrel","status":"publish","type":"product","link":"http:\/\/klubmamgdynia.pl\/index.php\/produkt\/bunkr-battlezones-zaslona-urban-waste-barrel\/","title":{"rendered":"Bunkr Battlezones Zas\u0142ona Urban Waste Barrel"},"content":{"rendered":"<p>Przekszta\u0142\u0107 swoje otoczenie w prawdziwe nadmuchiwane pole bitwy. (Piwnica, podw\u00f3rko, park, kampus, imprezy) \u0141atwa konfiguracja: \u0142atwe do przechowywania dzi\u0119ki przewymiarowanym zaworom do szybkiego nape\u0142niania \/ opr\u00f3\u017cniania. Bunkry maj\u0105 r\u00f3wnie\u017c zintegrowan\u0105 podstaw\u0119 wodn\u0105, kt\u00f3r\u0105 mo\u017cna wype\u0142ni\u0107, aby ustabilizowa\u0107 je w wietrznych warunkach Wsp\u00f3\u0142pracuje z: wszystkimi miotaczami piankowymi, laserowymi, miotaczami strza\u0142owymi i wodnymi. (Nerf, X-shot, Laser X i BOOM Co) Rozgrywka na wy\u017cszym poziomie: zbuduj fort lub baz\u0119, schowaj si\u0119 i wejd\u017a do gry! Wsta\u0144 i graj: aktywna, przyjemna gra dla Ciebie i Twoich znajomych. Rozmiar po nadmuchaniu w cm: 1 x skrzynia \u0142adunk\u00f3w lotniczych: rozmiar: 70 wys. \/ 63 d\u0142ug. \/ 55 szer. 1 x skrzynia na amunicj\u0119: rozmiar: 70 wys. \/ 63 d\u0142ug. \/ 55 szeroka, 1 beczka na odpady: rozmiar: 85 wys. \/ 48 d\u0142ug. \/ 48 szer. Pacho\u0142ek drogowy: rozmiar: 65 wys. \/ 40 d\u0142ug. \/ 40 d\u0142ugo\u015bci NAZWA BUNKR BATTLEZONES ZAS\u0141ONA URBAN WASTE BARREL PRODUCENT TACTIC WIEK 8+ EAN 0773392532717 Znajd\u017a podobne wed\u0142ug klucza: TACTIC (410641)<\/p>\n<h2>Bunkr Battlezones Zas\u0142ona Urban Waste Barrel Tactic<\/h2>\n<p>zagadki logiczne matematyczne dla dzieci, zagadki logiczne \u015bmieszne, bajki o ksi\u0119\u017cniczkach do czytania, lego ninjago kolorowanki, filmy wigilijne dla dzieci, wzory dyplom\u00f3w do pobrania, cytaty z ma\u0142ego ksi\u0119cia, mini zoo mazowieckie, prezent na 1 urodziny dla ch\u0142opca, znaki drogowe quizy<\/p>\n<p>yyyyy<\/p>\n<p>&nbsp;<\/p>\n","protected":false},"excerpt":{"rendered":"<p>Przekszta\u0142\u0107 swoje otoczenie w prawdziwe nadmuchiwane pole bitwy. (Piwnica, podw\u00f3rko, park, kampus, imprezy) \u0141atwa konfiguracja: \u0142atwe do przechowywania dzi\u0119ki przewymiarowanym zaworom do szybkiego nape\u0142niania \/ opr\u00f3\u017cniania. Bunkry maj\u0105 r\u00f3wnie\u017c zintegrowan\u0105 podstaw\u0119 wodn\u0105, kt\u00f3r\u0105 mo\u017cna wype\u0142ni\u0107, aby ustabilizowa\u0107 je w wietrznych warunkach Wsp\u00f3\u0142pracuje z: wszystkimi miotaczami piankowymi, laserowymi, miotaczami strza\u0142owymi i wodnymi. (Nerf, X-shot, Laser X [&hellip;]<\/p>\n","protected":false},"featured_media":11082,"comment_status":"closed","ping_status":"open","template":"","meta":[],"product_cat":[72,243],"product_tag":[610,748,778,581,791],"class_list":["post-11081","product","type-product","status-publish","has-post-thumbnail","hentry","product_cat-mali-naukowcy","product_cat-tactic","product_tag-co-na-prezent-dla-nastolatkow","product_tag-okolice-wroclawia-atrakcje","product_tag-zabawki-na-roczek-dla-chlopca","product_tag-zagadki-dla-8-latka","product_tag-zagadki-na-myslenie"],"_links":{"self":[{"href":"http:\/\/klubmamgdynia.pl\/index.php\/wp-json\/wp\/v2\/product\/11081","targetHints":{"allow":["GET"]}}],"collection":[{"href":"http:\/\/klubmamgdynia.pl\/index.php\/wp-json\/wp\/v2\/product"}],"about":[{"href":"http:\/\/klubmamgdynia.pl\/index.php\/wp-json\/wp\/v2\/types\/product"}],"replies":[{"embeddable":true,"href":"http:\/\/klubmamgdynia.pl\/index.php\/wp-json\/wp\/v2\/comments?post=11081"}],"wp:featuredmedia":[{"embeddable":true,"href":"http:\/\/klubmamgdynia.pl\/index.php\/wp-json\/wp\/v2\/media\/11082"}],"wp:attachment":[{"href":"http:\/\/klubmamgdynia.pl\/index.php\/wp-json\/wp\/v2\/media?parent=11081"}],"wp:term":[{"taxonomy":"product_cat","embeddable":true,"href":"http:\/\/klubmamgdynia.pl\/index.php\/wp-json\/wp\/v2\/product_cat?post=11081"},{"taxonomy":"product_tag","embeddable":true,"href":"http:\/\/klubmamgdynia.pl\/index.php\/wp-json\/wp\/v2\/product_tag?post=11081"}],"curies":[{"name":"wp","href":"https:\/\/api.w.org\/{rel}","templated":true}]}}