{"id":11083,"date":"2016-01-05T14:33:16","date_gmt":"2016-01-05T13:33:16","guid":{"rendered":"http:\/\/klubmamgdynia.pl\/index.php\/produkt\/ses-nl-ucze-sie-ozdabiac-za-pomoca-sznurka\/"},"modified":"2026-05-17T22:13:05","modified_gmt":"2026-05-17T20:13:05","slug":"ses-nl-ucze-sie-ozdabiac-za-pomoca-sznurka","status":"publish","type":"product","link":"http:\/\/klubmamgdynia.pl\/index.php\/produkt\/ses-nl-ucze-sie-ozdabiac-za-pomoca-sznurka\/","title":{"rendered":"Ses Nl Ucz\u0119 Si\u0119 Ozdabia\u0107 Za Pomoc\u0105 Sznurka"},"content":{"rendered":"<p>Naucz si\u0119 wire art w prosty spos\u00f3b. U\u017cyj pi\u00f3ra do nak\u0142uwania i filcowej maty, aby zrobi\u0107 dziurki w kartach, a tak\u017ce wyka\u017c si\u0119 kreatywno\u015bci\u0105, u\u017cywaj\u0105c bezpiecznej ig\u0142y i r\u00f3\u017cnokolorowej w\u0142\u00f3czki. W przypadku wire art to Ty decydujesz, gdzie ma trafi\u0107 F aden , wi\u0119c nie mo\u017cesz si\u0119 pomyli\u0107! Zestaw zawiera cztery weso\u0142e karty do ozdabiania. Szczeg\u00f3\u0142y produktu: Zawarto\u015b\u0107: 4 zadrukowane karty, d\u0142ugopis do grawerowania, filcowa mata, r\u00f3\u017cnokolorowa w\u0142\u00f3czka, plastikowa ig\u0142a, instrukcja. wymiary: (d\u0142ugo\u015b\u0107 x szeroko\u015b\u0107 x wysoko\u015b\u0107) 20 x 20 x 4 cm Wiek: od 3 lat Uwaga Nieodpowiednie dla dzieci w wieku poni\u017cej trzech lat. Zawiera ma\u0142e cz\u0119\u015bci, kt\u00f3re mog\u0105 zosta\u0107 po\u0142kni\u0119te. Niebezpiecze\u0144stwo zad\u0142awienia! I niebezpiecze\u0144stwo uduszenia z powodu d\u0142ugich sznur\u00f3w!<\/p>\n<h2>Ses Nl Ucz\u0119 Si\u0119 Ozdabia\u0107 Za Pomoc\u0105 Sznurka Ses Creative<\/h2>\n<p>m\u0105dre bajki dla dzieci do czytania, ale kino program, rado\u015b\u0107 dziecka cytaty, kontynenty dla dzieci do druku, imie lilianna, kolorowanki antystresowe do druku, spiderman do druku, gry z pi\u0142k\u0105<\/p>\n<p>yyyyy<\/p>\n<p>&nbsp;<\/p>\n","protected":false},"excerpt":{"rendered":"<p>Naucz si\u0119 wire art w prosty spos\u00f3b. U\u017cyj pi\u00f3ra do nak\u0142uwania i filcowej maty, aby zrobi\u0107 dziurki w kartach, a tak\u017ce wyka\u017c si\u0119 kreatywno\u015bci\u0105, u\u017cywaj\u0105c bezpiecznej ig\u0142y i r\u00f3\u017cnokolorowej w\u0142\u00f3czki. W przypadku wire art to Ty decydujesz, gdzie ma trafi\u0107 F aden , wi\u0119c nie mo\u017cesz si\u0119 pomyli\u0107! Zestaw zawiera cztery weso\u0142e karty do ozdabiania. [&hellip;]<\/p>\n","protected":false},"featured_media":11084,"comment_status":"closed","ping_status":"open","template":"","meta":[],"product_cat":[1072,21],"product_tag":[825,686,846,588,710,634],"class_list":["post-11083","product","type-product","status-publish","has-post-thumbnail","hentry","product_cat-ses-creative","product_cat-zabawki-plastyczne","product_tag-bajka-na-dobranoc-do-czytania","product_tag-co-na-roczek-dla-chlopca","product_tag-rysowanki","product_tag-wzruszajace-slowa-dla-przyjaciela","product_tag-zagadki-dla-dzieci-10-12-lat","product_tag-zagadki-wielkanocne-dla-dzieci"],"_links":{"self":[{"href":"http:\/\/klubmamgdynia.pl\/index.php\/wp-json\/wp\/v2\/product\/11083","targetHints":{"allow":["GET"]}}],"collection":[{"href":"http:\/\/klubmamgdynia.pl\/index.php\/wp-json\/wp\/v2\/product"}],"about":[{"href":"http:\/\/klubmamgdynia.pl\/index.php\/wp-json\/wp\/v2\/types\/product"}],"replies":[{"embeddable":true,"href":"http:\/\/klubmamgdynia.pl\/index.php\/wp-json\/wp\/v2\/comments?post=11083"}],"wp:featuredmedia":[{"embeddable":true,"href":"http:\/\/klubmamgdynia.pl\/index.php\/wp-json\/wp\/v2\/media\/11084"}],"wp:attachment":[{"href":"http:\/\/klubmamgdynia.pl\/index.php\/wp-json\/wp\/v2\/media?parent=11083"}],"wp:term":[{"taxonomy":"product_cat","embeddable":true,"href":"http:\/\/klubmamgdynia.pl\/index.php\/wp-json\/wp\/v2\/product_cat?post=11083"},{"taxonomy":"product_tag","embeddable":true,"href":"http:\/\/klubmamgdynia.pl\/index.php\/wp-json\/wp\/v2\/product_tag?post=11083"}],"curies":[{"name":"wp","href":"https:\/\/api.w.org\/{rel}","templated":true}]}}