{"id":11085,"date":"2025-02-05T06:32:04","date_gmt":"2025-02-05T05:32:04","guid":{"rendered":"http:\/\/klubmamgdynia.pl\/?post_type=product&#038;p=11085"},"modified":"2026-05-17T22:46:33","modified_gmt":"2026-05-17T20:46:33","slug":"ses-creative-ses-creativ-e-my-first-3-w-1-farby-do-malowania-palcami-kolorowania-i-klejenia-ksztaltow","status":"publish","type":"product","link":"http:\/\/klubmamgdynia.pl\/index.php\/produkt\/ses-creative-ses-creativ-e-my-first-3-w-1-farby-do-malowania-palcami-kolorowania-i-klejenia-ksztaltow\/","title":{"rendered":"Ses Creative Ses Creativ E My First 3 W 1 Farby Do Malowania Palcami Kolorowania I Klejenia Kszta\u0142t\u00f3w"},"content":{"rendered":"<p>Szczeg\u00f3\u0142y produktu: Wiek: od 12 miesi\u0119cy Zestaw 3 w 1 Oferuje mn\u00f3stwo kreatywnych zaj\u0119\u0107 dla maluch\u00f3w 8 grubych kredek w kolorze czerwonym, \u017c\u00f3\u0142tym, czarnym, fioletowym, zielonym, br\u0105zowym, niebieskim i Orange Farba do malowania palcami w kolorze \u017c\u00f3\u0142tym, czerwonym, niebieskim i fioletowym (po 50 ml) Wspiera koordynacj\u0119 r\u0119ka-oko, rozwija wyczucie kszta\u0142t\u00f3w i kolor\u00f3w oraz trenuje drobne umiej\u0119tno\u015bci motoryczne Made in Holland Wymiary i waga: Wymiary opakowania (d\u0142ugo\u015b\u0107 x szeroko\u015b\u0107 x wysoko\u015b\u0107): 30 x 20 x 4 cm Waga: 0,55 kg W zestawie: 4 karty do kolorowania 6 kart do malowania palcami 4 karty do przyklejenia Farba do malowania palcami (po 50 ml) 8 grubych kredek Klej do palc\u00f3w (50 ml) Naklejka<\/p>\n<h2>Ses Creative Ses Creativ E My First 3 W 1 Farby Do Malowania Palcami Kolorowania I Klejenia Kszta\u0142t\u00f3w Ses Creative<\/h2>\n<p>kolorowanki dla dziewczynek do druku, ada imie, podchwytliwe zagadki dla dzieci, olaf znaczenie imienia, pytania o \u015bwi\u0119ta dla dzieci, traktor z przyczep\u0105 kolorowanka, tymoteusz znaczenie imienia, \u0142atwe ale podchwytliwe zagadki, lego ninjago kolorowanka, u\u015bmiech dziecka wiersz, bajka do czytania na dobranoc, \u017carty na prima aprilis dla mamy, test miko\u0142ajek 25 pyta\u0144, prezenty dla 7 latka, wydarzenia dla dzieci warszawa, oryginalny prezent dla nastolatk\u00f3w, \u015bwi\u0105teczne filmy familijne, kolysanki tekst<\/p>\n<p>yyyyy<\/p>\n<p>&nbsp;<\/p>\n","protected":false},"excerpt":{"rendered":"<p>Szczeg\u00f3\u0142y produktu: Wiek: od 12 miesi\u0119cy Zestaw 3 w 1 Oferuje mn\u00f3stwo kreatywnych zaj\u0119\u0107 dla maluch\u00f3w 8 grubych kredek w kolorze czerwonym, \u017c\u00f3\u0142tym, czarnym, fioletowym, zielonym, br\u0105zowym, niebieskim i Orange Farba do malowania palcami w kolorze \u017c\u00f3\u0142tym, czerwonym, niebieskim i fioletowym (po 50 ml) Wspiera koordynacj\u0119 r\u0119ka-oko, rozwija wyczucie kszta\u0142t\u00f3w i kolor\u00f3w oraz trenuje drobne [&hellip;]<\/p>\n","protected":false},"featured_media":11086,"comment_status":"closed","ping_status":"open","template":"","meta":[],"product_cat":[537,1072],"product_tag":[836,590,599,710,724],"class_list":["post-11085","product","type-product","status-publish","has-post-thumbnail","hentry","product_cat-pozostale-zabawki-edukacyjne","product_cat-ses-creative","product_tag-co-kupic-dziecku-na-roczek","product_tag-plac-zabaw-warszawa","product_tag-prezent-dla-nastolatkow-2021","product_tag-zagadki-dla-dzieci-10-12-lat","product_tag-zagadki-podchwytliwe"],"_links":{"self":[{"href":"http:\/\/klubmamgdynia.pl\/index.php\/wp-json\/wp\/v2\/product\/11085","targetHints":{"allow":["GET"]}}],"collection":[{"href":"http:\/\/klubmamgdynia.pl\/index.php\/wp-json\/wp\/v2\/product"}],"about":[{"href":"http:\/\/klubmamgdynia.pl\/index.php\/wp-json\/wp\/v2\/types\/product"}],"replies":[{"embeddable":true,"href":"http:\/\/klubmamgdynia.pl\/index.php\/wp-json\/wp\/v2\/comments?post=11085"}],"wp:featuredmedia":[{"embeddable":true,"href":"http:\/\/klubmamgdynia.pl\/index.php\/wp-json\/wp\/v2\/media\/11086"}],"wp:attachment":[{"href":"http:\/\/klubmamgdynia.pl\/index.php\/wp-json\/wp\/v2\/media?parent=11085"}],"wp:term":[{"taxonomy":"product_cat","embeddable":true,"href":"http:\/\/klubmamgdynia.pl\/index.php\/wp-json\/wp\/v2\/product_cat?post=11085"},{"taxonomy":"product_tag","embeddable":true,"href":"http:\/\/klubmamgdynia.pl\/index.php\/wp-json\/wp\/v2\/product_tag?post=11085"}],"curies":[{"name":"wp","href":"https:\/\/api.w.org\/{rel}","templated":true}]}}