{"id":11089,"date":"2011-05-15T11:41:38","date_gmt":"2011-05-15T09:41:38","guid":{"rendered":"http:\/\/klubmamgdynia.pl\/index.php\/produkt\/clementoni-puzzle-24el-maxi-swinka-peppa-24028\/"},"modified":"2026-04-04T20:02:40","modified_gmt":"2026-04-04T18:02:40","slug":"clementoni-puzzle-24el-maxi-swinka-peppa-24028","status":"publish","type":"product","link":"http:\/\/klubmamgdynia.pl\/index.php\/produkt\/clementoni-puzzle-24el-maxi-swinka-peppa-24028\/","title":{"rendered":"Clementoni Puzzle 24El. Maxi \u015awinka Peppa 24028"},"content":{"rendered":"<p>Clementoni \u2013 Puzzle Supercolor Maxi 24 elementy \u2013 \u015awinka Peppa \u2013 24028 Puzzle przedstawiaj\u0105ce weso\u0142y dzie\u0144 z \u017cycia \u015awinki Peppy i jej rodziny, z pewno\u015bci\u0105 spodobaj\u0105 si\u0119 ka\u017cdemu mi\u0142o\u015bnikowi tej uroczej bajki. Tytu\u0142owa Peppa wraz z rodzicami i bratem postanowi\u0142a wybra\u0107 si\u0119 na \u0142ono natury i korzystaj\u0105c ze s\u0142onecznej pogody, urz\u0105dzi\u0142a piknik. Uk\u0142adanki z serii Supercolor charakteryzuj\u0105 si\u0119 wysok\u0105 jako\u015bci\u0105 nadruku oraz \u017cywymi barwami. Puzzle Maxi sk\u0142adaj\u0105ce si\u0119 z 24 element\u00f3w, przeznaczone s\u0105 dla dzieci, kt\u00f3re dopiero rozpoczynaj\u0105 swoj\u0105 przygod\u0119 z uk\u0142adankami. Ich du\u017ce elementy s\u0105 \u0142atwe do pochwycenia i podniesienia przez dzieci\u0119c\u0105 r\u0105czk\u0119. \u015awietnie wy\u0107wicz\u0105 koordynacj\u0119 d\u0142oni dziecka jak i jego spostrzegawczo\u015b\u0107. Obrazek po u\u0142o\u017ceniu osi\u0105gnie rozmiar 62 cm x 42 cm. Clementoni \u2013 Puzzle Supercolor Maxi 24 elementy \u2013 informacje dodatkowe: Producent: Clementoni Ilo\u015b\u0107 element\u00f3w: 24 Zalecany wiek malucha: 3+ Wymiary opakowania: 36,5 cm x 28 cm x 5,5 cm Wymiary obrazka po u\u0142o\u017ceniu: 62 cm x 42 cm<\/p>\n<h2>Clementoni Puzzle 24El. Maxi \u015awinka Peppa 24028 Clementoni<\/h2>\n<p>afryka\u0144skie imiona, ilona, lato lato lato czeka, gry i zabawy dla dzieci, bianka, kolorowanka uk\u0142ad s\u0142oneczny dla dzieci do druku, test dynastia mizio\u0142k\u00f3w, atrakcje do 30 km od wroc\u0142awia, kr\u00f3tkie \u017cyczenia wielkanocne dla dzieci, kolorowanka piesek, \u017c\u0105rty na prima aprilis, imi\u0119 dla dziewczynki 2019, bajka o sowie, aneta, imie kuba, kolorowanka sky, kolorowanki do druku dla doros\u0142ych, kolorowe listki, kolorowanki konie z je\u017ad\u017acem, lato, bajki do czytania psi patrol<\/p>\n<p>yyyyy<\/p>\n<p>&nbsp;<\/p>\n","protected":false},"excerpt":{"rendered":"<p>Clementoni \u2013 Puzzle Supercolor Maxi 24 elementy \u2013 \u015awinka Peppa \u2013 24028 Puzzle przedstawiaj\u0105ce weso\u0142y dzie\u0144 z \u017cycia \u015awinki Peppy i jej rodziny, z pewno\u015bci\u0105 spodobaj\u0105 si\u0119 ka\u017cdemu mi\u0142o\u015bnikowi tej uroczej bajki. Tytu\u0142owa Peppa wraz z rodzicami i bratem postanowi\u0142a wybra\u0107 si\u0119 na \u0142ono natury i korzystaj\u0105c ze s\u0142onecznej pogody, urz\u0105dzi\u0142a piknik. Uk\u0142adanki z serii [&hellip;]<\/p>\n","protected":false},"featured_media":11090,"comment_status":"closed","ping_status":"open","template":"","meta":[],"product_cat":[163,90],"product_tag":[851,617,870,798,736,693],"class_list":["post-11089","product","type-product","status-publish","has-post-thumbnail","hentry","product_cat-clementoni","product_cat-puzzle","product_tag-jak-narysowac-kota","product_tag-keyword","product_tag-prezent-dla-chlopca-na-roczek","product_tag-prezenty-dla-nastolatki","product_tag-zabawki-na-roczek","product_tag-zagadki-dla-doroslych"],"_links":{"self":[{"href":"http:\/\/klubmamgdynia.pl\/index.php\/wp-json\/wp\/v2\/product\/11089","targetHints":{"allow":["GET"]}}],"collection":[{"href":"http:\/\/klubmamgdynia.pl\/index.php\/wp-json\/wp\/v2\/product"}],"about":[{"href":"http:\/\/klubmamgdynia.pl\/index.php\/wp-json\/wp\/v2\/types\/product"}],"replies":[{"embeddable":true,"href":"http:\/\/klubmamgdynia.pl\/index.php\/wp-json\/wp\/v2\/comments?post=11089"}],"wp:featuredmedia":[{"embeddable":true,"href":"http:\/\/klubmamgdynia.pl\/index.php\/wp-json\/wp\/v2\/media\/11090"}],"wp:attachment":[{"href":"http:\/\/klubmamgdynia.pl\/index.php\/wp-json\/wp\/v2\/media?parent=11089"}],"wp:term":[{"taxonomy":"product_cat","embeddable":true,"href":"http:\/\/klubmamgdynia.pl\/index.php\/wp-json\/wp\/v2\/product_cat?post=11089"},{"taxonomy":"product_tag","embeddable":true,"href":"http:\/\/klubmamgdynia.pl\/index.php\/wp-json\/wp\/v2\/product_tag?post=11089"}],"curies":[{"name":"wp","href":"https:\/\/api.w.org\/{rel}","templated":true}]}}