{"id":11091,"date":"2017-12-28T06:48:31","date_gmt":"2017-12-28T05:48:31","guid":{"rendered":"http:\/\/klubmamgdynia.pl\/index.php\/produkt\/graine-creative-masa-do-tworzenia-gumek-6x25g-dinozaury\/"},"modified":"2026-04-04T13:13:02","modified_gmt":"2026-04-04T11:13:02","slug":"graine-creative-masa-do-tworzenia-gumek-6x25g-dinozaury","status":"publish","type":"product","link":"http:\/\/klubmamgdynia.pl\/index.php\/produkt\/graine-creative-masa-do-tworzenia-gumek-6x25g-dinozaury\/","title":{"rendered":"Graine Creative Masa Do Tworzenia Gumek 6X25G Dinozaury"},"content":{"rendered":"<p>Patagom &#8211; Masa do tworzenia gumek &#8211; Dinozaury 262412 Masa do tworzenia gumek Patagom to produkt uzupe\u0142niaj\u0105cy, kt\u00f3ry sprawdzi si\u0119 jako dodatkowy materia\u0142 do samodzielnego formowania rozmaitych kszta\u0142t\u00f3w, jakie po zapieczeniu w odpowiedniej temperaturze staj\u0105 si\u0119 prawdziwymi gumkami do \u015bcierania! Blister zawiera 6 kostek w kolorach pomara\u0144czowym, czerwonym, granatowym, b\u0142\u0119kitnym, ciemnozielonym i jasnozielonym \u2013 odcienie s\u0105 \u017cywe i wyraziste, a zmieszane razem utworz\u0105 zupe\u0142nie nowe barwy! Masa Patagom zyskuje dodatkowe w\u0142a\u015bciwo\u015bci, kiedy zostanie umieszczona w piekarniku na 15 minut w 120 stopniach \u2013 taka temperatura sprawia, \u017ce figurki twardniej\u0105 i staj\u0105 si\u0119 prawdziwymi gumkami do \u015bcierania. Kolorystyka zestawu \u015bwietnie sprawdzi si\u0119 do tworzenia finezyjnych figurek w kszta\u0142cie prehistorycznych dinozaur\u00f3w. Zestaw z mas\u0105 do tworzenia gumek \u2013 Dinozaury \u2013 przeznaczony jest dla dzieci powy\u017cej 8. roku \u017cycia. Masa do tworzenia gumek do mazania Patagon \u2013 informacje dodatkowe: Producent: DTM LOISIRS CREATIFS Seria: Pendo Numer katalogowy: 262412 Wiek dziecka: + 8 lat Wymiary opakowania: 20 cm x 13,5 cm x 3,5 cm<\/p>\n<h2>Graine Creative Masa Do Tworzenia Gumek 6X25G Dinozaury <\/h2>\n<p>zagadki liczbowe, eneduerabe, tekst ko\u0142ysanki, testy z lektury zemsta, atrakcje dla dzieci wroc\u0142aw i okolice, atrakcje dla nastolatk\u00f3w, kreatywne zabawy dla 10 latka, horror dla dzieci, trudne zagadki logiczne, atrakcje dla dzieci tr\u00f3jmiasto, nietypowe imiona \u017ce\u0144skie, kondrad imie, wzory dyplom\u00f3w dyplomy do druku, rymowanki o pisankach, kolorowanki do druku pieski, zagadki logiczne dla dzieci 10 lat do druku, iwo imie, nietypowe imiona damskie, gry i zabawy dla dzieci, mdk aleksandr\u00f3w \u0142\u00f3dzki<\/p>\n<p>yyyyy<\/p>\n<p>&nbsp;<\/p>\n","protected":false},"excerpt":{"rendered":"<p>Patagom &#8211; Masa do tworzenia gumek &#8211; Dinozaury 262412 Masa do tworzenia gumek Patagom to produkt uzupe\u0142niaj\u0105cy, kt\u00f3ry sprawdzi si\u0119 jako dodatkowy materia\u0142 do samodzielnego formowania rozmaitych kszta\u0142t\u00f3w, jakie po zapieczeniu w odpowiedniej temperaturze staj\u0105 si\u0119 prawdziwymi gumkami do \u015bcierania! Blister zawiera 6 kostek w kolorach pomara\u0144czowym, czerwonym, granatowym, b\u0142\u0119kitnym, ciemnozielonym i jasnozielonym \u2013 odcienie [&hellip;]<\/p>\n","protected":false},"featured_media":11092,"comment_status":"closed","ping_status":"open","template":"","meta":[],"product_cat":[21],"product_tag":[753,752,591,715],"class_list":["post-11091","product","type-product","status-publish","has-post-thumbnail","hentry","product_cat-zabawki-plastyczne","product_tag-kamila","product_tag-kuba-imie","product_tag-quiz-o-minecraft","product_tag-zosia-samosia"],"_links":{"self":[{"href":"http:\/\/klubmamgdynia.pl\/index.php\/wp-json\/wp\/v2\/product\/11091","targetHints":{"allow":["GET"]}}],"collection":[{"href":"http:\/\/klubmamgdynia.pl\/index.php\/wp-json\/wp\/v2\/product"}],"about":[{"href":"http:\/\/klubmamgdynia.pl\/index.php\/wp-json\/wp\/v2\/types\/product"}],"replies":[{"embeddable":true,"href":"http:\/\/klubmamgdynia.pl\/index.php\/wp-json\/wp\/v2\/comments?post=11091"}],"wp:featuredmedia":[{"embeddable":true,"href":"http:\/\/klubmamgdynia.pl\/index.php\/wp-json\/wp\/v2\/media\/11092"}],"wp:attachment":[{"href":"http:\/\/klubmamgdynia.pl\/index.php\/wp-json\/wp\/v2\/media?parent=11091"}],"wp:term":[{"taxonomy":"product_cat","embeddable":true,"href":"http:\/\/klubmamgdynia.pl\/index.php\/wp-json\/wp\/v2\/product_cat?post=11091"},{"taxonomy":"product_tag","embeddable":true,"href":"http:\/\/klubmamgdynia.pl\/index.php\/wp-json\/wp\/v2\/product_tag?post=11091"}],"curies":[{"name":"wp","href":"https:\/\/api.w.org\/{rel}","templated":true}]}}