{"id":11095,"date":"2021-11-01T06:21:34","date_gmt":"2021-11-01T05:21:34","guid":{"rendered":"http:\/\/klubmamgdynia.pl\/index.php\/produkt\/maped-nozyczki-advanced-gel-17cm\/"},"modified":"2026-04-30T14:28:15","modified_gmt":"2026-04-30T12:28:15","slug":"maped-nozyczki-advanced-gel-17cm","status":"publish","type":"product","link":"http:\/\/klubmamgdynia.pl\/index.php\/produkt\/maped-nozyczki-advanced-gel-17cm\/","title":{"rendered":"Maped No\u017cyczki Advanced Gel 17Cm"},"content":{"rendered":"<p>No\u017cyczki MAPED EADVANCED GEL 17cm<\/p>\n<h2>Maped No\u017cyczki Advanced Gel 17Cm Maped<\/h2>\n<p>trudne zagadki, oryginalny prezent na roczek dla dziewczynki, wz\u00f3r dyplomu do pobrania, kolorowanki lego ninjago, kolorowanki pikachu, bajki dla niemowlakow, ale kino program, kolorowanka pokemon, list do sw mikolaja<\/p>\n<p>yyyyy<\/p>\n<p>&nbsp;<\/p>\n","protected":false},"excerpt":{"rendered":"<p>No\u017cyczki MAPED EADVANCED GEL 17cm Maped No\u017cyczki Advanced Gel 17Cm Maped trudne zagadki, oryginalny prezent na roczek dla dziewczynki, wz\u00f3r dyplomu do pobrania, kolorowanki lego ninjago, kolorowanki pikachu, bajki dla niemowlakow, ale kino program, kolorowanka pokemon, list do sw mikolaja yyyyy &nbsp;<\/p>\n","protected":false},"featured_media":11096,"comment_status":"closed","ping_status":"open","template":"","meta":[],"product_cat":[1435,323],"product_tag":[821,824,714],"class_list":["post-11095","product","type-product","status-publish","has-post-thumbnail","hentry","product_cat-maped","product_cat-pozostale-akcesoria-biurowe","product_tag-marianna","product_tag-warszawa-atrakcje-dla-dzieci","product_tag-zagadki-logiczne"],"_links":{"self":[{"href":"http:\/\/klubmamgdynia.pl\/index.php\/wp-json\/wp\/v2\/product\/11095","targetHints":{"allow":["GET"]}}],"collection":[{"href":"http:\/\/klubmamgdynia.pl\/index.php\/wp-json\/wp\/v2\/product"}],"about":[{"href":"http:\/\/klubmamgdynia.pl\/index.php\/wp-json\/wp\/v2\/types\/product"}],"replies":[{"embeddable":true,"href":"http:\/\/klubmamgdynia.pl\/index.php\/wp-json\/wp\/v2\/comments?post=11095"}],"wp:featuredmedia":[{"embeddable":true,"href":"http:\/\/klubmamgdynia.pl\/index.php\/wp-json\/wp\/v2\/media\/11096"}],"wp:attachment":[{"href":"http:\/\/klubmamgdynia.pl\/index.php\/wp-json\/wp\/v2\/media?parent=11095"}],"wp:term":[{"taxonomy":"product_cat","embeddable":true,"href":"http:\/\/klubmamgdynia.pl\/index.php\/wp-json\/wp\/v2\/product_cat?post=11095"},{"taxonomy":"product_tag","embeddable":true,"href":"http:\/\/klubmamgdynia.pl\/index.php\/wp-json\/wp\/v2\/product_tag?post=11095"}],"curies":[{"name":"wp","href":"https:\/\/api.w.org\/{rel}","templated":true}]}}