{"id":11099,"date":"2017-02-26T21:48:11","date_gmt":"2017-02-26T20:48:11","guid":{"rendered":"http:\/\/klubmamgdynia.pl\/index.php\/produkt\/ateneum-kreatywne-kolorowanki-zwierzaki-male-i-duze\/"},"modified":"2026-04-30T03:29:55","modified_gmt":"2026-04-30T01:29:55","slug":"ateneum-kreatywne-kolorowanki-zwierzaki-male-i-duze","status":"publish","type":"product","link":"http:\/\/klubmamgdynia.pl\/index.php\/produkt\/ateneum-kreatywne-kolorowanki-zwierzaki-male-i-duze\/","title":{"rendered":"Ateneum Kreatywne kolorowanki Zwierzaki ma\u0142e i du\u017ce"},"content":{"rendered":"<p>To seria wspania\u0142ych zeszyt\u00f3w z naklejkami dla dzieci od 3 lat.Przyklejaj naklejki i koloruj wed\u0142ug wzoruRysuj po \u015bladzieISBN:  9788365276025EAN:  9788365276025Wydawnictwo:  AvantiRok wydania:  2016Ilo\u015b\u0107 stron:  32Oprawa:  mi\u0119kkaFormat:  14.5&#215;21.0cm<\/p>\n<h2>Ateneum Kreatywne kolorowanki Zwierzaki ma\u0142e i du\u017ce Ateneum<\/h2>\n<p>akademia pana kleksa &#8211; test z odpowiedziami do druku, kajko i kokosz szko\u0142a latania test z odpowiedziami, zagadki dla 6 latka, kolorowanka lol surprise, co dla dziecka na roczek, test lew czarownica i stara szafa, dynie pozna\u0144, quizy ma\u0142y ksi\u0105\u017c\u0119, test asiunia joanna papuzi\u0144ska, atrakcje we wroc\u0142awiu dla dzieci, cytaty korczak, kr\u00f3tkie zagadki dla dzieci, gdy strumyk p\u0142ynie z wolna, maski superbohater\u00f3w do wydrukowania, kolorowanka \u015bwi\u0105teczna do wydruku, kanapki dla dzieci, quizy dla dzieci o zwierz\u0119tach, prezent dla ch\u0142opca 7 lat, bajki dla niemowl\u0105t, kolorowanki do druku dla doros\u0142ych<\/p>\n<p>yyyyy<\/p>\n<p>&nbsp;<\/p>\n","protected":false},"excerpt":{"rendered":"<p>To seria wspania\u0142ych zeszyt\u00f3w z naklejkami dla dzieci od 3 lat.Przyklejaj naklejki i koloruj wed\u0142ug wzoruRysuj po \u015bladzieISBN: 9788365276025EAN: 9788365276025Wydawnictwo: AvantiRok wydania: 2016Ilo\u015b\u0107 stron: 32Oprawa: mi\u0119kkaFormat: 14.5&#215;21.0cm Ateneum Kreatywne kolorowanki Zwierzaki ma\u0142e i du\u017ce Ateneum akademia pana kleksa &#8211; test z odpowiedziami do druku, kajko i kokosz szko\u0142a latania test z odpowiedziami, zagadki dla 6 [&hellip;]<\/p>\n","protected":false},"featured_media":11100,"comment_status":"closed","ping_status":"open","template":"","meta":[],"product_cat":[1941,325],"product_tag":[748,587,805],"class_list":["post-11099","product","type-product","status-publish","has-post-thumbnail","hentry","product_cat-ateneum","product_cat-szkolne-artykuly-papiernicze","product_tag-okolice-wroclawia-atrakcje","product_tag-skalne-miasto","product_tag-znaczenie-imienia-alan"],"_links":{"self":[{"href":"http:\/\/klubmamgdynia.pl\/index.php\/wp-json\/wp\/v2\/product\/11099","targetHints":{"allow":["GET"]}}],"collection":[{"href":"http:\/\/klubmamgdynia.pl\/index.php\/wp-json\/wp\/v2\/product"}],"about":[{"href":"http:\/\/klubmamgdynia.pl\/index.php\/wp-json\/wp\/v2\/types\/product"}],"replies":[{"embeddable":true,"href":"http:\/\/klubmamgdynia.pl\/index.php\/wp-json\/wp\/v2\/comments?post=11099"}],"wp:featuredmedia":[{"embeddable":true,"href":"http:\/\/klubmamgdynia.pl\/index.php\/wp-json\/wp\/v2\/media\/11100"}],"wp:attachment":[{"href":"http:\/\/klubmamgdynia.pl\/index.php\/wp-json\/wp\/v2\/media?parent=11099"}],"wp:term":[{"taxonomy":"product_cat","embeddable":true,"href":"http:\/\/klubmamgdynia.pl\/index.php\/wp-json\/wp\/v2\/product_cat?post=11099"},{"taxonomy":"product_tag","embeddable":true,"href":"http:\/\/klubmamgdynia.pl\/index.php\/wp-json\/wp\/v2\/product_tag?post=11099"}],"curies":[{"name":"wp","href":"https:\/\/api.w.org\/{rel}","templated":true}]}}