{"id":1110,"date":"2024-03-31T00:24:54","date_gmt":"2024-03-30T23:24:54","guid":{"rendered":"http:\/\/klubmamgdynia.pl\/?post_type=product&#038;p=1110"},"modified":"2026-04-30T04:46:27","modified_gmt":"2026-04-30T02:46:27","slug":"leantoys-dinozaur-na-baterie-triceratops-zielony","status":"publish","type":"product","link":"http:\/\/klubmamgdynia.pl\/index.php\/produkt\/leantoys-dinozaur-na-baterie-triceratops-zielony\/","title":{"rendered":"Leantoys Dinozaur Na Baterie Triceratops Zielony"},"content":{"rendered":"<p>Dinozaur na Baterie Triceratops ZielonyZabawka jest doskona\u0142ym odwzorowaniem ogromnego Triceratopsa, \u017cyj\u0105cego oko\u0142o 125 \u2013 100 milion\u00f3w lat temu. Dinozaur posiada \u015bwiec\u0105ce elementy, kt\u00f3re \u015bwiec\u0105 podczas chodzenia. Wykonany jest w kolorze naturalnym zbli\u017conym do autentycznego umaszczenia wielkich gad\u00f3w. Dodatkow\u0105 zalet\u0105 s\u0105 odg\u0142osy zwierz\u0119cia.Po w\u0142o\u017ceniu baterii i w\u0142\u0105czeniu przycisku na szyi, dinozaur zaczyna chodzi\u0107, ryczy i \u015bwieci. Dodatkowo porusza szyj\u0105 oraz ogonem.Wymiary dinozaura:16 cm x 10 cmWymiary pude\u0142ka:30 cm x 16 cm x 11 cmDinozaur zasilany jest trzema bateriami &#8222;AAA&#8221; 1.5 V (brak w zestawie). Zabawka przeznaczona jest dla dzieci powy\u017cej 3. roku \u017cycia. Figurka posiada certyfikat CE i jest zgodna z norm\u0105 EN 71. Zapakowana jest w kartonik z przezroczyst\u0105 witrynk\u0105, dzi\u0119ki czemu nadaje si\u0119 idealnie na prezent.EAN: 1818812673782Kod Producenta: 7189<\/p>\n<h2>Leantoys Dinozaur Na Baterie Triceratops Zielony Lean Toys<\/h2>\n<p>zabawy dla 7 latki, zagadki dla 8 latka, dobrej nocy, \u015bmieszne zagadki logiczne, maska dinozaura, \u0142amig\u0142\u00f3wki logiczne dla dzieci, mapa europy do druku, test miko\u0142ajek, quizy dla dzieci o zwierz\u0119tach, podchwytliwe zagadki i odpowiedzi, testy z lektury opowie\u015bci z narnii lew czarownica i stara szafa, okolice wroc\u0142awia atrakcje, my little pony kolorowanka, lew czarownica i stara szafa test, kotki do druku, co kupi\u0107 na roczek dla dziewczynki<\/p>\n<p>yyyyy<\/p>\n<p>&nbsp;<\/p>\n","protected":false},"excerpt":{"rendered":"<p>Dinozaur na Baterie Triceratops ZielonyZabawka jest doskona\u0142ym odwzorowaniem ogromnego Triceratopsa, \u017cyj\u0105cego oko\u0142o 125 \u2013 100 milion\u00f3w lat temu. Dinozaur posiada \u015bwiec\u0105ce elementy, kt\u00f3re \u015bwiec\u0105 podczas chodzenia. Wykonany jest w kolorze naturalnym zbli\u017conym do autentycznego umaszczenia wielkich gad\u00f3w. Dodatkow\u0105 zalet\u0105 s\u0105 odg\u0142osy zwierz\u0119cia.Po w\u0142o\u017ceniu baterii i w\u0142\u0105czeniu przycisku na szyi, dinozaur zaczyna chodzi\u0107, ryczy i \u015bwieci. [&hellip;]<\/p>\n","protected":false},"featured_media":1111,"comment_status":"closed","ping_status":"open","template":"","meta":[],"product_cat":[95,73],"product_tag":[750,643,794],"class_list":["post-1110","product","type-product","status-publish","has-post-thumbnail","hentry","product_cat-figurki-makiety-i-zestawy","product_cat-lean-toys","product_tag-imie-kostek","product_tag-prezent-dla-17-latki","product_tag-test-opowiesci-z-narnii-lew-czarownica-i-stara-szafa-do-druku"],"_links":{"self":[{"href":"http:\/\/klubmamgdynia.pl\/index.php\/wp-json\/wp\/v2\/product\/1110","targetHints":{"allow":["GET"]}}],"collection":[{"href":"http:\/\/klubmamgdynia.pl\/index.php\/wp-json\/wp\/v2\/product"}],"about":[{"href":"http:\/\/klubmamgdynia.pl\/index.php\/wp-json\/wp\/v2\/types\/product"}],"replies":[{"embeddable":true,"href":"http:\/\/klubmamgdynia.pl\/index.php\/wp-json\/wp\/v2\/comments?post=1110"}],"wp:featuredmedia":[{"embeddable":true,"href":"http:\/\/klubmamgdynia.pl\/index.php\/wp-json\/wp\/v2\/media\/1111"}],"wp:attachment":[{"href":"http:\/\/klubmamgdynia.pl\/index.php\/wp-json\/wp\/v2\/media?parent=1110"}],"wp:term":[{"taxonomy":"product_cat","embeddable":true,"href":"http:\/\/klubmamgdynia.pl\/index.php\/wp-json\/wp\/v2\/product_cat?post=1110"},{"taxonomy":"product_tag","embeddable":true,"href":"http:\/\/klubmamgdynia.pl\/index.php\/wp-json\/wp\/v2\/product_tag?post=1110"}],"curies":[{"name":"wp","href":"https:\/\/api.w.org\/{rel}","templated":true}]}}