{"id":11101,"date":"2019-09-21T07:45:59","date_gmt":"2019-09-21T05:45:59","guid":{"rendered":"http:\/\/klubmamgdynia.pl\/index.php\/produkt\/avery-zweckform-naklejki-czarne-litery-155mm\/"},"modified":"2026-04-23T09:59:22","modified_gmt":"2026-04-23T07:59:22","slug":"avery-zweckform-naklejki-czarne-litery-155mm","status":"publish","type":"product","link":"http:\/\/klubmamgdynia.pl\/index.php\/produkt\/avery-zweckform-naklejki-czarne-litery-155mm\/","title":{"rendered":"Avery Zweckform Naklejki czarne litery 15,5mm"},"content":{"rendered":"<p>Linia produkt\u00f3w \u2018Dla domu\u2019 oferuje praktyczne i dekoracyjne rozwi\u0105zania, kt\u00f3re pomog\u0105 w organizacji kuchni, szafy, czy pomieszczenia gospodarczego. Mo\u017cna dzi\u0119ki nim r\u00f3wnie\u017c oznaczy\u0107 przyprawy, mro\u017conki a tak\u017ce przetwory, co pomo\u017ce Ci dobrze zorganizowa\u0107 spi\u017carni\u0119. Wykorzystaj gotowe wzory do oznaczania zawarto\u015bci np. pude\u0142 do przechowywania albo stw\u00f3rz w\u0142asne napisy, dzi\u0119ki szerokiej ofercie liter i cyfr.<\/p>\n<h2>Avery Zweckform Naklejki czarne litery 15,5mm Ateneum<\/h2>\n<p>zabawka na roczek dla dziewczynki, stolice europy quiz, teksty o rodzinie, kolorowanka minionki, harry potter kolorowanka, prezent dla jedenastolatki, prank na prima aprilis, test wiedzy z lektury przygody tomka sawyera z odpowiedziami, bajki do czytania na dobranoc, kolorowanka harry potter, basen dla dzieci warszawa<\/p>\n<p>yyyyy<\/p>\n<p>&nbsp;<\/p>\n","protected":false},"excerpt":{"rendered":"<p>Linia produkt\u00f3w \u2018Dla domu\u2019 oferuje praktyczne i dekoracyjne rozwi\u0105zania, kt\u00f3re pomog\u0105 w organizacji kuchni, szafy, czy pomieszczenia gospodarczego. Mo\u017cna dzi\u0119ki nim r\u00f3wnie\u017c oznaczy\u0107 przyprawy, mro\u017conki a tak\u017ce przetwory, co pomo\u017ce Ci dobrze zorganizowa\u0107 spi\u017carni\u0119. Wykorzystaj gotowe wzory do oznaczania zawarto\u015bci np. pude\u0142 do przechowywania albo stw\u00f3rz w\u0142asne napisy, dzi\u0119ki szerokiej ofercie liter i cyfr. Avery [&hellip;]<\/p>\n","protected":false},"featured_media":11102,"comment_status":"closed","ping_status":"open","template":"","meta":[],"product_cat":[1941,325],"product_tag":[837,836,854,678,767],"class_list":["post-11101","product","type-product","status-publish","has-post-thumbnail","hentry","product_cat-ateneum","product_cat-szkolne-artykuly-papiernicze","product_tag-cicha-noc-po-angielsku","product_tag-co-kupic-dziecku-na-roczek","product_tag-cytaty-rodzina","product_tag-prezent-na-roczek-dla-dziewczynki","product_tag-zaproszenia-urodzinowe-do-druku"],"_links":{"self":[{"href":"http:\/\/klubmamgdynia.pl\/index.php\/wp-json\/wp\/v2\/product\/11101","targetHints":{"allow":["GET"]}}],"collection":[{"href":"http:\/\/klubmamgdynia.pl\/index.php\/wp-json\/wp\/v2\/product"}],"about":[{"href":"http:\/\/klubmamgdynia.pl\/index.php\/wp-json\/wp\/v2\/types\/product"}],"replies":[{"embeddable":true,"href":"http:\/\/klubmamgdynia.pl\/index.php\/wp-json\/wp\/v2\/comments?post=11101"}],"wp:featuredmedia":[{"embeddable":true,"href":"http:\/\/klubmamgdynia.pl\/index.php\/wp-json\/wp\/v2\/media\/11102"}],"wp:attachment":[{"href":"http:\/\/klubmamgdynia.pl\/index.php\/wp-json\/wp\/v2\/media?parent=11101"}],"wp:term":[{"taxonomy":"product_cat","embeddable":true,"href":"http:\/\/klubmamgdynia.pl\/index.php\/wp-json\/wp\/v2\/product_cat?post=11101"},{"taxonomy":"product_tag","embeddable":true,"href":"http:\/\/klubmamgdynia.pl\/index.php\/wp-json\/wp\/v2\/product_tag?post=11101"}],"curies":[{"name":"wp","href":"https:\/\/api.w.org\/{rel}","templated":true}]}}