{"id":11107,"date":"2013-04-12T12:29:08","date_gmt":"2013-04-12T10:29:08","guid":{"rendered":"http:\/\/klubmamgdynia.pl\/index.php\/produkt\/graine-creative-masa-do-tworzenia-gumek-6x25g-potwory\/"},"modified":"2026-04-07T10:52:51","modified_gmt":"2026-04-07T08:52:51","slug":"graine-creative-masa-do-tworzenia-gumek-6x25g-potwory","status":"publish","type":"product","link":"http:\/\/klubmamgdynia.pl\/index.php\/produkt\/graine-creative-masa-do-tworzenia-gumek-6x25g-potwory\/","title":{"rendered":"Graine Creative Masa Do Tworzenia Gumek 6X25G Potwory"},"content":{"rendered":"<p>Wysokiej jako\u015bci masa do wykonania w\u0142asnych gumek do \u015bcierania Patagom. Dla dzieci od 8-go roku \u017cycia.Mo\u017cna ulepi\u0107 z niej dowolne kszta\u0142ty, zwierz\u0105tka, ludziki, mo\u017cna skorzysta\u0107 z foremki silikonowej lub plastikowej. Opakowanie zawiera 6 kolor\u00f3w, kt\u00f3re w dowolny spos\u00f3b mieszamy i tworzymy w\u0142asne odcienie. Po ulepieniu wk\u0142adamy dzie\u0142o do piekarnika rozgrzanego do 120 \u00b0C i pieczemy przez 15 min.Nieodpowiednie dla dzieci w wieku poni\u017cej 8 lat. Wypieka\u0107 pod nadzorem osoby doros\u0142ej.Masa 6&#215;25 g.<\/p>\n<h2>Graine Creative Masa Do Tworzenia Gumek 6X25G Potwory Graine Creative<\/h2>\n<p>kolorowanka lody, co na prezent dla 7 latki, literki, lew czarownica i stara szafa test, alan imie<\/p>\n<p>yyyyy<\/p>\n<p>&nbsp;<\/p>\n","protected":false},"excerpt":{"rendered":"<p>Wysokiej jako\u015bci masa do wykonania w\u0142asnych gumek do \u015bcierania Patagom. Dla dzieci od 8-go roku \u017cycia.Mo\u017cna ulepi\u0107 z niej dowolne kszta\u0142ty, zwierz\u0105tka, ludziki, mo\u017cna skorzysta\u0107 z foremki silikonowej lub plastikowej. Opakowanie zawiera 6 kolor\u00f3w, kt\u00f3re w dowolny spos\u00f3b mieszamy i tworzymy w\u0142asne odcienie. Po ulepieniu wk\u0142adamy dzie\u0142o do piekarnika rozgrzanego do 120 \u00b0C i pieczemy [&hellip;]<\/p>\n","protected":false},"featured_media":11108,"comment_status":"closed","ping_status":"open","template":"","meta":[],"product_cat":[1938,21],"product_tag":[871,586,822,872,608],"class_list":["post-11107","product","type-product","status-publish","has-post-thumbnail","hentry","product_cat-graine-creative","product_cat-zabawki-plastyczne","product_tag-bajka-o-smoku-wawelskim","product_tag-smieszne-zagadki","product_tag-wierszyki-o-wakacjach-krotkie","product_tag-zagadki-dla-dzieci-6-lat","product_tag-zagadki-i-odpowiedzi"],"_links":{"self":[{"href":"http:\/\/klubmamgdynia.pl\/index.php\/wp-json\/wp\/v2\/product\/11107","targetHints":{"allow":["GET"]}}],"collection":[{"href":"http:\/\/klubmamgdynia.pl\/index.php\/wp-json\/wp\/v2\/product"}],"about":[{"href":"http:\/\/klubmamgdynia.pl\/index.php\/wp-json\/wp\/v2\/types\/product"}],"replies":[{"embeddable":true,"href":"http:\/\/klubmamgdynia.pl\/index.php\/wp-json\/wp\/v2\/comments?post=11107"}],"wp:featuredmedia":[{"embeddable":true,"href":"http:\/\/klubmamgdynia.pl\/index.php\/wp-json\/wp\/v2\/media\/11108"}],"wp:attachment":[{"href":"http:\/\/klubmamgdynia.pl\/index.php\/wp-json\/wp\/v2\/media?parent=11107"}],"wp:term":[{"taxonomy":"product_cat","embeddable":true,"href":"http:\/\/klubmamgdynia.pl\/index.php\/wp-json\/wp\/v2\/product_cat?post=11107"},{"taxonomy":"product_tag","embeddable":true,"href":"http:\/\/klubmamgdynia.pl\/index.php\/wp-json\/wp\/v2\/product_tag?post=11107"}],"curies":[{"name":"wp","href":"https:\/\/api.w.org\/{rel}","templated":true}]}}