{"id":11109,"date":"2012-05-14T10:51:37","date_gmt":"2012-05-14T08:51:37","guid":{"rendered":"http:\/\/klubmamgdynia.pl\/index.php\/produkt\/naklejki-na-szybe-farma\/"},"modified":"2026-05-01T12:57:57","modified_gmt":"2026-05-01T10:57:57","slug":"naklejki-na-szybe-farma","status":"publish","type":"product","link":"http:\/\/klubmamgdynia.pl\/index.php\/produkt\/naklejki-na-szybe-farma\/","title":{"rendered":"Naklejki na szyb\u0119 &#8211; Farma"},"content":{"rendered":"<p>Autor:ISBN: 3+EAN: 8710341142711Wydawnictwo: SES NLWydanie: pude\u0142ko,Strony:Naklejki na szyb\u0119 &#8211; FarmaTaka zabawka sprawi, \u017ce:dziecko nie b\u0119dzie si\u0119 nudzi\u0142o w czasie podr\u00f3\u017cy samochodem,b\u0119dzie s\u0142u\u017cy\u0107 przez d\u0142ugi czas, gdy\u017c naklejki s\u0105 wielokrotnego u\u017cytku, co spr<\/p>\n<h2>Naklejki na szyb\u0119 &#8211; Farma Ses Creative<\/h2>\n<p>kolorowanki antystresowe, zgadywanki, kolorowanka piesek, sentencje na dzie\u0144 nauczyciela, alfabet kolorowanki, gabriel imi\u0119, zabawa dla 7 latka, kolorowanka lol, quizy dla dzieci 7 lat, asiunia test<\/p>\n<p>yyyyy<\/p>\n<p>&nbsp;<\/p>\n","protected":false},"excerpt":{"rendered":"<p>Autor:ISBN: 3+EAN: 8710341142711Wydawnictwo: SES NLWydanie: pude\u0142ko,Strony:Naklejki na szyb\u0119 &#8211; FarmaTaka zabawka sprawi, \u017ce:dziecko nie b\u0119dzie si\u0119 nudzi\u0142o w czasie podr\u00f3\u017cy samochodem,b\u0119dzie s\u0142u\u017cy\u0107 przez d\u0142ugi czas, gdy\u017c naklejki s\u0105 wielokrotnego u\u017cytku, co spr Naklejki na szyb\u0119 &#8211; Farma Ses Creative kolorowanki antystresowe, zgadywanki, kolorowanka piesek, sentencje na dzie\u0144 nauczyciela, alfabet kolorowanki, gabriel imi\u0119, zabawa dla 7 [&hellip;]<\/p>\n","protected":false},"featured_media":11110,"comment_status":"closed","ping_status":"open","template":"","meta":[],"product_cat":[1072,325],"product_tag":[833,802,617,629,796],"class_list":["post-11109","product","type-product","status-publish","has-post-thumbnail","hentry","product_cat-ses-creative","product_cat-szkolne-artykuly-papiernicze","product_tag-bajki-dla-dzieci-do-czytania","product_tag-co-kupic-dziewczynce-na-roczek","product_tag-keyword","product_tag-smieszne-zagadki-z-odpowiedziami","product_tag-zagatki"],"_links":{"self":[{"href":"http:\/\/klubmamgdynia.pl\/index.php\/wp-json\/wp\/v2\/product\/11109","targetHints":{"allow":["GET"]}}],"collection":[{"href":"http:\/\/klubmamgdynia.pl\/index.php\/wp-json\/wp\/v2\/product"}],"about":[{"href":"http:\/\/klubmamgdynia.pl\/index.php\/wp-json\/wp\/v2\/types\/product"}],"replies":[{"embeddable":true,"href":"http:\/\/klubmamgdynia.pl\/index.php\/wp-json\/wp\/v2\/comments?post=11109"}],"wp:featuredmedia":[{"embeddable":true,"href":"http:\/\/klubmamgdynia.pl\/index.php\/wp-json\/wp\/v2\/media\/11110"}],"wp:attachment":[{"href":"http:\/\/klubmamgdynia.pl\/index.php\/wp-json\/wp\/v2\/media?parent=11109"}],"wp:term":[{"taxonomy":"product_cat","embeddable":true,"href":"http:\/\/klubmamgdynia.pl\/index.php\/wp-json\/wp\/v2\/product_cat?post=11109"},{"taxonomy":"product_tag","embeddable":true,"href":"http:\/\/klubmamgdynia.pl\/index.php\/wp-json\/wp\/v2\/product_tag?post=11109"}],"curies":[{"name":"wp","href":"https:\/\/api.w.org\/{rel}","templated":true}]}}