{"id":11111,"date":"2024-02-27T18:24:21","date_gmt":"2024-02-27T17:24:21","guid":{"rendered":"http:\/\/klubmamgdynia.pl\/?post_type=product&#038;p=11111"},"modified":"2026-04-05T20:47:35","modified_gmt":"2026-04-05T18:47:35","slug":"alexander-magnetyczna-tablica-dobrego-zachowania","status":"publish","type":"product","link":"http:\/\/klubmamgdynia.pl\/index.php\/produkt\/alexander-magnetyczna-tablica-dobrego-zachowania\/","title":{"rendered":"Alexander Magnetyczna Tablica Dobrego Zachowania"},"content":{"rendered":"<p>Magnetyczna Tablica Dobrego ZachowaniaWyj\u0105tkowa pomoc wychowawcza. Tablica pozwala na notowanie zachowania dziecka w postaci punkt\u00f3w (magnetyczne znaczki z wizerunkiem u\u015bmiechni\u0119tej rybki) i ujemnych (magnetyczne znaczki z kotwic\u0105 na czerwonym tle). Odpowiednia ilo\u015b\u0107 zebranych punkt\u00f3w pozwala dziecku zdoby\u0107 ustalon\u0105 wcze\u015bniej nagrod\u0119. Oceniane kategorie: samodzielnie si\u0119 ubieram, jem posi\u0142ki bez marudzenia, samodzielnie myj\u0119 z\u0119by, ch\u0119tnie chodz\u0119, dobrze si\u0119 zachowuj\u0119, odk\u0142adam zabawki na miejsce oraz dwa puste miejsca na kategorie ustalone przez rodzic\u00f3w. Tablica pokryta jest magnetyczn\u0105 warstw\u0105 umo\u017cliwiaj\u0105c\u0105 jej przyczepienie do lod\u00f3wki lub innej metalowej powierzchni.<\/p>\n<h2>Alexander Magnetyczna Tablica Dobrego Zachowania Alexander<\/h2>\n<p>test z lektury dzieci z bullerbyn, bajka dla dzieci do czytania, eksperymenty dla dzieci wulkan, zaproszenia urodzinowe do wydruku chomikuj, mini zoo \u015bl\u0105sk, test miko\u0142ajek 25 pyta\u0144, jak zrobi\u0107 samolot z papieru, \u0142atwe zagadki, dzie\u0144 mamy sentencje<\/p>\n<p>yyyyy<\/p>\n<p>&nbsp;<\/p>\n","protected":false},"excerpt":{"rendered":"<p>Magnetyczna Tablica Dobrego ZachowaniaWyj\u0105tkowa pomoc wychowawcza. Tablica pozwala na notowanie zachowania dziecka w postaci punkt\u00f3w (magnetyczne znaczki z wizerunkiem u\u015bmiechni\u0119tej rybki) i ujemnych (magnetyczne znaczki z kotwic\u0105 na czerwonym tle). Odpowiednia ilo\u015b\u0107 zebranych punkt\u00f3w pozwala dziecku zdoby\u0107 ustalon\u0105 wcze\u015bniej nagrod\u0119. Oceniane kategorie: samodzielnie si\u0119 ubieram, jem posi\u0142ki bez marudzenia, samodzielnie myj\u0119 z\u0119by, ch\u0119tnie chodz\u0119, dobrze [&hellip;]<\/p>\n","protected":false},"featured_media":11112,"comment_status":"closed","ping_status":"open","template":"","meta":[],"product_cat":[246,297],"product_tag":[680,851,789,744,748,708],"class_list":["post-11111","product","type-product","status-publish","has-post-thumbnail","hentry","product_cat-alexander","product_cat-szkolne-artykuly-plastyczne","product_tag-cytaty-z-malego-ksiecia","product_tag-jak-narysowac-kota","product_tag-kaczuszka","product_tag-kolorowanki-swiateczne-do-wydruku","product_tag-okolice-wroclawia-atrakcje","product_tag-zabawy-ruchowe-dla-dzieci"],"_links":{"self":[{"href":"http:\/\/klubmamgdynia.pl\/index.php\/wp-json\/wp\/v2\/product\/11111","targetHints":{"allow":["GET"]}}],"collection":[{"href":"http:\/\/klubmamgdynia.pl\/index.php\/wp-json\/wp\/v2\/product"}],"about":[{"href":"http:\/\/klubmamgdynia.pl\/index.php\/wp-json\/wp\/v2\/types\/product"}],"replies":[{"embeddable":true,"href":"http:\/\/klubmamgdynia.pl\/index.php\/wp-json\/wp\/v2\/comments?post=11111"}],"wp:featuredmedia":[{"embeddable":true,"href":"http:\/\/klubmamgdynia.pl\/index.php\/wp-json\/wp\/v2\/media\/11112"}],"wp:attachment":[{"href":"http:\/\/klubmamgdynia.pl\/index.php\/wp-json\/wp\/v2\/media?parent=11111"}],"wp:term":[{"taxonomy":"product_cat","embeddable":true,"href":"http:\/\/klubmamgdynia.pl\/index.php\/wp-json\/wp\/v2\/product_cat?post=11111"},{"taxonomy":"product_tag","embeddable":true,"href":"http:\/\/klubmamgdynia.pl\/index.php\/wp-json\/wp\/v2\/product_tag?post=11111"}],"curies":[{"name":"wp","href":"https:\/\/api.w.org\/{rel}","templated":true}]}}