{"id":11113,"date":"2016-01-12T19:46:23","date_gmt":"2016-01-12T18:46:23","guid":{"rendered":"http:\/\/klubmamgdynia.pl\/index.php\/produkt\/pro-kids-masa-plastyczna-z-maszynka-do-makaronu\/"},"modified":"2026-04-04T01:33:13","modified_gmt":"2026-04-03T23:33:13","slug":"pro-kids-masa-plastyczna-z-maszynka-do-makaronu","status":"publish","type":"product","link":"http:\/\/klubmamgdynia.pl\/index.php\/produkt\/pro-kids-masa-plastyczna-z-maszynka-do-makaronu\/","title":{"rendered":"Pro Kids Masa Plastyczna Z Maszynk\u0105 Do Makaronu"},"content":{"rendered":"<p>Maszynka do makaronu z masy plastycznej dostarczy kreatywnej zabawy. Zestaw utrzymany jest w radosnych barwach, a 4 rodzaje sitek i 5 kolor\u00f3w masy pozwala stworzy\u0107 niesamowite plastyczne makarony. Do maszynki do\u0142\u0105czono r\u00f3wnie\u017c naczynia, sztu\u0107ce oraz piecz\u0105tki i foremki.W zestawie:- maszynka- 4 sitka- 4 foremki- 5 masa plastyczna- 2 kubeczki na lody- patelnia- talerzyki- sztu\u0107ceWiek 6+&#8230;<\/p>\n<h2>Pro Kids Masa Plastyczna Z Maszynk\u0105 Do Makaronu Pro Kids<\/h2>\n<p>znaki drogowe test, lol kolorowanki, co kupi\u0107 na roczek dla ch\u0142opca, kolorowanka spiderman, warszawa dla dzieci, bajki dla dzieci do czytania na dobranoc, quizy dla dzieci z bajek, prezent dla nastolatki, quiz opowie\u015bci z narnii lew czarownica i stara szafa, bajki dla dzieci za darmo<\/p>\n<p>yyyyy<\/p>\n<p>&nbsp;<\/p>\n","protected":false},"excerpt":{"rendered":"<p>Maszynka do makaronu z masy plastycznej dostarczy kreatywnej zabawy. Zestaw utrzymany jest w radosnych barwach, a 4 rodzaje sitek i 5 kolor\u00f3w masy pozwala stworzy\u0107 niesamowite plastyczne makarony. Do maszynki do\u0142\u0105czono r\u00f3wnie\u017c naczynia, sztu\u0107ce oraz piecz\u0105tki i foremki.W zestawie:- maszynka- 4 sitka- 4 foremki- 5 masa plastyczna- 2 kubeczki na lody- patelnia- talerzyki- sztu\u0107ceWiek 6+&#8230; [&hellip;]<\/p>\n","protected":false},"featured_media":11114,"comment_status":"closed","ping_status":"open","template":"","meta":[],"product_cat":[1229,21],"product_tag":[829,631,770,803],"class_list":["post-11113","product","type-product","status-publish","has-post-thumbnail","hentry","product_cat-pro-kids","product_cat-zabawki-plastyczne","product_tag-bajki-do-czytania-na-dobranoc","product_tag-prezent-na-roczek","product_tag-samolot-z-papieru","product_tag-szlaczki-do-druku"],"_links":{"self":[{"href":"http:\/\/klubmamgdynia.pl\/index.php\/wp-json\/wp\/v2\/product\/11113","targetHints":{"allow":["GET"]}}],"collection":[{"href":"http:\/\/klubmamgdynia.pl\/index.php\/wp-json\/wp\/v2\/product"}],"about":[{"href":"http:\/\/klubmamgdynia.pl\/index.php\/wp-json\/wp\/v2\/types\/product"}],"replies":[{"embeddable":true,"href":"http:\/\/klubmamgdynia.pl\/index.php\/wp-json\/wp\/v2\/comments?post=11113"}],"wp:featuredmedia":[{"embeddable":true,"href":"http:\/\/klubmamgdynia.pl\/index.php\/wp-json\/wp\/v2\/media\/11114"}],"wp:attachment":[{"href":"http:\/\/klubmamgdynia.pl\/index.php\/wp-json\/wp\/v2\/media?parent=11113"}],"wp:term":[{"taxonomy":"product_cat","embeddable":true,"href":"http:\/\/klubmamgdynia.pl\/index.php\/wp-json\/wp\/v2\/product_cat?post=11113"},{"taxonomy":"product_tag","embeddable":true,"href":"http:\/\/klubmamgdynia.pl\/index.php\/wp-json\/wp\/v2\/product_tag?post=11113"}],"curies":[{"name":"wp","href":"https:\/\/api.w.org\/{rel}","templated":true}]}}