{"id":11115,"date":"2025-05-28T10:27:31","date_gmt":"2025-05-28T08:27:31","guid":{"rendered":"http:\/\/klubmamgdynia.pl\/?post_type=product&#038;p=11115"},"modified":"2026-04-27T09:49:06","modified_gmt":"2026-04-27T07:49:06","slug":"plastelina-6-kol-venturio-830509","status":"publish","type":"product","link":"http:\/\/klubmamgdynia.pl\/index.php\/produkt\/plastelina-6-kol-venturio-830509\/","title":{"rendered":"Plastelina 6 Kol.Venturio\/830509\/"},"content":{"rendered":"<p>Plastelina Easy o intensywnych, \u017cywych kolorach. Plastelina to doskona\u0142a zabawa, przy kt\u00f3rej mog\u0105 ujawnia\u0107 si\u0119 talenty, umiej\u0119tno\u015bci najm\u0142odszych, dlatego nie powinno jej zabrakn\u0105\u0107 w szkole i przedszkolu. Plastelina w ofercie dost\u0119pna jest w komplecie 6, 10 lub 12 kolor\u00f3w.<\/p>\n<h2>Plastelina 6 Kol.Venturio\/830509\/ Easy<\/h2>\n<p>cytaty o dzieciach, ma\u0142y ksi\u0105\u017ce test, prezent na pierwsze urodziny, atrakcje wroc\u0142aw i okolice, zagadki o zwierzetach, zagadki dla dzieci logiczne, romantyczna bajka na dobranoc, malowane kamienie, znaczenie imienia lilia<\/p>\n<p>yyyyy<\/p>\n<p>&nbsp;<\/p>\n","protected":false},"excerpt":{"rendered":"<p>Plastelina Easy o intensywnych, \u017cywych kolorach. Plastelina to doskona\u0142a zabawa, przy kt\u00f3rej mog\u0105 ujawnia\u0107 si\u0119 talenty, umiej\u0119tno\u015bci najm\u0142odszych, dlatego nie powinno jej zabrakn\u0105\u0107 w szkole i przedszkolu. Plastelina w ofercie dost\u0119pna jest w komplecie 6, 10 lub 12 kolor\u00f3w. Plastelina 6 Kol.Venturio\/830509\/ Easy cytaty o dzieciach, ma\u0142y ksi\u0105\u017ce test, prezent na pierwsze urodziny, atrakcje wroc\u0142aw [&hellip;]<\/p>\n","protected":false},"featured_media":11116,"comment_status":"closed","ping_status":"open","template":"","meta":[],"product_cat":[1940,21],"product_tag":[670,688,816,641],"class_list":["post-11115","product","type-product","status-publish","has-post-thumbnail","hentry","product_cat-easy","product_cat-zabawki-plastyczne","product_tag-irma","product_tag-kolysanki-tekst","product_tag-place-zabaw-warszawa","product_tag-trudne-zagadki-logiczne"],"_links":{"self":[{"href":"http:\/\/klubmamgdynia.pl\/index.php\/wp-json\/wp\/v2\/product\/11115","targetHints":{"allow":["GET"]}}],"collection":[{"href":"http:\/\/klubmamgdynia.pl\/index.php\/wp-json\/wp\/v2\/product"}],"about":[{"href":"http:\/\/klubmamgdynia.pl\/index.php\/wp-json\/wp\/v2\/types\/product"}],"replies":[{"embeddable":true,"href":"http:\/\/klubmamgdynia.pl\/index.php\/wp-json\/wp\/v2\/comments?post=11115"}],"wp:featuredmedia":[{"embeddable":true,"href":"http:\/\/klubmamgdynia.pl\/index.php\/wp-json\/wp\/v2\/media\/11116"}],"wp:attachment":[{"href":"http:\/\/klubmamgdynia.pl\/index.php\/wp-json\/wp\/v2\/media?parent=11115"}],"wp:term":[{"taxonomy":"product_cat","embeddable":true,"href":"http:\/\/klubmamgdynia.pl\/index.php\/wp-json\/wp\/v2\/product_cat?post=11115"},{"taxonomy":"product_tag","embeddable":true,"href":"http:\/\/klubmamgdynia.pl\/index.php\/wp-json\/wp\/v2\/product_tag?post=11115"}],"curies":[{"name":"wp","href":"https:\/\/api.w.org\/{rel}","templated":true}]}}