{"id":11119,"date":"2016-05-25T04:38:25","date_gmt":"2016-05-25T02:38:25","guid":{"rendered":"http:\/\/klubmamgdynia.pl\/index.php\/produkt\/barbie-przygody-ksiezniczek-ksiaze-lalka-gml67\/"},"modified":"2026-05-17T22:46:19","modified_gmt":"2026-05-17T20:46:19","slug":"barbie-przygody-ksiezniczek-ksiaze-lalka-gml67","status":"publish","type":"product","link":"http:\/\/klubmamgdynia.pl\/index.php\/produkt\/barbie-przygody-ksiezniczek-ksiaze-lalka-gml67\/","title":{"rendered":"Barbie Przygody Ksiezniczek Ksiaze Lalka Gml67"},"content":{"rendered":"<p>Lalki zainspirowane filmem \u201eBarbie Princess Adventure Przygody Ksi\u0119\u017cniczek\u201d przenios\u0105 m\u0142ode marzycielki do odleg\u0142ej krainy, gdzie kr\u00f3luje wyobra\u017ania.                            <\/p>\n<p>A wszystkie przygody najlepiej prze\u017cywa\u0107 z dobrym przyjacielem, takim jak Ken!Lalka Barbie Princess Adventure Przygody Ksi\u0119\u017cniczek Ksi\u0105\u017c\u0119 Ken ma na sobie niebiesk\u0105 \u201esk\u00f3rzan\u0105\u201d kurtk\u0119 z naramiennikiem, orderami i srebrzystymi elementami. Nosi te\u017c modne bia\u0142e buty sportowe i d\u017cinsy, a ksi\u0105\u017c\u0119c\u0105 stylizacj\u0119 uzupe\u0142nia korona.                            <\/p>\n<p>Dzi\u0119ki lalkom zainspirowanym filmem \u201eBarbie Princess Adventure Przygody Ksi\u0119\u017cniczek\u201d dzieci mog\u0105 wyruszy\u0107 z Barbie i jej przyjaci\u00f3\u0142mi w niezwyk\u0142\u0105 podr\u00f3\u017c. Ma\u0142e marzycielki (w wieku od 3 do 7 lat) pokochaj\u0105 wymy\u015blanie niezwyk\u0142ych historyjek, bo kiedy dziewczynki bawi\u0105 si\u0119 z Barbie i jej przyjaci\u00f3\u0142mi, mog\u0105 by\u0107 kim chc\u0105!                            <\/p>\n<p>Dzieci mog\u0105 zebra\u0107 wi\u0119cej lalek i zabawek z linii Barbie Princess Adventure Przygody Ksi\u0119\u017cniczek, aby stworzy\u0107 w\u0142asne kr\u00f3lestwo pe\u0142ne przyg\u00f3d. Sprzedawane oddzielnie w zale\u017cno\u015bci od dost\u0119pno\u015bci. Lalka nie stoi samodzielnie. Kolory i elementy dekoracyjne mog\u0105 si\u0119 r\u00f3\u017cni\u0107.<\/p>\n<h2>Barbie Przygody Ksiezniczek Ksiaze Lalka Gml67 Barbie<\/h2>\n<p>skye psi patrol kolorowanka, zagadki dla dzieci 4-5 lat online, pomysly na prima aprilis, quiz dla dzieci, magiczne drzewo czerwone krzes\u0142o test, opis na dzie\u0144 mamy, kolorowanka wakacje, kryspinow, podchwytliwe zagadki dla dzieci, halloween dla dzieci warszawa 2021, zagadki na my\u015blenie, kolorowanki do druku dla doros\u0142ych<\/p>\n<p>yyyyy<\/p>\n<p>&nbsp;<\/p>\n","protected":false},"excerpt":{"rendered":"<p>Lalki zainspirowane filmem \u201eBarbie Princess Adventure Przygody Ksi\u0119\u017cniczek\u201d przenios\u0105 m\u0142ode marzycielki do odleg\u0142ej krainy, gdzie kr\u00f3luje wyobra\u017ania. A wszystkie przygody najlepiej prze\u017cywa\u0107 z dobrym przyjacielem, takim jak Ken!Lalka Barbie Princess Adventure Przygody Ksi\u0119\u017cniczek Ksi\u0105\u017c\u0119 Ken ma na sobie niebiesk\u0105 \u201esk\u00f3rzan\u0105\u201d kurtk\u0119 z naramiennikiem, orderami i srebrzystymi elementami. Nosi te\u017c modne bia\u0142e buty sportowe i d\u017cinsy, [&hellip;]<\/p>\n","protected":false},"featured_media":11120,"comment_status":"closed","ping_status":"open","template":"","meta":[],"product_cat":[173,65],"product_tag":[777,745,798,694],"class_list":["post-11119","product","type-product","status-publish","has-post-thumbnail","hentry","product_cat-barbie","product_cat-lalki","product_tag-co-na-roczek","product_tag-prezent-dla-15-latki","product_tag-prezenty-dla-nastolatki","product_tag-zagadki-swiateczne-dla-dzieci"],"_links":{"self":[{"href":"http:\/\/klubmamgdynia.pl\/index.php\/wp-json\/wp\/v2\/product\/11119","targetHints":{"allow":["GET"]}}],"collection":[{"href":"http:\/\/klubmamgdynia.pl\/index.php\/wp-json\/wp\/v2\/product"}],"about":[{"href":"http:\/\/klubmamgdynia.pl\/index.php\/wp-json\/wp\/v2\/types\/product"}],"replies":[{"embeddable":true,"href":"http:\/\/klubmamgdynia.pl\/index.php\/wp-json\/wp\/v2\/comments?post=11119"}],"wp:featuredmedia":[{"embeddable":true,"href":"http:\/\/klubmamgdynia.pl\/index.php\/wp-json\/wp\/v2\/media\/11120"}],"wp:attachment":[{"href":"http:\/\/klubmamgdynia.pl\/index.php\/wp-json\/wp\/v2\/media?parent=11119"}],"wp:term":[{"taxonomy":"product_cat","embeddable":true,"href":"http:\/\/klubmamgdynia.pl\/index.php\/wp-json\/wp\/v2\/product_cat?post=11119"},{"taxonomy":"product_tag","embeddable":true,"href":"http:\/\/klubmamgdynia.pl\/index.php\/wp-json\/wp\/v2\/product_tag?post=11119"}],"curies":[{"name":"wp","href":"https:\/\/api.w.org\/{rel}","templated":true}]}}