{"id":1112,"date":"2010-10-26T14:38:12","date_gmt":"2010-10-26T12:38:12","guid":{"rendered":"http:\/\/klubmamgdynia.pl\/index.php\/produkt\/smily-play-interaktywna-kostka-dwujezyczna-sp83666-an01\/"},"modified":"2026-04-30T20:20:21","modified_gmt":"2026-04-30T18:20:21","slug":"smily-play-interaktywna-kostka-dwujezyczna-sp83666-an01","status":"publish","type":"product","link":"http:\/\/klubmamgdynia.pl\/index.php\/produkt\/smily-play-interaktywna-kostka-dwujezyczna-sp83666-an01\/","title":{"rendered":"Smily Play Interaktywna Kostka Dwuj\u0119zyczna Sp83666 An01"},"content":{"rendered":"<p>Wspieraj rozw\u00f3j wszystkich zmys\u0142\u00f3w dziecka, wprowadzaj\u0105c do jego zabawy elementy nauki j\u0119zyka angielskiego, bo na to nigdy nie jest za wcze\u015bnie. U\u0142atwi Ci to Kostka Interaktywna Dwuj\u0119zyczna od Smily&#8230;<\/p>\n<h2>Smily Play Interaktywna Kostka Dwuj\u0119zyczna Sp83666 An01 Smily Play<\/h2>\n<p>kolorowanki do druku pokemon, poczytaj mi wiersz, test magiczne drzewo czerwone krzes\u0142o, ciekawostki o je\u017cach, estera, zemsta quizy, imiona dla ch\u0142opc\u00f3w, maski do druku kolorowe, zyczenia walentynkowe dla dzieci, krak\u00f3w atrakcje dla dzieci<\/p>\n<p>yyyyy<\/p>\n<p>&nbsp;<\/p>\n","protected":false},"excerpt":{"rendered":"<p>Wspieraj rozw\u00f3j wszystkich zmys\u0142\u00f3w dziecka, wprowadzaj\u0105c do jego zabawy elementy nauki j\u0119zyka angielskiego, bo na to nigdy nie jest za wcze\u015bnie. U\u0142atwi Ci to Kostka Interaktywna Dwuj\u0119zyczna od Smily&#8230; Smily Play Interaktywna Kostka Dwuj\u0119zyczna Sp83666 An01 Smily Play kolorowanki do druku pokemon, poczytaj mi wiersz, test magiczne drzewo czerwone krzes\u0142o, ciekawostki o je\u017cach, estera, zemsta [&hellip;]<\/p>\n","protected":false},"featured_media":1113,"comment_status":"closed","ping_status":"open","template":"","meta":[],"product_cat":[62,61],"product_tag":[837,867,807,846,736],"class_list":["post-1112","product","type-product","status-publish","has-post-thumbnail","hentry","product_cat-smily-play","product_cat-zabawki-edukacyjne-dla-niemowlat","product_tag-cicha-noc-po-angielsku","product_tag-kolorowanki-dla-dziewczynek","product_tag-logiczne-zagadki","product_tag-rysowanki","product_tag-zabawki-na-roczek"],"_links":{"self":[{"href":"http:\/\/klubmamgdynia.pl\/index.php\/wp-json\/wp\/v2\/product\/1112","targetHints":{"allow":["GET"]}}],"collection":[{"href":"http:\/\/klubmamgdynia.pl\/index.php\/wp-json\/wp\/v2\/product"}],"about":[{"href":"http:\/\/klubmamgdynia.pl\/index.php\/wp-json\/wp\/v2\/types\/product"}],"replies":[{"embeddable":true,"href":"http:\/\/klubmamgdynia.pl\/index.php\/wp-json\/wp\/v2\/comments?post=1112"}],"wp:featuredmedia":[{"embeddable":true,"href":"http:\/\/klubmamgdynia.pl\/index.php\/wp-json\/wp\/v2\/media\/1113"}],"wp:attachment":[{"href":"http:\/\/klubmamgdynia.pl\/index.php\/wp-json\/wp\/v2\/media?parent=1112"}],"wp:term":[{"taxonomy":"product_cat","embeddable":true,"href":"http:\/\/klubmamgdynia.pl\/index.php\/wp-json\/wp\/v2\/product_cat?post=1112"},{"taxonomy":"product_tag","embeddable":true,"href":"http:\/\/klubmamgdynia.pl\/index.php\/wp-json\/wp\/v2\/product_tag?post=1112"}],"curies":[{"name":"wp","href":"https:\/\/api.w.org\/{rel}","templated":true}]}}