{"id":11121,"date":"2019-12-30T18:31:11","date_gmt":"2019-12-30T17:31:11","guid":{"rendered":"http:\/\/klubmamgdynia.pl\/index.php\/produkt\/acme-made-skinny-sleeve-do-ipad-pro-9-7-grey-orange\/"},"modified":"2026-04-20T23:16:14","modified_gmt":"2026-04-20T21:16:14","slug":"acme-made-skinny-sleeve-do-ipad-pro-9-7-grey-orange","status":"publish","type":"product","link":"http:\/\/klubmamgdynia.pl\/index.php\/produkt\/acme-made-skinny-sleeve-do-ipad-pro-9-7-grey-orange\/","title":{"rendered":"Acme Made Skinny Sleeve Do Ipad Pro 9.7&#8243; (Grey\/Orange)"},"content":{"rendered":"<p>Acme Made Skinny Sleeve to najlepszy wyb\u00f3r, by w stylowy spos\u00f3b zabezpieczy\u0107 tablet. Wykorzystanie tkaniny StretchShell Neoprene\u00ae zapewnia wyj\u0105tkowe w\u0142a\u015bciwo\u015bci \u2013 super g\u0142adkie wyko\u0144czenie, kt\u00f3re jest odporne na wod\u0119 i plamy. Brak wszytego zamka b\u0142yskawicznego u\u0142atwia szybkie wsuni\u0119cie jak i wysuni\u0119cie urz\u0105dzenia, bez ryzyka przypadkowego zarysowania.Proste rozwi\u0105zania s\u0105 najlepszeWyj\u0105tkowo cienkie, a przy tym lekkie etui posiada wy\u015bci\u00f3\u0142k\u0119 z delikatnego filcu znajduj\u0105ca si\u0119 po obu stronach r\u0119kawa. Za nim znajduje si\u0119 plastikowy panel, kt\u00f3ry zapewnia dodatkow\u0105 ochron\u0119. Elastyczna opaska ma za zadanie utrzyma\u0107 urz\u0105dzenie w odpowiedniej pozycji i zabezpieczy\u0107 je przed wysuni\u0119ciem.Wygl\u0105dEfektowny wygl\u0105d wed\u0142ug Acme Made to po\u0142\u0105czenie stonowanych kolor\u00f3w z prostym wzornictwem. W zale\u017cno\u015bci od modelu dost\u0119pne s\u0105 klasyczne i uniwersalne odcienie szaro\u015bci i czerni oraz odwa\u017cne, kontrastowe po\u0142\u0105czenie czerni z intensywnym kolorem pomara\u0144czowym.Lekko\u015b\u0107Wy\u015bci\u00f3\u0142ka z delikatnego filcu pozwala na szybkie umieszczenie urz\u0105dzenia w r\u0119kawie bez ryzyka jego porysowania. Wszyte panele z tworzywa sztucznego zapewniaj\u0105 dodatkow\u0105 ochron\u0119, a dzi\u0119ki smuk\u0142ej konstrukcji ca\u0142o\u015b\u0107 nie zajmie du\u017co miejsca w plecaku czy torbie.Funkcjonalno\u015b\u0107Skinny Sleeve powsta\u0142 z neoprenu \u2013 syntetycznego polimeru, kt\u00f3ry z wygl\u0105du przypomina wysokiej jako\u015bci gum\u0119. Zapewnia to nie tylko niesamowit\u0105 g\u0142adko\u015b\u0107 materia\u0142u, ale r\u00f3wnie\u017c co najwa\u017cniejsze odporno\u015b\u0107 na plamy czy zabrudzenia.Wymiary etui: 25,5 cm x 19 cm x 1,2 cm.<\/p>\n<h2>Acme Made Skinny Sleeve Do Ipad Pro 9.7&#8243; (Grey\/Orange) ACME<\/h2>\n<p>zabawki na roczek, praktyczny prezent dla rocznego dziecka, kolorowanki samochody, karty pracy po ukrai\u0144sku, cytaty o macierzy\u0144stwie, oryginalny prezent na roczek dla dziewczynki, nauka zegara do druku pdf, trudne zagadki na inteligencj\u0119, prezenty dla nastolatka, wiersze o wio\u015bnie jana brzechwy, prezenty dla nastolatki, zabawy ruchowe dla dzieci, quizy o skokach narciarskich, bianka<\/p>\n<p>yyyyy<\/p>\n<p>&nbsp;<\/p>\n","protected":false},"excerpt":{"rendered":"<p>Acme Made Skinny Sleeve to najlepszy wyb\u00f3r, by w stylowy spos\u00f3b zabezpieczy\u0107 tablet. Wykorzystanie tkaniny StretchShell Neoprene\u00ae zapewnia wyj\u0105tkowe w\u0142a\u015bciwo\u015bci \u2013 super g\u0142adkie wyko\u0144czenie, kt\u00f3re jest odporne na wod\u0119 i plamy. Brak wszytego zamka b\u0142yskawicznego u\u0142atwia szybkie wsuni\u0119cie jak i wysuni\u0119cie urz\u0105dzenia, bez ryzyka przypadkowego zarysowania.Proste rozwi\u0105zania s\u0105 najlepszeWyj\u0105tkowo cienkie, a przy tym lekkie etui [&hellip;]<\/p>\n","protected":false},"featured_media":11122,"comment_status":"closed","ping_status":"open","template":"","meta":[],"product_cat":[1944,1945],"product_tag":[585,821,762,672,647,822,628],"class_list":["post-11121","product","type-product","status-publish","has-post-thumbnail","hentry","product_cat-acme","product_cat-etui-do-tabletow","product_tag-kolorowanki-dla-chlopcow","product_tag-marianna","product_tag-trudne-zagadki-dla-dzieci","product_tag-trudne-zagadki-z-odpowiedziami","product_tag-warszawa-z-dzieckiem","product_tag-wierszyki-o-wakacjach-krotkie","product_tag-zagadka"],"_links":{"self":[{"href":"http:\/\/klubmamgdynia.pl\/index.php\/wp-json\/wp\/v2\/product\/11121","targetHints":{"allow":["GET"]}}],"collection":[{"href":"http:\/\/klubmamgdynia.pl\/index.php\/wp-json\/wp\/v2\/product"}],"about":[{"href":"http:\/\/klubmamgdynia.pl\/index.php\/wp-json\/wp\/v2\/types\/product"}],"replies":[{"embeddable":true,"href":"http:\/\/klubmamgdynia.pl\/index.php\/wp-json\/wp\/v2\/comments?post=11121"}],"wp:featuredmedia":[{"embeddable":true,"href":"http:\/\/klubmamgdynia.pl\/index.php\/wp-json\/wp\/v2\/media\/11122"}],"wp:attachment":[{"href":"http:\/\/klubmamgdynia.pl\/index.php\/wp-json\/wp\/v2\/media?parent=11121"}],"wp:term":[{"taxonomy":"product_cat","embeddable":true,"href":"http:\/\/klubmamgdynia.pl\/index.php\/wp-json\/wp\/v2\/product_cat?post=11121"},{"taxonomy":"product_tag","embeddable":true,"href":"http:\/\/klubmamgdynia.pl\/index.php\/wp-json\/wp\/v2\/product_tag?post=11121"}],"curies":[{"name":"wp","href":"https:\/\/api.w.org\/{rel}","templated":true}]}}