{"id":11123,"date":"2014-08-17T09:15:31","date_gmt":"2014-08-17T07:15:31","guid":{"rendered":"http:\/\/klubmamgdynia.pl\/index.php\/produkt\/the-clay-and-paint-factory-masa-plastyczna-darwi-terracotta-1kg\/"},"modified":"2026-04-19T00:34:14","modified_gmt":"2026-04-18T22:34:14","slug":"the-clay-and-paint-factory-masa-plastyczna-darwi-terracotta-1kg","status":"publish","type":"product","link":"http:\/\/klubmamgdynia.pl\/index.php\/produkt\/the-clay-and-paint-factory-masa-plastyczna-darwi-terracotta-1kg\/","title":{"rendered":"The Clay And Paint Factory Masa Plastyczna Darwi Terracotta 1Kg"},"content":{"rendered":"<p>Ksi\u0119garnia internetowa od 2004 r.Masa plastyczna Darwi Terracotta 1kgSamoutwardzalna masa modelarska Darwi\u00ae w kolorze terakoty. Jest gotowa do u\u017cycia i \u0142atwo si\u0119 przykleja do wi\u0119kszo\u015bci powierzchni (porowate powierzchnie nale\u017cy najpierw zwil\u017cy\u0107 wod\u0105).Jest bardzo jednolita i g\u0142adka, dzi\u0119ki czemu nadaje si\u0119 do tworzenia detali. Mi\u0119kka, o \u015bredniej elastyczno\u015bci, nieprzezroczysta. Bezzapachowa, nie klei si\u0119 do r\u0105k. Minimalny czas schni\u0119cia 24h\/cm (zale\u017cy od wilgotno\u015bci powietrza). Zaleca si\u0119 wi\u0119ksze prace tworzy\u0107 puste w \u015brodku lub nak\u0142ada\u0107 mas\u0119 warstwami.Po wyschni\u0119ciu \u015brednio twarda. Nie kurczy si\u0119 przy wysychaniu.W 98% zosta\u0142a wyprodukowana ze sk\u0142adnik\u00f3w naturalnych. Bezglutenowa.Waga 1000 g.Nieodpowiednie dla dzieci w wieku poni\u017cej 36 miesi\u0119cy.Made in Belgium.54117114003896516<\/p>\n<h2>The Clay And Paint Factory Masa Plastyczna Darwi Terracotta 1Kg <\/h2>\n<p>test narnia lew czarownica i stara szafa, kreatywne zabawy dla 10 latka, jak zrobi\u0107 laurk\u0119 dla babci, literki do nauki pisania do druku, glupie zagadki, walentynka kolorowanka, zabawy z 7 latkiem, dziwne zagadki, mi\u0142osz imi\u0119, kolorowanki kotka, mini zoo warszawa, zadania dla 7 latka do druku, pola imie, pch\u0142y na noc, \u0142amig\u0142\u00f3wki dla dzieci do druku, wierszyki na \u015bmigus dyngus<\/p>\n<p>yyyyy<\/p>\n<p>&nbsp;<\/p>\n","protected":false},"excerpt":{"rendered":"<p>Ksi\u0119garnia internetowa od 2004 r.Masa plastyczna Darwi Terracotta 1kgSamoutwardzalna masa modelarska Darwi\u00ae w kolorze terakoty. Jest gotowa do u\u017cycia i \u0142atwo si\u0119 przykleja do wi\u0119kszo\u015bci powierzchni (porowate powierzchnie nale\u017cy najpierw zwil\u017cy\u0107 wod\u0105).Jest bardzo jednolita i g\u0142adka, dzi\u0119ki czemu nadaje si\u0119 do tworzenia detali. Mi\u0119kka, o \u015bredniej elastyczno\u015bci, nieprzezroczysta. Bezzapachowa, nie klei si\u0119 do r\u0105k. Minimalny [&hellip;]<\/p>\n","protected":false},"featured_media":11124,"comment_status":"closed","ping_status":"open","template":"","meta":[],"product_cat":[21],"product_tag":[719,704,773],"class_list":["post-11123","product","type-product","status-publish","has-post-thumbnail","hentry","product_cat-zabawki-plastyczne","product_tag-dziecko-cytaty-zlote-mysli","product_tag-prezent-dla-nastolatka","product_tag-test-z-lektury-opowiesci-z-narnii-lew-czarownica-i-stara-szafa"],"_links":{"self":[{"href":"http:\/\/klubmamgdynia.pl\/index.php\/wp-json\/wp\/v2\/product\/11123","targetHints":{"allow":["GET"]}}],"collection":[{"href":"http:\/\/klubmamgdynia.pl\/index.php\/wp-json\/wp\/v2\/product"}],"about":[{"href":"http:\/\/klubmamgdynia.pl\/index.php\/wp-json\/wp\/v2\/types\/product"}],"replies":[{"embeddable":true,"href":"http:\/\/klubmamgdynia.pl\/index.php\/wp-json\/wp\/v2\/comments?post=11123"}],"wp:featuredmedia":[{"embeddable":true,"href":"http:\/\/klubmamgdynia.pl\/index.php\/wp-json\/wp\/v2\/media\/11124"}],"wp:attachment":[{"href":"http:\/\/klubmamgdynia.pl\/index.php\/wp-json\/wp\/v2\/media?parent=11123"}],"wp:term":[{"taxonomy":"product_cat","embeddable":true,"href":"http:\/\/klubmamgdynia.pl\/index.php\/wp-json\/wp\/v2\/product_cat?post=11123"},{"taxonomy":"product_tag","embeddable":true,"href":"http:\/\/klubmamgdynia.pl\/index.php\/wp-json\/wp\/v2\/product_tag?post=11123"}],"curies":[{"name":"wp","href":"https:\/\/api.w.org\/{rel}","templated":true}]}}