{"id":11125,"date":"2021-11-07T15:21:02","date_gmt":"2021-11-07T14:21:02","guid":{"rendered":"http:\/\/klubmamgdynia.pl\/index.php\/produkt\/headu-latwe-kodowanie\/"},"modified":"2026-04-03T18:23:27","modified_gmt":"2026-04-03T16:23:27","slug":"headu-latwe-kodowanie","status":"publish","type":"product","link":"http:\/\/klubmamgdynia.pl\/index.php\/produkt\/headu-latwe-kodowanie\/","title":{"rendered":"Headu \u0141atwe Kodowanie"},"content":{"rendered":"<p>Gra w programowanie dla najm\u0142odszych dzieci! Twoim zadaniem jest pom\u00f3c zwierz\u0119tom, ale czy potrafisz zaprogramowa\u0107 w\u0142a\u015bciwe dzia\u0142ania? Zabawna gra, kt\u00f3ra wprowadza ma\u0142e dzieci w kodowanie, zach\u0119caj\u0105c je do skutecznego rozwi\u0105zywania problem\u00f3w za pomoc\u0105 dost\u0119pnych narz\u0119dzi. Gra rozwija umiej\u0119tno\u015bci takie jak: logiczne my\u015blenie, programistyczny spos\u00f3b my\u015blenia, orientacja przestrzenna, podstawy topgorafii, rozwi\u0105zywanie problem\u00f3w, zdolno\u015bci spo\u0142eczne. Wiek: 4-8. W zestawie: plansza do gry; 2 panele programowania; 60 kart kodowych; 12 kart misji; 4 karty startowe; 5 znacznik\u00f3w; 4 karty &#8222;przejd\u017a-t\u0119dy&#8221;; 8 kokard. NAZWA \u0141ATWE KODOWANIE HEADU PRODUCENT HEADU WIEK 4+ EAN 8059591425411<\/p>\n<h2>Headu \u0141atwe Kodowanie Russell<\/h2>\n<p>sara, cytat o dziecku, gloria imie, marcel znaczenie imienia, a \u015bpij kochanie, zagadki wiosenne dla dzieci, oryginalny prezent dla nastolatk\u00f3w, maska spiderman, cytaty dla mamy od c\u00f3rki, psi patrol kolorowanki, trudne zagadki matematyczne, wiersz o wakacjach, maska misia do druku, bajka o \u017cabie, zabawy halloweenowe dla dzieci, bajki do czytania dla niemowl\u0105t, zagadka dla dzieci, kolorowanki do wydruku postacie z bajek, stare bajki<\/p>\n<p>yyyyy<\/p>\n<p>&nbsp;<\/p>\n","protected":false},"excerpt":{"rendered":"<p>Gra w programowanie dla najm\u0142odszych dzieci! Twoim zadaniem jest pom\u00f3c zwierz\u0119tom, ale czy potrafisz zaprogramowa\u0107 w\u0142a\u015bciwe dzia\u0142ania? Zabawna gra, kt\u00f3ra wprowadza ma\u0142e dzieci w kodowanie, zach\u0119caj\u0105c je do skutecznego rozwi\u0105zywania problem\u00f3w za pomoc\u0105 dost\u0119pnych narz\u0119dzi. Gra rozwija umiej\u0119tno\u015bci takie jak: logiczne my\u015blenie, programistyczny spos\u00f3b my\u015blenia, orientacja przestrzenna, podstawy topgorafii, rozwi\u0105zywanie problem\u00f3w, zdolno\u015bci spo\u0142eczne. Wiek: 4-8. [&hellip;]<\/p>\n","protected":false},"featured_media":11126,"comment_status":"closed","ping_status":"open","template":"","meta":[],"product_cat":[130,422],"product_tag":[611,669,818,643,698],"class_list":["post-11125","product","type-product","status-publish","has-post-thumbnail","hentry","product_cat-gry-dzieciece","product_cat-russell","product_tag-bajki-do-czytania-psi-patrol","product_tag-kolorowanki","product_tag-oliwier","product_tag-prezent-dla-17-latki","product_tag-zagadki-dla-przedszkolakow"],"_links":{"self":[{"href":"http:\/\/klubmamgdynia.pl\/index.php\/wp-json\/wp\/v2\/product\/11125","targetHints":{"allow":["GET"]}}],"collection":[{"href":"http:\/\/klubmamgdynia.pl\/index.php\/wp-json\/wp\/v2\/product"}],"about":[{"href":"http:\/\/klubmamgdynia.pl\/index.php\/wp-json\/wp\/v2\/types\/product"}],"replies":[{"embeddable":true,"href":"http:\/\/klubmamgdynia.pl\/index.php\/wp-json\/wp\/v2\/comments?post=11125"}],"wp:featuredmedia":[{"embeddable":true,"href":"http:\/\/klubmamgdynia.pl\/index.php\/wp-json\/wp\/v2\/media\/11126"}],"wp:attachment":[{"href":"http:\/\/klubmamgdynia.pl\/index.php\/wp-json\/wp\/v2\/media?parent=11125"}],"wp:term":[{"taxonomy":"product_cat","embeddable":true,"href":"http:\/\/klubmamgdynia.pl\/index.php\/wp-json\/wp\/v2\/product_cat?post=11125"},{"taxonomy":"product_tag","embeddable":true,"href":"http:\/\/klubmamgdynia.pl\/index.php\/wp-json\/wp\/v2\/product_tag?post=11125"}],"curies":[{"name":"wp","href":"https:\/\/api.w.org\/{rel}","templated":true}]}}