{"id":11127,"date":"2017-04-25T00:08:56","date_gmt":"2017-04-24T22:08:56","guid":{"rendered":"http:\/\/klubmamgdynia.pl\/index.php\/produkt\/lori-zestaw-mebli-lozko-pietrowe-z-posciela-lo37044z\/"},"modified":"2026-04-27T02:27:13","modified_gmt":"2026-04-27T00:27:13","slug":"lori-zestaw-mebli-lozko-pietrowe-z-posciela-lo37044z","status":"publish","type":"product","link":"http:\/\/klubmamgdynia.pl\/index.php\/produkt\/lori-zestaw-mebli-lozko-pietrowe-z-posciela-lo37044z\/","title":{"rendered":"Lori Zestaw Mebli \u0141\u00f3\u017cko Pi\u0119trowe Z Po\u015bciel\u0105 (Lo37044Z)"},"content":{"rendered":"<p>\u0141\u00d3\u017bKO PI\u0118TROWE Z PO\u015aCIEL\u0104. Idealne do kreatywnej zabawy laleczkami o wielko\u015bci 15 cm.<\/p>\n<h2>Lori Zestaw Mebli \u0141\u00f3\u017cko Pi\u0119trowe Z Po\u015bciel\u0105 (Lo37044Z) Lori<\/h2>\n<p>ma\u0142y ksi\u0105\u017c\u0119 &#8211; test z odpowiedziami, cytaty o dzieciach, plac zabaw pozna\u0144, pa\u0144stwa miasta wz\u00f3r, super zings kolorowanki, bajki dla chlopcow, cytat rodzina, kolorowanka prezent, zagadki dla ma\u0142ych dzieci, kolorowanka ninjago, znaczenie imienia milosz, pikachu kolorowanka<\/p>\n<p>yyyyy<\/p>\n<p>&nbsp;<\/p>\n","protected":false},"excerpt":{"rendered":"<p>\u0141\u00d3\u017bKO PI\u0118TROWE Z PO\u015aCIEL\u0104. Idealne do kreatywnej zabawy laleczkami o wielko\u015bci 15 cm. Lori Zestaw Mebli \u0141\u00f3\u017cko Pi\u0119trowe Z Po\u015bciel\u0105 (Lo37044Z) Lori ma\u0142y ksi\u0105\u017c\u0119 &#8211; test z odpowiedziami, cytaty o dzieciach, plac zabaw pozna\u0144, pa\u0144stwa miasta wz\u00f3r, super zings kolorowanki, bajki dla chlopcow, cytat rodzina, kolorowanka prezent, zagadki dla ma\u0142ych dzieci, kolorowanka ninjago, znaczenie imienia [&hellip;]<\/p>\n","protected":false},"featured_media":11128,"comment_status":"closed","ping_status":"open","template":"","meta":[],"product_cat":[172,1946],"product_tag":[836,663,612,618,718,698],"class_list":["post-11127","product","type-product","status-publish","has-post-thumbnail","hentry","product_cat-akcesoria-dla-lalek","product_cat-lori","product_tag-co-kupic-dziecku-na-roczek","product_tag-kolorowanki-dla-dzieci-do-druku","product_tag-kolorowanki-do-druku","product_tag-lato-lato-lato-czeka-tekst","product_tag-prezent-na-roczek-dla-chrzesniaka","product_tag-zagadki-dla-przedszkolakow"],"_links":{"self":[{"href":"http:\/\/klubmamgdynia.pl\/index.php\/wp-json\/wp\/v2\/product\/11127","targetHints":{"allow":["GET"]}}],"collection":[{"href":"http:\/\/klubmamgdynia.pl\/index.php\/wp-json\/wp\/v2\/product"}],"about":[{"href":"http:\/\/klubmamgdynia.pl\/index.php\/wp-json\/wp\/v2\/types\/product"}],"replies":[{"embeddable":true,"href":"http:\/\/klubmamgdynia.pl\/index.php\/wp-json\/wp\/v2\/comments?post=11127"}],"wp:featuredmedia":[{"embeddable":true,"href":"http:\/\/klubmamgdynia.pl\/index.php\/wp-json\/wp\/v2\/media\/11128"}],"wp:attachment":[{"href":"http:\/\/klubmamgdynia.pl\/index.php\/wp-json\/wp\/v2\/media?parent=11127"}],"wp:term":[{"taxonomy":"product_cat","embeddable":true,"href":"http:\/\/klubmamgdynia.pl\/index.php\/wp-json\/wp\/v2\/product_cat?post=11127"},{"taxonomy":"product_tag","embeddable":true,"href":"http:\/\/klubmamgdynia.pl\/index.php\/wp-json\/wp\/v2\/product_tag?post=11127"}],"curies":[{"name":"wp","href":"https:\/\/api.w.org\/{rel}","templated":true}]}}