{"id":11129,"date":"2024-08-07T18:58:59","date_gmt":"2024-08-07T16:58:59","guid":{"rendered":"http:\/\/klubmamgdynia.pl\/?post_type=product&#038;p=11129"},"modified":"2026-04-27T11:19:29","modified_gmt":"2026-04-27T09:19:29","slug":"bayer-design-wozek-wielofunkcyjny-dla-lalek-grande-kolor-sliwkowy-15057","status":"publish","type":"product","link":"http:\/\/klubmamgdynia.pl\/index.php\/produkt\/bayer-design-wozek-wielofunkcyjny-dla-lalek-grande-kolor-sliwkowy-15057\/","title":{"rendered":"Bayer Design W\u00f3zek Wielofunkcyjny Dla Lalek Grande, Kolor \u015aliwkowy 15057"},"content":{"rendered":"<p>W\u00f3zek dla lalek Kombi Grande marki Bayer Design to marzenie ka\u017cdej ma\u0142ej dziewczynki. Dzi\u0119ki dba\u0142o\u015bci o szczeg\u00f3\u0142y wykonania wygl\u0105da jak prawdziwy. W\u00f3zek mo\u017cna \u0142atwo z\u0142o\u017cy\u0107 i przystosowa\u0107 wysoko\u015b\u0107 oparcia dla lalki. Stworzony dla lalek o wysoko\u015bci od 38 do 46 cm.<\/p>\n<h2>Bayer Design W\u00f3zek Wielofunkcyjny Dla Lalek Grande, Kolor \u015aliwkowy 15057 Bayer Design<\/h2>\n<p>zagadki logiczne, kuba imie, prezent na roczek dla chrze\u015bniaka, roszpunka kolorowanka, nauka zegara do druku pdf, quiz o psie kt\u00f3ry je\u017adzi\u0142 kolej\u0105, darmowe bajki dla dzieci, u\u015bmiech dziecka wiersz, eneduerabe, zagadki wielkanocne do druku, molo w brze\u017anie, zabawki na roczek dla dziewczynki, znaczenie imienia milan, bajka na dobranoc, test znaki drogowe, bajka o sowie, bursztynek, kolorowanki dla ch\u0142opc\u00f3w do druku, filmy familijne walta disneya, dzie\u0144 pluszowego misia 2021<\/p>\n<p>yyyyy<\/p>\n<p>&nbsp;<\/p>\n","protected":false},"excerpt":{"rendered":"<p>W\u00f3zek dla lalek Kombi Grande marki Bayer Design to marzenie ka\u017cdej ma\u0142ej dziewczynki. Dzi\u0119ki dba\u0142o\u015bci o szczeg\u00f3\u0142y wykonania wygl\u0105da jak prawdziwy. W\u00f3zek mo\u017cna \u0142atwo z\u0142o\u017cy\u0107 i przystosowa\u0107 wysoko\u015b\u0107 oparcia dla lalki. Stworzony dla lalek o wysoko\u015bci od 38 do 46 cm. Bayer Design W\u00f3zek Wielofunkcyjny Dla Lalek Grande, Kolor \u015aliwkowy 15057 Bayer Design zagadki logiczne, [&hellip;]<\/p>\n","protected":false},"featured_media":11130,"comment_status":"closed","ping_status":"open","template":"","meta":[],"product_cat":[1227,1098],"product_tag":[781,719,727,588],"class_list":["post-11129","product","type-product","status-publish","has-post-thumbnail","hentry","product_cat-bayer-design","product_cat-wozki-dla-lalek","product_tag-cytaty-o-wychowaniu-dzieci","product_tag-dziecko-cytaty-zlote-mysli","product_tag-godlo-polski-do-druku","product_tag-wzruszajace-slowa-dla-przyjaciela"],"_links":{"self":[{"href":"http:\/\/klubmamgdynia.pl\/index.php\/wp-json\/wp\/v2\/product\/11129","targetHints":{"allow":["GET"]}}],"collection":[{"href":"http:\/\/klubmamgdynia.pl\/index.php\/wp-json\/wp\/v2\/product"}],"about":[{"href":"http:\/\/klubmamgdynia.pl\/index.php\/wp-json\/wp\/v2\/types\/product"}],"replies":[{"embeddable":true,"href":"http:\/\/klubmamgdynia.pl\/index.php\/wp-json\/wp\/v2\/comments?post=11129"}],"wp:featuredmedia":[{"embeddable":true,"href":"http:\/\/klubmamgdynia.pl\/index.php\/wp-json\/wp\/v2\/media\/11130"}],"wp:attachment":[{"href":"http:\/\/klubmamgdynia.pl\/index.php\/wp-json\/wp\/v2\/media?parent=11129"}],"wp:term":[{"taxonomy":"product_cat","embeddable":true,"href":"http:\/\/klubmamgdynia.pl\/index.php\/wp-json\/wp\/v2\/product_cat?post=11129"},{"taxonomy":"product_tag","embeddable":true,"href":"http:\/\/klubmamgdynia.pl\/index.php\/wp-json\/wp\/v2\/product_tag?post=11129"}],"curies":[{"name":"wp","href":"https:\/\/api.w.org\/{rel}","templated":true}]}}