{"id":11131,"date":"2018-12-01T02:31:28","date_gmt":"2018-12-01T01:31:28","guid":{"rendered":"http:\/\/klubmamgdynia.pl\/index.php\/produkt\/hh-poland-duzy-namiot-tipi-domek-kryjowka-wigwam-teepee\/"},"modified":"2026-04-29T16:54:52","modified_gmt":"2026-04-29T14:54:52","slug":"hh-poland-duzy-namiot-tipi-domek-kryjowka-wigwam-teepee","status":"publish","type":"product","link":"http:\/\/klubmamgdynia.pl\/index.php\/produkt\/hh-poland-duzy-namiot-tipi-domek-kryjowka-wigwam-teepee\/","title":{"rendered":"Hh Poland Du\u017cy Namiot Tipi Domek Kryj\u00f3wka Wigwam Teepee"},"content":{"rendered":"<p>Namiot w kszta\u0142cie india\u0144skiego Tipi to rewelacyjne miejsce do zabawy dla Twojego maluszka, kt\u00f3ry uwielbia kryj\u00f3wki. Z pewno\u015bci\u0105 spodoba si\u0119 niejednemu dziecku. Namiocik posiada szerokie zamykane na rzep wej\u015bcie, na jednej \u015bcianie zamykane okienko a na drugiej kieszonk\u0119 na ma\u0142e przedmioty. Namiot jest bardzo \u0142atwy do z\u0142o\u017cenia, a dzi\u0119ki prostej konstrukcji mo\u017cesz go zabra\u0107 na taras, do ogrodu czy pokoju. CECHY CHARAKTERYSTYCZNE: stela\u017c: plastikowe sk\u0142adane pa\u0142\u0105czki z\u0142o\u017cony zajmie ma\u0142o miejsca lekka konstrukcja materia\u0142 &#8211; poliester SPECYFIKACJA: Wymiary namiotu ok.: 110 x 110 x 140 cm Wymiar opakowania ok.: 86 x 7 x 23 cm Sugerowany wiek: 3 lata+ OSTRZE\u017bENIE Nieodpowiednie dla dzieci poni\u017cej 3 roku \u017cycia z uwagi na mo\u017cliwo\u015b\u0107 oderwania i po\u0142kni\u0119cia drobnych element\u00f3w. Przed rozpocz\u0119ciem monta\u017cu nale\u017cy uwa\u017cnie zapozna\u0107 si\u0119 instrukcj\u0105. Nale\u017cy dok\u0142adnie przestrzega\u0107 instrukcji. Monta\u017c mo\u017ce wykona\u0107 wy\u0142\u0105cznie osoba doros\u0142\u0105. Nale\u017cy zachowa\u0107 szczeg\u00f3ln\u0105 ostro\u017cno\u015b\u0107 przy rozk\u0142adaniu\/sk\u0142adaniu namiotu. Ma\u0142ym dzieciom w \u017cadnym wypadku nie nale\u017cy pozwoli\u0107 na rozk\u0142adanie lub sk\u0142adanie namiotu. Nale\u017cy usun\u0105\u0107 wszystkie ostre kraw\u0119dzie w otoczeniu namiotu. W przypadku stwierdzenia uszkodzenia, pod \u017cadnym pozorem nie nale\u017cy korzysta\u0107 z produktu. Produkt ten nale\u017cy trzyma\u0107 z dala od ognia. Czy\u015bci\u0107 wy\u0142\u0105cznie wilgotn\u0105 szmatk\u0105. Zabawka aktywizuj\u0105ca przeznaczona do u\u017cytku domowego.<\/p>\n<h2>Hh Poland Du\u017cy Namiot Tipi Domek Kryj\u00f3wka Wigwam Teepee HH Poland<\/h2>\n<p>zagadki wiosenne dla dzieci, test miko\u0142ajek 25 pyta\u0144, roczek dziewczynki, kolorowanki do druku kotki, zagadki logiczne dla doros\u0142ych, znaki drogowe do druku, cytaty dla mamy, opowie\u015b\u0107 wigilijna test z odpowiedziami<\/p>\n<p>yyyyy<\/p>\n<p>&nbsp;<\/p>\n","protected":false},"excerpt":{"rendered":"<p>Namiot w kszta\u0142cie india\u0144skiego Tipi to rewelacyjne miejsce do zabawy dla Twojego maluszka, kt\u00f3ry uwielbia kryj\u00f3wki. Z pewno\u015bci\u0105 spodoba si\u0119 niejednemu dziecku. Namiocik posiada szerokie zamykane na rzep wej\u015bcie, na jednej \u015bcianie zamykane okienko a na drugiej kieszonk\u0119 na ma\u0142e przedmioty. Namiot jest bardzo \u0142atwy do z\u0142o\u017cenia, a dzi\u0119ki prostej konstrukcji mo\u017cesz go zabra\u0107 na [&hellip;]<\/p>\n","protected":false},"featured_media":11132,"comment_status":"closed","ping_status":"open","template":"","meta":[],"product_cat":[282,290],"product_tag":[613,846,771,721],"class_list":["post-11131","product","type-product","status-publish","has-post-thumbnail","hentry","product_cat-domki-i-namioty-dla-dzieci","product_cat-hh-poland","product_tag-na-wyspach-bergamutach","product_tag-rysowanki","product_tag-stolice-europy-quiz","product_tag-zagadki-matematyczne"],"_links":{"self":[{"href":"http:\/\/klubmamgdynia.pl\/index.php\/wp-json\/wp\/v2\/product\/11131","targetHints":{"allow":["GET"]}}],"collection":[{"href":"http:\/\/klubmamgdynia.pl\/index.php\/wp-json\/wp\/v2\/product"}],"about":[{"href":"http:\/\/klubmamgdynia.pl\/index.php\/wp-json\/wp\/v2\/types\/product"}],"replies":[{"embeddable":true,"href":"http:\/\/klubmamgdynia.pl\/index.php\/wp-json\/wp\/v2\/comments?post=11131"}],"wp:featuredmedia":[{"embeddable":true,"href":"http:\/\/klubmamgdynia.pl\/index.php\/wp-json\/wp\/v2\/media\/11132"}],"wp:attachment":[{"href":"http:\/\/klubmamgdynia.pl\/index.php\/wp-json\/wp\/v2\/media?parent=11131"}],"wp:term":[{"taxonomy":"product_cat","embeddable":true,"href":"http:\/\/klubmamgdynia.pl\/index.php\/wp-json\/wp\/v2\/product_cat?post=11131"},{"taxonomy":"product_tag","embeddable":true,"href":"http:\/\/klubmamgdynia.pl\/index.php\/wp-json\/wp\/v2\/product_tag?post=11131"}],"curies":[{"name":"wp","href":"https:\/\/api.w.org\/{rel}","templated":true}]}}