{"id":11133,"date":"2016-02-12T04:01:07","date_gmt":"2016-02-12T03:01:07","guid":{"rendered":"http:\/\/klubmamgdynia.pl\/index.php\/produkt\/alexander-4-mino-prostokaty-2534\/"},"modified":"2026-04-29T23:19:36","modified_gmt":"2026-04-29T21:19:36","slug":"alexander-4-mino-prostokaty-2534","status":"publish","type":"product","link":"http:\/\/klubmamgdynia.pl\/index.php\/produkt\/alexander-4-mino-prostokaty-2534\/","title":{"rendered":"Alexander 4 Mino &#8211; Prostok\u0105ty 2534"},"content":{"rendered":"<p>PROMOCJA &#8211; TANIA DOSTAWA ! &#8211; 4-Mino Prostok\u0105ty gra 2534 ALEXAND-ER &#8211; PACZKOMAT, POCZTA, KURIER<\/p>\n<h2>Alexander 4 Mino &#8211; Prostok\u0105ty 2534 Alexander<\/h2>\n<p>\u017carty na prima aprilis w domu, ninjago kolorowanki, quiz zemsta, bombki do kolorowania, papierowe ozdoby \u015bwi\u0105teczne, najlepsze zarty na prima aprilis, zagadki wiosenne dla dzieci<\/p>\n<p>yyyyy<\/p>\n<p>&nbsp;<\/p>\n","protected":false},"excerpt":{"rendered":"<p>PROMOCJA &#8211; TANIA DOSTAWA ! &#8211; 4-Mino Prostok\u0105ty gra 2534 ALEXAND-ER &#8211; PACZKOMAT, POCZTA, KURIER Alexander 4 Mino &#8211; Prostok\u0105ty 2534 Alexander \u017carty na prima aprilis w domu, ninjago kolorowanki, quiz zemsta, bombki do kolorowania, papierowe ozdoby \u015bwi\u0105teczne, najlepsze zarty na prima aprilis, zagadki wiosenne dla dzieci yyyyy &nbsp;<\/p>\n","protected":false},"featured_media":11134,"comment_status":"closed","ping_status":"open","template":"","meta":[],"product_cat":[246,130],"product_tag":[834,717,798,708,595],"class_list":["post-11133","product","type-product","status-publish","has-post-thumbnail","hentry","product_cat-alexander","product_cat-gry-dzieciece","product_tag-bajka-do-czytania-na-dobranoc","product_tag-prezent-roczek","product_tag-prezenty-dla-nastolatki","product_tag-zabawy-ruchowe-dla-dzieci","product_tag-zagadki-dla-6-latka"],"_links":{"self":[{"href":"http:\/\/klubmamgdynia.pl\/index.php\/wp-json\/wp\/v2\/product\/11133","targetHints":{"allow":["GET"]}}],"collection":[{"href":"http:\/\/klubmamgdynia.pl\/index.php\/wp-json\/wp\/v2\/product"}],"about":[{"href":"http:\/\/klubmamgdynia.pl\/index.php\/wp-json\/wp\/v2\/types\/product"}],"replies":[{"embeddable":true,"href":"http:\/\/klubmamgdynia.pl\/index.php\/wp-json\/wp\/v2\/comments?post=11133"}],"wp:featuredmedia":[{"embeddable":true,"href":"http:\/\/klubmamgdynia.pl\/index.php\/wp-json\/wp\/v2\/media\/11134"}],"wp:attachment":[{"href":"http:\/\/klubmamgdynia.pl\/index.php\/wp-json\/wp\/v2\/media?parent=11133"}],"wp:term":[{"taxonomy":"product_cat","embeddable":true,"href":"http:\/\/klubmamgdynia.pl\/index.php\/wp-json\/wp\/v2\/product_cat?post=11133"},{"taxonomy":"product_tag","embeddable":true,"href":"http:\/\/klubmamgdynia.pl\/index.php\/wp-json\/wp\/v2\/product_tag?post=11133"}],"curies":[{"name":"wp","href":"https:\/\/api.w.org\/{rel}","templated":true}]}}