{"id":11135,"date":"2025-08-06T05:54:49","date_gmt":"2025-08-06T03:54:49","guid":{"rendered":"http:\/\/klubmamgdynia.pl\/?post_type=product&#038;p=11135"},"modified":"2026-04-23T12:35:42","modified_gmt":"2026-04-23T10:35:42","slug":"tuban-aktywator-025l-tu3052","status":"publish","type":"product","link":"http:\/\/klubmamgdynia.pl\/index.php\/produkt\/tuban-aktywator-025l-tu3052\/","title":{"rendered":"Tuban Aktywator 0,25l TU3052"},"content":{"rendered":"<p>Tuban Super Slime Aktywator 0,25l &#8211; idealnie nadaje si\u0119 do tworzenia Slime (Glut\u00f3w)Pierwszy na rynku gotowy aktywator do Slime. Przebadany i bezpieczny. Nie zawiera Boraksu ani p\u0142ynu do soczewek. Spe\u0142nia wszelkie wy\u015brubowane normy zabawkowe. Idealny do prac kreatywnych i hobbystycznych.Przepis na idealnego gluta. Wszystkie sk\u0142adniki sprzedawane oddzielnie. 1. Wlej do pojemnika 100 ml naszego kleju PVA. 2. Dodaj dowolnego barwnika i dok\u0142adnie wymieszaj. 3. Powoli dolewaj 30 ml naszego aktywatora. Mieszaj swojego slimea a\u017c zacznie odziela\u0107 si\u0119 od pojemnika. 4. Wyrabiaj slime do uzyskania idealnej konsystencji. Jesli nadal zbyt mocno klei si\u0119 do r\u0105k, zwil\u017c d\u0142onie odrobin\u0105 aktywatora. 5. Tw\u00f3j slime jest gotowy! Udekoruj go jednym z naszych dodatk\u00f3w: brokatem lub py\u0142kiem neonowym. 6. Przechowuj slime w zamykanym pojemniczku, dzi\u0119ki temu d\u0142u\u017cej zachowa swoje w\u0142a\u015bciwo\u015bci.  Wszystkie potrzebne sk\u0142adniki kupisz w naszym sklepie.<\/p>\n<h2>Tuban Aktywator 0,25l TU3052 Tuban<\/h2>\n<p>akademia pana kleksa test do druku, cytaty o macierzy\u0144stwie, prezent dla nastolatek, cytaty korczak, babcia z dziadkiem to jest to tekst, zaproszenie do druku, filmy disneya, szablony do wyklejania plastelin\u0105, prima aprilis zarty, malgorzata imi\u0119, radiowe nuty niech zyja wakacje, pomys\u0142 na prezent dla 15 latki<\/p>\n<p>yyyyy<\/p>\n<p>&nbsp;<\/p>\n","protected":false},"excerpt":{"rendered":"<p>Tuban Super Slime Aktywator 0,25l &#8211; idealnie nadaje si\u0119 do tworzenia Slime (Glut\u00f3w)Pierwszy na rynku gotowy aktywator do Slime. Przebadany i bezpieczny. Nie zawiera Boraksu ani p\u0142ynu do soczewek. Spe\u0142nia wszelkie wy\u015brubowane normy zabawkowe. Idealny do prac kreatywnych i hobbystycznych.Przepis na idealnego gluta. Wszystkie sk\u0142adniki sprzedawane oddzielnie. 1. Wlej do pojemnika 100 ml naszego kleju [&hellip;]<\/p>\n","protected":false},"featured_media":11136,"comment_status":"closed","ping_status":"open","template":"","meta":[],"product_cat":[558,21],"product_tag":[784,645,590,860,615],"class_list":["post-11135","product","type-product","status-publish","has-post-thumbnail","hentry","product_cat-tuban","product_cat-zabawki-plastyczne","product_tag-hymn-gorniczy","product_tag-latwe-zagadki","product_tag-plac-zabaw-warszawa","product_tag-zagadki-logiczne-dla-doroslych","product_tag-znane-misie-z-filmow-animowanych"],"_links":{"self":[{"href":"http:\/\/klubmamgdynia.pl\/index.php\/wp-json\/wp\/v2\/product\/11135","targetHints":{"allow":["GET"]}}],"collection":[{"href":"http:\/\/klubmamgdynia.pl\/index.php\/wp-json\/wp\/v2\/product"}],"about":[{"href":"http:\/\/klubmamgdynia.pl\/index.php\/wp-json\/wp\/v2\/types\/product"}],"replies":[{"embeddable":true,"href":"http:\/\/klubmamgdynia.pl\/index.php\/wp-json\/wp\/v2\/comments?post=11135"}],"wp:featuredmedia":[{"embeddable":true,"href":"http:\/\/klubmamgdynia.pl\/index.php\/wp-json\/wp\/v2\/media\/11136"}],"wp:attachment":[{"href":"http:\/\/klubmamgdynia.pl\/index.php\/wp-json\/wp\/v2\/media?parent=11135"}],"wp:term":[{"taxonomy":"product_cat","embeddable":true,"href":"http:\/\/klubmamgdynia.pl\/index.php\/wp-json\/wp\/v2\/product_cat?post=11135"},{"taxonomy":"product_tag","embeddable":true,"href":"http:\/\/klubmamgdynia.pl\/index.php\/wp-json\/wp\/v2\/product_tag?post=11135"}],"curies":[{"name":"wp","href":"https:\/\/api.w.org\/{rel}","templated":true}]}}