{"id":11137,"date":"2017-11-09T08:03:06","date_gmt":"2017-11-09T07:03:06","guid":{"rendered":"http:\/\/klubmamgdynia.pl\/index.php\/produkt\/hey-clay-cyclops-masa-plastyczna\/"},"modified":"2026-04-05T15:42:41","modified_gmt":"2026-04-05T13:42:41","slug":"hey-clay-cyclops-masa-plastyczna","status":"publish","type":"product","link":"http:\/\/klubmamgdynia.pl\/index.php\/produkt\/hey-clay-cyclops-masa-plastyczna\/","title":{"rendered":"Hey Clay Cyclops masa plastyczna"},"content":{"rendered":"<p>HEY CLAY\u00a0zosta\u0142 zaprojektowany, aby<br \/>\npobudzi\u0107 kreatywno\u015b\u0107 Twojego dziecka! Inspiruje ciekawo\u015b\u0107 do odkrywania r\u00f3\u017cnych<br \/>\nkszta\u0142t\u00f3w i kolor\u00f3w oraz wyobra\u017ani\u0119 do tworzenia w\u0142asnych, niepowtarzalnych<br \/>\nprojekt\u00f3w z masy plastycznej. Gdy figurki s\u0105 gotowe i wysuszone, dzieci mog\u0105<br \/>\nsi\u0119 nimi bawi\u0107 i kolekcjonowa\u0107.                            <\/p>\n<p>Masa plastyczna\u00a0to zestaw<br \/>\nnieograniczonej kreatywno\u015bci sk\u0142adaj\u0105cy si\u0119 5 pojemnik\u00f3w z mi\u0119kk\u0105, delikatn\u0105 i<br \/>\npachn\u0105c\u0105 mas\u0105. Kolory przedstawione s\u0105 na opakowaniu, pozwalaj\u0105 na stworzenie<br \/>\nwybranej figurki. Pewna ilo\u015b\u0107 masy pozostaje, mo\u017cna j\u0105 u\u017cy\u0107 do realizacji<br \/>\nw\u0142asnych kreatywnych pomys\u0142\u00f3w. Kiedy sko\u0144czysz lepi\u0107 figurk\u0119, odstaw j\u0105 na 24<br \/>\ngodziny, aby stwardnia\u0142a. Po tym czasie mo\u017cesz si\u0119 ni\u0105 bawi\u0107! Kszta\u0142tuj<br \/>\nfigurki, korzystaj\u0105c z instrukcji krok po kroku w aplikacji. Dowiedz si\u0119, jak<br \/>\nwyrze\u017abi\u0107 ka\u017cd\u0105 z nich w zabawny i interaktywny spos\u00f3b. W zestawie otrzymujesz<br \/>\nr\u00f3wnie\u017c bezp\u0142atny dost\u0119p do aplikacji HEY CLAY, kt\u00f3ra jest fascynuj\u0105cym i<br \/>\ninspiruj\u0105cym przewodnikiem po kreatywnym modelowaniu. Dziecko zaczynaj\u0105c od prostych<br \/>\nkszta\u0142t\u00f3w, wkr\u00f3tce stworzy niesamowite figurki, zupe\u0142nie jak prawdziwy<br \/>\nrze\u017abiarz. Z pewno\u015bci\u0105 zadziwi\u0105 Ci\u0119 dzie\u0142a Twojego dziecka!                            <\/p>\n<p>Zawarto\u015b\u0107<br \/>\ni cechy zestawu:5<br \/>\n     pojemnik\u00f3w (5 kolor\u00f3w) z mas\u0105 plastyczn\u0105 do ulepienia figurki\u00a0mi\u0119kka,<br \/>\n     delikatna i pachn\u0105ca masawysycha<br \/>\n     w ci\u0105gu 24 godzinnie<br \/>\n     przykleja si\u0119 do d\u0142onibezpieczna<br \/>\n     i \u0142atwa w u\u017cyciukod<br \/>\n     dost\u0119pu do aplikacji Hey Clay dla zakupionej postacipozosta\u0142e<br \/>\n     zestawy sprzedawane oddzielnie<\/p>\n<h2>Hey Clay Cyclops masa plastyczna TM Toys<\/h2>\n<p>opowie\u015bci z narni test, w uk\u0142adzie s\u0142onecznym, kawa\u0142y na prima aprilis dla rodzic\u00f3w, atrakcje dla nastolatk\u00f3w, bajki do czytania, wierszyk o marzannie, kolorowanka spongebob, quiz spos\u00f3b na alcybiadesa<\/p>\n<p>yyyyy<\/p>\n<p>&nbsp;<\/p>\n","protected":false},"excerpt":{"rendered":"<p>HEY CLAY\u00a0zosta\u0142 zaprojektowany, aby pobudzi\u0107 kreatywno\u015b\u0107 Twojego dziecka! Inspiruje ciekawo\u015b\u0107 do odkrywania r\u00f3\u017cnych kszta\u0142t\u00f3w i kolor\u00f3w oraz wyobra\u017ani\u0119 do tworzenia w\u0142asnych, niepowtarzalnych projekt\u00f3w z masy plastycznej. Gdy figurki s\u0105 gotowe i wysuszone, dzieci mog\u0105 si\u0119 nimi bawi\u0107 i kolekcjonowa\u0107. Masa plastyczna\u00a0to zestaw nieograniczonej kreatywno\u015bci sk\u0142adaj\u0105cy si\u0119 5 pojemnik\u00f3w z mi\u0119kk\u0105, delikatn\u0105 i pachn\u0105c\u0105 mas\u0105. Kolory [&hellip;]<\/p>\n","protected":false},"featured_media":11138,"comment_status":"closed","ping_status":"open","template":"","meta":[],"product_cat":[145,21],"product_tag":[612,624,657,741],"class_list":["post-11137","product","type-product","status-publish","has-post-thumbnail","hentry","product_cat-tm-toys","product_cat-zabawki-plastyczne","product_tag-kolorowanki-do-druku","product_tag-krotkie-zagadki","product_tag-lol-kolorowanka","product_tag-wlochy"],"_links":{"self":[{"href":"http:\/\/klubmamgdynia.pl\/index.php\/wp-json\/wp\/v2\/product\/11137","targetHints":{"allow":["GET"]}}],"collection":[{"href":"http:\/\/klubmamgdynia.pl\/index.php\/wp-json\/wp\/v2\/product"}],"about":[{"href":"http:\/\/klubmamgdynia.pl\/index.php\/wp-json\/wp\/v2\/types\/product"}],"replies":[{"embeddable":true,"href":"http:\/\/klubmamgdynia.pl\/index.php\/wp-json\/wp\/v2\/comments?post=11137"}],"wp:featuredmedia":[{"embeddable":true,"href":"http:\/\/klubmamgdynia.pl\/index.php\/wp-json\/wp\/v2\/media\/11138"}],"wp:attachment":[{"href":"http:\/\/klubmamgdynia.pl\/index.php\/wp-json\/wp\/v2\/media?parent=11137"}],"wp:term":[{"taxonomy":"product_cat","embeddable":true,"href":"http:\/\/klubmamgdynia.pl\/index.php\/wp-json\/wp\/v2\/product_cat?post=11137"},{"taxonomy":"product_tag","embeddable":true,"href":"http:\/\/klubmamgdynia.pl\/index.php\/wp-json\/wp\/v2\/product_tag?post=11137"}],"curies":[{"name":"wp","href":"https:\/\/api.w.org\/{rel}","templated":true}]}}