{"id":11143,"date":"2018-03-02T07:28:14","date_gmt":"2018-03-02T06:28:14","guid":{"rendered":"http:\/\/klubmamgdynia.pl\/index.php\/produkt\/tm-toys-hey-clay-masa-plastyczna-muzon-obcy-kosmita\/"},"modified":"2026-05-17T22:29:42","modified_gmt":"2026-05-17T20:29:42","slug":"tm-toys-hey-clay-masa-plastyczna-muzon-obcy-kosmita","status":"publish","type":"product","link":"http:\/\/klubmamgdynia.pl\/index.php\/produkt\/tm-toys-hey-clay-masa-plastyczna-muzon-obcy-kosmita\/","title":{"rendered":"Tm Toys Hey Clay Masa Plastyczna Muzon Obcy Kosmita"},"content":{"rendered":"<p>Muzon pracowa\u0142 jako in\u017cynier fizyk w tajnym laboratorium, ale co\u015b posz\u0142o nie tak teraz jest \u0142adnym potworem i s\u0142awnym DJ-em!Hey Clay zawiera 5 pojemnik\u00f3w z mi\u0119kk\u0105, pachn\u0105c\u0105 kreatywn\u0105 mas\u0105 oraz kod dost\u0119pu do aplikacji. Kolory przedstawione s\u0105 na opakowaniu, pozwalaj\u0105 na stworzenie wybranej figurki. Cz\u0119\u015b\u0107 masy pozostaje do ponownego wykorzystania, dzi\u0119ki czemu mo\u017cna zrealizowa\u0107 sw\u00f3j w\u0142asny kreatywny pomys\u0142. Masa wysycha na powietrzu w przeci\u0105gu 24 godzin.Hey Clay to po\u0142\u0105czenie kreatywnej zabawy z aplikacj\u0105 edukacyjn\u0105.Dzi\u0119ki kreatywnej mi\u0119kkiej i delikatnej masie o jaskrawych kolorach jeste\u015b wstanie w\u0142asnor\u0119cznie wykona\u0107 pi\u0119kne figurki\/potworki\/postacie. Aplikacja pe\u0142ni rol\u0119 przewodnika do tworzenia ich zaczynaj\u0105c od prostych kszta\u0142t\u00f3w a\u017c do sklejenia pe\u0142nowymiarowej postaci pobudzaj\u0105c wyobra\u017ani\u0119. Jest przeznaczona do kreatywnej zabawy i kolekcjonowania w\u0142asnor\u0119cznie wykonanych postaci.<\/p>\n<h2>Tm Toys Hey Clay Masa Plastyczna Muzon Obcy Kosmita TM Toys<\/h2>\n<p>lilianna, halloween dla dzieci warszawa 2021, sentencje o dzieciach, dawne ko\u0142ysanki teksty, bursztynek, kanapki dla dzieci, halloween dla dzieci 2021<\/p>\n<p>yyyyy<\/p>\n<p>&nbsp;<\/p>\n","protected":false},"excerpt":{"rendered":"<p>Muzon pracowa\u0142 jako in\u017cynier fizyk w tajnym laboratorium, ale co\u015b posz\u0142o nie tak teraz jest \u0142adnym potworem i s\u0142awnym DJ-em!Hey Clay zawiera 5 pojemnik\u00f3w z mi\u0119kk\u0105, pachn\u0105c\u0105 kreatywn\u0105 mas\u0105 oraz kod dost\u0119pu do aplikacji. Kolory przedstawione s\u0105 na opakowaniu, pozwalaj\u0105 na stworzenie wybranej figurki. Cz\u0119\u015b\u0107 masy pozostaje do ponownego wykorzystania, dzi\u0119ki czemu mo\u017cna zrealizowa\u0107 sw\u00f3j [&hellip;]<\/p>\n","protected":false},"featured_media":11144,"comment_status":"closed","ping_status":"open","template":"","meta":[],"product_cat":[145,21],"product_tag":[801,648,583,678,868,820],"class_list":["post-11143","product","type-product","status-publish","has-post-thumbnail","hentry","product_cat-tm-toys","product_cat-zabawki-plastyczne","product_tag-bajki-terapeutyczne-o-emocjach","product_tag-dobrej-nocy-i-sza","product_tag-kolysanki-dla-dzieci-tekst","product_tag-prezent-na-roczek-dla-dziewczynki","product_tag-quizy-dla-dzieci","product_tag-ziemia-wyspa-zielona-tekst"],"_links":{"self":[{"href":"http:\/\/klubmamgdynia.pl\/index.php\/wp-json\/wp\/v2\/product\/11143","targetHints":{"allow":["GET"]}}],"collection":[{"href":"http:\/\/klubmamgdynia.pl\/index.php\/wp-json\/wp\/v2\/product"}],"about":[{"href":"http:\/\/klubmamgdynia.pl\/index.php\/wp-json\/wp\/v2\/types\/product"}],"replies":[{"embeddable":true,"href":"http:\/\/klubmamgdynia.pl\/index.php\/wp-json\/wp\/v2\/comments?post=11143"}],"wp:featuredmedia":[{"embeddable":true,"href":"http:\/\/klubmamgdynia.pl\/index.php\/wp-json\/wp\/v2\/media\/11144"}],"wp:attachment":[{"href":"http:\/\/klubmamgdynia.pl\/index.php\/wp-json\/wp\/v2\/media?parent=11143"}],"wp:term":[{"taxonomy":"product_cat","embeddable":true,"href":"http:\/\/klubmamgdynia.pl\/index.php\/wp-json\/wp\/v2\/product_cat?post=11143"},{"taxonomy":"product_tag","embeddable":true,"href":"http:\/\/klubmamgdynia.pl\/index.php\/wp-json\/wp\/v2\/product_tag?post=11143"}],"curies":[{"name":"wp","href":"https:\/\/api.w.org\/{rel}","templated":true}]}}