{"id":11145,"date":"2013-03-10T22:06:59","date_gmt":"2013-03-10T21:06:59","guid":{"rendered":"http:\/\/klubmamgdynia.pl\/index.php\/produkt\/microsoft-arc-liliowa-czv00066\/"},"modified":"2026-04-06T01:05:20","modified_gmt":"2026-04-05T23:05:20","slug":"microsoft-arc-liliowa-czv00066","status":"publish","type":"product","link":"http:\/\/klubmamgdynia.pl\/index.php\/produkt\/microsoft-arc-liliowa-czv00066\/","title":{"rendered":"Microsoft Arc Liliowa (Czv00066)"},"content":{"rendered":"<p>Oryginalna mysz Microsoft Arc Mouse (liliowa)Mysz Microsoft Arc Mouse idealnie dostosowuje si\u0119 do kszta\u0142tu d\u0142oni i rozk\u0142ada si\u0119 na p\u0142asko, dzi\u0119ki czemu zmie\u015bci si\u0119 w ka\u017cdej torbie. \u0141\u0105czy si\u0119 przez Bluetooth. Umo\u017cliwia mi\u0119dzy innymi przewijanie zar\u00f3wno w pionie, jak i w poziomie. Sparuj z komputerem Windows 10 od razu po wyj\u0119ciu z pude\u0142ka po w\u0142\u0105czeniu funkcji Swift Pair.Smuk\u0142a, lekka i przystosowana do przewo\u017ceniaRozk\u0142ada si\u0119 na p\u0142askoIntuicyjna obs\u0142ugaElegancki, nowoczesny wygl\u0105dW\u0142\u0105czanie i wy\u0142\u0105czanie przez wygi\u0119cieSprawdzi si\u0119 w ka\u017cdym miejscu pracyPrawdziwa bezprzewodowa swobodaNowa, oryginalnie zapakowana przez producenta.Dane techniczne:Interfejs po\u0142\u0105czenia: Zgodno\u015b\u0107 ze standardem Bluetooth\u00ae Low Energy 4.0 \/ 4.1 \/ 4.2 \/ 5.0Cz\u0119stotliwo\u015b\u0107 \u0142\u0105czno\u015bci bezprzewodowej: Zakres cz\u0119stotliwo\u015bci 2,4 GHzZasi\u0119g \u0142\u0105czno\u015bci bezprzewodowej: 10 m w przestrzeni otwartej, do 5 m w typowym \u015brodowisku biurowymZgodno\u015b\u0107: Windows 11 Home\/Pro\/ 10 \/ 8.1*, Urz\u0105dzenie musi obs\u0142ugiwa\u0107 standard Bluetooth 4.0\u00ae lub nowszy, Wymagana instalacja oprogramowania Centrum myszy i klawiatur. Do pobrania plik\u00f3w instalacyjnych wymagane jest spe\u0142nienie nast\u0119puj\u0105cych wymaga\u0144: system Microsoft Windows 11 Home\/Pro \/ 10 \/ 8.1 oraz 150 MB dost\u0119pnego miejsca na dysku.Wymiary: 131,31 x 55,11 x 14,22 mmWaga: 82,5 g (z bateriami)Bateria: 2 baterie alkaliczne AAA (w zestawie)Czas pracy baterii: Do 6 miesi\u0119cySzczeg\u00f3\u0142owe dane techniczne: System \u015bledzenia: Microsoft BlueTrack\u2122 Technology, Wsp\u00f3\u0142czynnik przetwarzania obraz\u00f3w: do 4000 klatek na sekund\u0119 z dynamiczn\u0105 adaptacj\u0105, Rozdzielczo\u015b\u0107 X-Y: 1000 punkt\u00f3w na cal (39,4 punktu na milimetr), Pr\u0119dko\u015b\u0107 \u015bledzenia: do 30 cali (762 milimetry) na sekund\u0119Dzia\u0142anie funkcji produktu: Funkcje przycisk\u00f3w: 2 przyciski, lewy i prawy przycisk myszy, Cechy konstrukcyjne: gi\u0119tki ogon, Funkcje przewijania: pe\u0142na p\u0142aszczyzna przewijania w poziomie i pionie, Funkcje zaawansowane: Swift Pair do \u0142atwego parowania myszy z komputerem3*Zgodno\u015b\u0107 z systemami Windows 11 Home\/Pro oraz Windows 10 z najnowszymi aktualizacjami.Zgodnie z Ustaw\u0105 z dnia 4 lutego 1994 r. o prawie autorskim i prawach pokrewnych (Dz.U. 1994\/24\/83) za naruszenie praw w\u0142asno\u015bci poprzez kopiowanie, powielanie i rozpowszechnianie przedstawionych wy\u017cej tre\u015bci bez zgody w\u0142a\u015bciciela grozi grzywn\u0105 oraz kar\u0105 pozbawienia wolno\u015bci (art. 115.1).<\/p>\n<h2>Microsoft Arc Liliowa (Czv00066) Microsoft<\/h2>\n<p>kolorowanki super zings, wroc\u0142aw dla dzieci, impreza halloween 2021 dla dzieci, zdania do pisania dla dzieci do wydruku, lucyna, cytat dziecko, kolorowanki z bajek, opowiadanie o jesieni dla dzieci, bajka o \u017cabie, zdrowe dania dla dzieci, jagna, henryk<\/p>\n<p>yyyyy<\/p>\n<p>&nbsp;<\/p>\n","protected":false},"excerpt":{"rendered":"<p>Oryginalna mysz Microsoft Arc Mouse (liliowa)Mysz Microsoft Arc Mouse idealnie dostosowuje si\u0119 do kszta\u0142tu d\u0142oni i rozk\u0142ada si\u0119 na p\u0142asko, dzi\u0119ki czemu zmie\u015bci si\u0119 w ka\u017cdej torbie. \u0141\u0105czy si\u0119 przez Bluetooth. Umo\u017cliwia mi\u0119dzy innymi przewijanie zar\u00f3wno w pionie, jak i w poziomie. Sparuj z komputerem Windows 10 od razu po wyj\u0119ciu z pude\u0142ka po w\u0142\u0105czeniu [&hellip;]<\/p>\n","protected":false},"featured_media":11146,"comment_status":"closed","ping_status":"open","template":"","meta":[],"product_cat":[1947,1943],"product_tag":[871,863,598,776,640,608,793],"class_list":["post-11145","product","type-product","status-publish","has-post-thumbnail","hentry","product_cat-microsoft","product_cat-myszy-i-trackballe","product_tag-bajka-o-smoku-wawelskim","product_tag-bajki-dla-dziewczynek","product_tag-co-na-roczek-dla-dziewczynki","product_tag-dobrej-nocy","product_tag-prezent-dla-rocznej-dziewczynki","product_tag-zagadki-i-odpowiedzi","product_tag-zagadki-smieszne-podchwytliwe"],"_links":{"self":[{"href":"http:\/\/klubmamgdynia.pl\/index.php\/wp-json\/wp\/v2\/product\/11145","targetHints":{"allow":["GET"]}}],"collection":[{"href":"http:\/\/klubmamgdynia.pl\/index.php\/wp-json\/wp\/v2\/product"}],"about":[{"href":"http:\/\/klubmamgdynia.pl\/index.php\/wp-json\/wp\/v2\/types\/product"}],"replies":[{"embeddable":true,"href":"http:\/\/klubmamgdynia.pl\/index.php\/wp-json\/wp\/v2\/comments?post=11145"}],"wp:featuredmedia":[{"embeddable":true,"href":"http:\/\/klubmamgdynia.pl\/index.php\/wp-json\/wp\/v2\/media\/11146"}],"wp:attachment":[{"href":"http:\/\/klubmamgdynia.pl\/index.php\/wp-json\/wp\/v2\/media?parent=11145"}],"wp:term":[{"taxonomy":"product_cat","embeddable":true,"href":"http:\/\/klubmamgdynia.pl\/index.php\/wp-json\/wp\/v2\/product_cat?post=11145"},{"taxonomy":"product_tag","embeddable":true,"href":"http:\/\/klubmamgdynia.pl\/index.php\/wp-json\/wp\/v2\/product_tag?post=11145"}],"curies":[{"name":"wp","href":"https:\/\/api.w.org\/{rel}","templated":true}]}}