{"id":11149,"date":"2022-02-02T00:36:15","date_gmt":"2022-02-01T23:36:15","guid":{"rendered":"http:\/\/klubmamgdynia.pl\/index.php\/produkt\/baby-born-surprise-siusiajaca-laleczka-w-paczuszce-niespodziance-z-serii-garden-904244\/"},"modified":"2026-04-08T11:36:23","modified_gmt":"2026-04-08T09:36:23","slug":"baby-born-surprise-siusiajaca-laleczka-w-paczuszce-niespodziance-z-serii-garden-904244","status":"publish","type":"product","link":"http:\/\/klubmamgdynia.pl\/index.php\/produkt\/baby-born-surprise-siusiajaca-laleczka-w-paczuszce-niespodziance-z-serii-garden-904244\/","title":{"rendered":"Baby Born Surprise Siusiaj\u0105ca Laleczka W Paczuszce Niespodziance Z Serii Garden 904244"},"content":{"rendered":"<p>BABY born Surprise &#8211; Siusiaj\u0105ca laleczka w Paczuszce Niespodziance z serii Garden                            <\/p>\n<p>Siusiaj\u0105ca laleczka w Paczuszce Niespodziance z serii Garden 904244. Czy widzieli\u015bcie, jak\u0105 paczk\u0119 przyni\u00f3s\u0142 bocian? Wow, teraz bocian przynosi tak\u017ce m\u0142ode ro\u015bliny. Co kryje si\u0119 w \u015brodku opakowania? Otw\u00f3rz brokatow\u0105 paczuszk\u0119, kt\u00f3ra wygl\u0105da jak kwiat i odkrywaj kolejne niespodzianki! Wewn\u0105trz ukryta jest jedna z uroczych, kolekcjonerskich mini laleczek Baby born Susprise, ubrana w \u015bliczny, oryginalny \u015bpiworek. Ich funkcje mo\u017cna odkrywa\u0107 jeden po drugim. Laleczka ma zamkni\u0119te oczka, je\u015bli chcesz pozna\u0107 ich kolor, przemyj je wod\u0105. Gdy zdejmiesz \u015bpiworek, zobaczysz, jak\u0105 zabawn\u0105 fryzurk\u0119 ma lala, kolor sk\u00f3ry i w\u0142os\u00f3w, czy to ch\u0142opczyk, czy dziewczynka. A to jeszcze nie koniec niespodzianek! Do zestawu do\u0142\u0105czono buteleczk\u0119, kt\u00f3r\u0105 mo\u017cesz napoi\u0107 Baby born. Gdy malutka zrobi siusiu, na pieluszce pojawi si\u0119 odpowiedni wz\u00f3r. Po odkryciu wszystkich funkcji mo\u017cesz wype\u0142ni\u0107 akt urodzenia.                            <\/p>\n<p>Zawarto\u015b\u0107 i cechy zestawu:<br \/>\n\u00a0ma\u0142a laleczka kolekcjonerska Baby born Surprise z funkcj\u0105 picia i siusiania<br \/>\noryginalny, uroczy \u015bpiworek<br \/>\nbuteleczka<br \/>\nmagiczna pieluszka<br \/>\nakt urodzenia z miejscem na uzupe\u0142nienie danych<br \/>\nplakat kolekcjonerski<br \/>\ndo zabawy i kolekcjonowania                            <\/p>\n<p>Zapf Creation &#8211; Baby Born<br \/>\nBaby Born to urocza lalka, kt\u00f3ra ro\u015bnie razem z dziewczynk\u0105. Czasami Baby Born jest jak ma\u0142e dziecko, kt\u00f3re potrzebuje troskliwej opieki, a innym razem to towarzysz zabaw i najlepszy przyjaciel, kt\u00f3ry pod\u0105\u017ca za swoj\u0105 &#8222;mam\u0105&#8221;. W tym celu marka Zapf Creation stworzy\u0142a lalki tematyczne takie jak ksi\u0119\u017cniczka, lekarz czy baletnica, a tak\u017ce mn\u00f3stwo interaktywnych akcesori\u00f3w.<\/p>\n<h2>Baby Born Surprise Siusiaj\u0105ca Laleczka W Paczuszce Niespodziance Z Serii Garden 904244 BABY BORN<\/h2>\n<p>1 listopada dzie\u0144 wszystkich \u015bwi\u0119tych kolorowanki, jak narysowa\u0107 sanie miko\u0142aja, kawa\u0142y na prima aprilis dla rodzic\u00f3w, rodzina cytaty, fajne rzeczy dla nastolatk\u00f3w, prezent dla roczniaka, kawaly na prima aprilis, Keyword, bajka terapeutyczna o emocjach, pomys\u0142 na prezent dla nastolatka, kotek kolorowanka, zaj\u0119cia wielkanocne dla dzieci, kolorowanka pieski, kawaly na prima aprilis, quiz online, bajki dla niemowlakow, test z lektury dynastia mizio\u0142k\u00f3w<\/p>\n<p>yyyyy<\/p>\n<p>&nbsp;<\/p>\n","protected":false},"excerpt":{"rendered":"<p>BABY born Surprise &#8211; Siusiaj\u0105ca laleczka w Paczuszce Niespodziance z serii Garden Siusiaj\u0105ca laleczka w Paczuszce Niespodziance z serii Garden 904244. Czy widzieli\u015bcie, jak\u0105 paczk\u0119 przyni\u00f3s\u0142 bocian? Wow, teraz bocian przynosi tak\u017ce m\u0142ode ro\u015bliny. Co kryje si\u0119 w \u015brodku opakowania? Otw\u00f3rz brokatow\u0105 paczuszk\u0119, kt\u00f3ra wygl\u0105da jak kwiat i odkrywaj kolejne niespodzianki! Wewn\u0105trz ukryta jest jedna [&hellip;]<\/p>\n","protected":false},"featured_media":11150,"comment_status":"closed","ping_status":"open","template":"","meta":[],"product_cat":[176,65],"product_tag":[797,850,713,615],"class_list":["post-11149","product","type-product","status-publish","has-post-thumbnail","hentry","product_cat-baby-born","product_cat-lalki","product_tag-kiekrz","product_tag-wroclaw-atrakcje-dla-dzieci","product_tag-zagadki-logiczne-z-odpowiedziami","product_tag-znane-misie-z-filmow-animowanych"],"_links":{"self":[{"href":"http:\/\/klubmamgdynia.pl\/index.php\/wp-json\/wp\/v2\/product\/11149","targetHints":{"allow":["GET"]}}],"collection":[{"href":"http:\/\/klubmamgdynia.pl\/index.php\/wp-json\/wp\/v2\/product"}],"about":[{"href":"http:\/\/klubmamgdynia.pl\/index.php\/wp-json\/wp\/v2\/types\/product"}],"replies":[{"embeddable":true,"href":"http:\/\/klubmamgdynia.pl\/index.php\/wp-json\/wp\/v2\/comments?post=11149"}],"wp:featuredmedia":[{"embeddable":true,"href":"http:\/\/klubmamgdynia.pl\/index.php\/wp-json\/wp\/v2\/media\/11150"}],"wp:attachment":[{"href":"http:\/\/klubmamgdynia.pl\/index.php\/wp-json\/wp\/v2\/media?parent=11149"}],"wp:term":[{"taxonomy":"product_cat","embeddable":true,"href":"http:\/\/klubmamgdynia.pl\/index.php\/wp-json\/wp\/v2\/product_cat?post=11149"},{"taxonomy":"product_tag","embeddable":true,"href":"http:\/\/klubmamgdynia.pl\/index.php\/wp-json\/wp\/v2\/product_tag?post=11149"}],"curies":[{"name":"wp","href":"https:\/\/api.w.org\/{rel}","templated":true}]}}