{"id":11151,"date":"2023-10-05T18:11:11","date_gmt":"2023-10-05T16:11:11","guid":{"rendered":"http:\/\/klubmamgdynia.pl\/?post_type=product&#038;p=11151"},"modified":"2026-05-01T01:43:32","modified_gmt":"2026-04-30T23:43:32","slug":"acme-papier-foto-a4-210g20s-bl-premium-papier-a4-210-20-premium","status":"publish","type":"product","link":"http:\/\/klubmamgdynia.pl\/index.php\/produkt\/acme-papier-foto-a4-210g20s-bl-premium-papier-a4-210-20-premium\/","title":{"rendered":"ACME Papier foto A4 210g20s BL PREMIUM (PAPIER A4 210\/20 PREMIUM)"},"content":{"rendered":"<p>Wysokiej jako\u015bci papier fotograficzny, zaprojektowany specjalnie dla drukarek atramentowych. Pozwala osi\u0105gn\u0105\u0107 \u015bwietn\u0105 jako\u015b\u0107 wydruku w wysokiej rozdzielczo\u015bci, bo gdy atrament dociera do powierzchni papieru, to natychmiast wysycha bez rozmazywania.Format: A4Typ: 210 g\/m2, b\u0142yszcz\u0105cyIlo\u015b\u0107: 20 kartekOpakowanie: Pude\u0142koWysokiej jako\u015bci papier fotograficzny, zaprojektowany specjalnie dla drukarek atramentowych. Pozwala osi\u0105gn\u0105\u0107 \u015bwietn\u0105 jako\u015b\u0107 wydruku w wysokiej rozdzielczo\u015bci, bo gdy atrament dociera do powierzchni papieru, to natychmiast wysycha bez rozmazywania.Format: A4Typ: 210 g\/m2, b\u0142yszcz\u0105cyIlo\u015b\u0107: 20 kartekOpakowanie: Pude\u0142ko<\/p>\n<h2>ACME Papier foto A4 210g20s BL PREMIUM (PAPIER A4 210\/20 PREMIUM) ACME<\/h2>\n<p>mini zoo mazowieckie, oryginalny prezent na roczek dla ch\u0142opca, najlepsze zagadki, kolorowanki dla dziewczynek, klockownia wroc\u0142aw, zagadki dla dzieci 9 10 lat z odpowiedziami, tupu tup po \u015bniegu tekst, kolorowe kanapki kanapki dla dzieci, motyl kolorowanka, dziwne zagadki, jak dobra\u0107 narty dla dziecka, zagadki na logike, kolorowanki dla dziewczyn, uk\u0142ad s\u0142oneczny do druku, co kupi\u0107 na roczek dla dziewczynki<\/p>\n<p>yyyyy<\/p>\n<p>&nbsp;<\/p>\n","protected":false},"excerpt":{"rendered":"<p>Wysokiej jako\u015bci papier fotograficzny, zaprojektowany specjalnie dla drukarek atramentowych. Pozwala osi\u0105gn\u0105\u0107 \u015bwietn\u0105 jako\u015b\u0107 wydruku w wysokiej rozdzielczo\u015bci, bo gdy atrament dociera do powierzchni papieru, to natychmiast wysycha bez rozmazywania.Format: A4Typ: 210 g\/m2, b\u0142yszcz\u0105cyIlo\u015b\u0107: 20 kartekOpakowanie: Pude\u0142koWysokiej jako\u015bci papier fotograficzny, zaprojektowany specjalnie dla drukarek atramentowych. Pozwala osi\u0105gn\u0105\u0107 \u015bwietn\u0105 jako\u015b\u0107 wydruku w wysokiej rozdzielczo\u015bci, bo gdy atrament [&hellip;]<\/p>\n","protected":false},"featured_media":11152,"comment_status":"closed","ping_status":"open","template":"","meta":[],"product_cat":[1944,1948],"product_tag":[696,583,870,705,636],"class_list":["post-11151","product","type-product","status-publish","has-post-thumbnail","hentry","product_cat-acme","product_cat-papier-fotograficzny","product_tag-film-rodzinny-o-swietach","product_tag-kolysanki-dla-dzieci-tekst","product_tag-prezent-dla-chlopca-na-roczek","product_tag-prezent-na-roczek-dla-chlopca","product_tag-teksty-kolysanek"],"_links":{"self":[{"href":"http:\/\/klubmamgdynia.pl\/index.php\/wp-json\/wp\/v2\/product\/11151","targetHints":{"allow":["GET"]}}],"collection":[{"href":"http:\/\/klubmamgdynia.pl\/index.php\/wp-json\/wp\/v2\/product"}],"about":[{"href":"http:\/\/klubmamgdynia.pl\/index.php\/wp-json\/wp\/v2\/types\/product"}],"replies":[{"embeddable":true,"href":"http:\/\/klubmamgdynia.pl\/index.php\/wp-json\/wp\/v2\/comments?post=11151"}],"wp:featuredmedia":[{"embeddable":true,"href":"http:\/\/klubmamgdynia.pl\/index.php\/wp-json\/wp\/v2\/media\/11152"}],"wp:attachment":[{"href":"http:\/\/klubmamgdynia.pl\/index.php\/wp-json\/wp\/v2\/media?parent=11151"}],"wp:term":[{"taxonomy":"product_cat","embeddable":true,"href":"http:\/\/klubmamgdynia.pl\/index.php\/wp-json\/wp\/v2\/product_cat?post=11151"},{"taxonomy":"product_tag","embeddable":true,"href":"http:\/\/klubmamgdynia.pl\/index.php\/wp-json\/wp\/v2\/product_tag?post=11151"}],"curies":[{"name":"wp","href":"https:\/\/api.w.org\/{rel}","templated":true}]}}