{"id":11155,"date":"2024-10-01T20:01:13","date_gmt":"2024-10-01T18:01:13","guid":{"rendered":"http:\/\/klubmamgdynia.pl\/?post_type=product&#038;p=11155"},"modified":"2026-04-29T18:36:39","modified_gmt":"2026-04-29T16:36:39","slug":"alexander-zest-kreat-ekokreator-drew-150el-plx-alx-pud","status":"publish","type":"product","link":"http:\/\/klubmamgdynia.pl\/index.php\/produkt\/alexander-zest-kreat-ekokreator-drew-150el-plx-alx-pud\/","title":{"rendered":"Alexander Zest Kreat Ekokreator Drew 150El Plx Alx Pud"},"content":{"rendered":"<p>Opis: Gra Eco Fun &#8211; Ekokreator 150 element\u00f3w Przepis na \u015bwietn\u0105, ponadczasow\u0105 zabawk\u0119 jest bardzo prosty. Musi by\u0107 ekologiczna, rozbudza\u0107 w dzieciach kreatywno\u015b\u0107 i pozwala\u0107 na wiele godzin rozrywki bez momentu znudzenia! Taka jest seria EKOKREATOR, kt\u00f3ra pozwala uwolni\u0107 wyobra\u017ani\u0119 i stworzy\u0107 z drewnianych deseczek zjawiskowe konstrukcje. Do zestawu do\u0142\u0105czony zosta\u0142 album z inspiracjami, ale nic nie stoi na przeszkodzie, \u017ceby realizowa\u0107 w\u0142asne pomys\u0142y, wedle w\u0142asnych wyobra\u017ce\u0144! W pude\u0142ku znajdziemy 150 element\u00f3w, dzi\u0119ki czemu zabawa przypadnie do gustu zar\u00f3wno pocz\u0105tkuj\u0105cym, jak i bardziej zaawansowanym konstruktorom.Marka: Eco FunRodzaj: EdukacyjneMin. liczba graczy: 1Max. liczba graczy: Bez ogranicze\u0144Wersja: PodstawaWersja j\u0119zykowa: PolskaWymagania wiekowe: 3P\u0142e\u0107: Ch\u0142opcyP\u0142e\u0107: DziewczynkiProdukt na baterie: NieBaterie w zestawie: NieZasilanie: Nie dotyczyPozosta\u0142e parametry: Wymiary opakowania: 30 x 38 x 7 cm&#8230;<\/p>\n<h2>Alexander Zest Kreat Ekokreator Drew 150El Plx Alx Pud Alexander<\/h2>\n<p>mandale do druku, zemsta test wiedzy, sentencje o rodzinie, piesek do kolorowania, mapa europy do druku, pomys\u0142y na prezent dla nastolatki, magiczne drzewo czerwone krzes\u0142o test<\/p>\n<p>yyyyy<\/p>\n<p>&nbsp;<\/p>\n","protected":false},"excerpt":{"rendered":"<p>Opis: Gra Eco Fun &#8211; Ekokreator 150 element\u00f3w Przepis na \u015bwietn\u0105, ponadczasow\u0105 zabawk\u0119 jest bardzo prosty. Musi by\u0107 ekologiczna, rozbudza\u0107 w dzieciach kreatywno\u015b\u0107 i pozwala\u0107 na wiele godzin rozrywki bez momentu znudzenia! Taka jest seria EKOKREATOR, kt\u00f3ra pozwala uwolni\u0107 wyobra\u017ani\u0119 i stworzy\u0107 z drewnianych deseczek zjawiskowe konstrukcje. Do zestawu do\u0142\u0105czony zosta\u0142 album z inspiracjami, ale [&hellip;]<\/p>\n","protected":false},"featured_media":11156,"comment_status":"closed","ping_status":"open","template":"","meta":[],"product_cat":[246,21],"product_tag":[833,844,656,742,793],"class_list":["post-11155","product","type-product","status-publish","has-post-thumbnail","hentry","product_cat-alexander","product_cat-zabawki-plastyczne","product_tag-bajki-dla-dzieci-do-czytania","product_tag-co-kupic-na-roczek","product_tag-kolorowanki-lol","product_tag-piosenki-dla-dzieci-tekst","product_tag-zagadki-smieszne-podchwytliwe"],"_links":{"self":[{"href":"http:\/\/klubmamgdynia.pl\/index.php\/wp-json\/wp\/v2\/product\/11155","targetHints":{"allow":["GET"]}}],"collection":[{"href":"http:\/\/klubmamgdynia.pl\/index.php\/wp-json\/wp\/v2\/product"}],"about":[{"href":"http:\/\/klubmamgdynia.pl\/index.php\/wp-json\/wp\/v2\/types\/product"}],"replies":[{"embeddable":true,"href":"http:\/\/klubmamgdynia.pl\/index.php\/wp-json\/wp\/v2\/comments?post=11155"}],"wp:featuredmedia":[{"embeddable":true,"href":"http:\/\/klubmamgdynia.pl\/index.php\/wp-json\/wp\/v2\/media\/11156"}],"wp:attachment":[{"href":"http:\/\/klubmamgdynia.pl\/index.php\/wp-json\/wp\/v2\/media?parent=11155"}],"wp:term":[{"taxonomy":"product_cat","embeddable":true,"href":"http:\/\/klubmamgdynia.pl\/index.php\/wp-json\/wp\/v2\/product_cat?post=11155"},{"taxonomy":"product_tag","embeddable":true,"href":"http:\/\/klubmamgdynia.pl\/index.php\/wp-json\/wp\/v2\/product_tag?post=11155"}],"curies":[{"name":"wp","href":"https:\/\/api.w.org\/{rel}","templated":true}]}}