{"id":11157,"date":"2024-09-19T05:22:47","date_gmt":"2024-09-19T03:22:47","guid":{"rendered":"http:\/\/klubmamgdynia.pl\/?post_type=product&#038;p=11157"},"modified":"2026-05-02T12:00:02","modified_gmt":"2026-05-02T10:00:02","slug":"tuban-zestaw-super-slime-truskawka","status":"publish","type":"product","link":"http:\/\/klubmamgdynia.pl\/index.php\/produkt\/tuban-zestaw-super-slime-truskawka\/","title":{"rendered":"Tuban Zestaw Super Slime Truskawka"},"content":{"rendered":"<p>Czerwony Truskawkowy Slime to kolejny pachn\u0105cy glutek z naszej oferty. Stworzysz go korzystaj\u0105c z zapachowego kleju PVA, kt\u00f3ry do\u0142\u0105czyli\u015bmy do zestawu DIY Super Slime. Je\u015bli b\u0119dziesz post\u0119powa\u0107 zgodnie z naszymi wskaz\u00f3wkami, jego przygotowanie nie powinno przysporzy\u0107 Ci wi\u0119kszych trudno\u015bci. Do ka\u017cdego zestawu do\u0142\u0105czyli\u015bmy instrukcj\u0119 obs\u0142ugi, wi\u0119c nie musisz martwi\u0107 si\u0119 tym, \u017ce co\u015b Ci si\u0119 nie uda. Ka\u017cdy z naszych zestaw\u00f3w mo\u017cesz uzupe\u0142nia\u0107 tak\u017ce najr\u00f3\u017cniejszymi dodatkami. Truskawkowy Slime mieni\u0105cy si\u0119 brokatowymi drobinkami \u2013 nie b\u0119dzie mia\u0142 sobie r\u00f3wnych. Z naszymi zestawami tw\u00f3rcza zabawa nigdy si\u0119 nie ko\u0144czy.Zestaw DIY Super Slime TRUSKAWKA zawiera:- 100 ml czerwonego kleju PVA o zapachu truskawki;- 100 ml aktywatora;- czerwony brokat 1,5 g;- szpatu\u0142k\u0119 do rozmieszania sk\u0142adnik\u00f3w;- pojemniczek.Jak si\u0119 bawi\u0107?1. Wlej czerwony klej PVA do miseczki\/pojemnika.2. Je\u015bli chcesz by Tw\u00f3j Slime mieni\u0142 si\u0119 brokatowymi drobinkami, do kleju dodajbrokat i dok\u0142adnie rozmieszaj sk\u0142adniki.3. Powoli dolewaj aktywator. Mieszaj Slime tak d\u0142ugo, a\u017c masa zacznie oddziela\u0107 si\u0119 od \u015bcianek pojemnika.4. Wyrabiaj Slime do uzyskania poprzez niego idealnej konsystencji. Je\u015bli nadal b\u0119dzie zbyt mocno klei\u0142 si\u0119 do r\u0105k, dodaj do niego jeszcze odrobin\u0119 aktywatora.5. Tw\u00f3j truskawkowy Slime jest ju\u017c gotowy! Je\u015bli chcesz sprawi\u0107, by nabra\u0142 on mieni\u0105cego blasku,to koniecznie do\u0142\u0105cz do Slime czerwony brokat, kt\u00f3ry znajduje si\u0119 w kartonowym zestawie.6. Pami\u0119taj, \u017ce Slime na d\u0142u\u017cej zachowa swoje w\u0142a\u015bciwo\u015bci i nie b\u0119dzie wysycha\u0107,je\u015bli po sko\u0144czonej zabawie schowasz go do zamykanego pude\u0142ka.Dla bezpiecze\u0144stwa zach\u0119camy do za\u0142o\u017cenia fartuszka ochronnego i r\u0119kawiczek :)WA\u017bNE:- Nasze produkty s\u0105 bezpieczne dla dzieci.- W swoim sk\u0142adzie nie zawieraj\u0105 boraksu ani \u017cadnych substancji toksycznych!Wyprodukowano w Polsce.Wiek 6+<\/p>\n<h2>Tuban Zestaw Super Slime Truskawka Tuban<\/h2>\n<p>pisanki woskiem wzory, czytanki na dobranoc, zagadki na my\u015blenie, janusz, znaczenie imienia gabriel, pikachu kolorowanka, domki nad morzem z atrakcjami dla dzieci, zabawka na roczek, rysowanki, malgorzata imi\u0119, tr\u00f3jmiasto atrakcje dla dzieci<\/p>\n<p>yyyyy<\/p>\n<p>&nbsp;<\/p>\n","protected":false},"excerpt":{"rendered":"<p>Czerwony Truskawkowy Slime to kolejny pachn\u0105cy glutek z naszej oferty. Stworzysz go korzystaj\u0105c z zapachowego kleju PVA, kt\u00f3ry do\u0142\u0105czyli\u015bmy do zestawu DIY Super Slime. Je\u015bli b\u0119dziesz post\u0119powa\u0107 zgodnie z naszymi wskaz\u00f3wkami, jego przygotowanie nie powinno przysporzy\u0107 Ci wi\u0119kszych trudno\u015bci. Do ka\u017cdego zestawu do\u0142\u0105czyli\u015bmy instrukcj\u0119 obs\u0142ugi, wi\u0119c nie musisz martwi\u0107 si\u0119 tym, \u017ce co\u015b Ci si\u0119 [&hellip;]<\/p>\n","protected":false},"featured_media":11158,"comment_status":"closed","ping_status":"open","template":"","meta":[],"product_cat":[558,21],"product_tag":[845,680,755,706,789,770,672],"class_list":["post-11157","product","type-product","status-publish","has-post-thumbnail","hentry","product_cat-tuban","product_cat-zabawki-plastyczne","product_tag-ach-spij-kochanie-tekst","product_tag-cytaty-z-malego-ksiecia","product_tag-henryk","product_tag-imie-kuba","product_tag-kaczuszka","product_tag-samolot-z-papieru","product_tag-trudne-zagadki-z-odpowiedziami"],"_links":{"self":[{"href":"http:\/\/klubmamgdynia.pl\/index.php\/wp-json\/wp\/v2\/product\/11157","targetHints":{"allow":["GET"]}}],"collection":[{"href":"http:\/\/klubmamgdynia.pl\/index.php\/wp-json\/wp\/v2\/product"}],"about":[{"href":"http:\/\/klubmamgdynia.pl\/index.php\/wp-json\/wp\/v2\/types\/product"}],"replies":[{"embeddable":true,"href":"http:\/\/klubmamgdynia.pl\/index.php\/wp-json\/wp\/v2\/comments?post=11157"}],"wp:featuredmedia":[{"embeddable":true,"href":"http:\/\/klubmamgdynia.pl\/index.php\/wp-json\/wp\/v2\/media\/11158"}],"wp:attachment":[{"href":"http:\/\/klubmamgdynia.pl\/index.php\/wp-json\/wp\/v2\/media?parent=11157"}],"wp:term":[{"taxonomy":"product_cat","embeddable":true,"href":"http:\/\/klubmamgdynia.pl\/index.php\/wp-json\/wp\/v2\/product_cat?post=11157"},{"taxonomy":"product_tag","embeddable":true,"href":"http:\/\/klubmamgdynia.pl\/index.php\/wp-json\/wp\/v2\/product_tag?post=11157"}],"curies":[{"name":"wp","href":"https:\/\/api.w.org\/{rel}","templated":true}]}}