{"id":11159,"date":"2010-11-03T08:41:07","date_gmt":"2010-11-03T07:41:07","guid":{"rendered":"http:\/\/klubmamgdynia.pl\/index.php\/produkt\/okulary-przeciwsloneczne-carrera-1047-807-m9-62-z-polaryzacja\/"},"modified":"2026-04-22T22:09:28","modified_gmt":"2026-04-22T20:09:28","slug":"okulary-przeciwsloneczne-carrera-1047-807-m9-62-z-polaryzacja","status":"publish","type":"product","link":"http:\/\/klubmamgdynia.pl\/index.php\/produkt\/okulary-przeciwsloneczne-carrera-1047-807-m9-62-z-polaryzacja\/","title":{"rendered":"Okulary przeciws\u0142oneczne Carrera 1047 807 M9 62 z polaryzacj\u0105"},"content":{"rendered":"<p>Okulary przeciws\u0142oneczne Carrera 1047 807 M9 z polaryzacj\u0105Rozmiar: 62Kategoria filtra: 3<\/p>\n<h2>Okulary przeciws\u0142oneczne Carrera 1047 807 M9 62 z polaryzacj\u0105 Carrera<\/h2>\n<p>wr\u00f3\u017cby andrzejkowe dla dzieci online, zaproszenie na urodziny, mapa polski do druku, jak namalowa\u0107 kota<\/p>\n<p>yyyyy<\/p>\n<p>&nbsp;<\/p>\n","protected":false},"excerpt":{"rendered":"<p>Okulary przeciws\u0142oneczne Carrera 1047 807 M9 z polaryzacj\u0105Rozmiar: 62Kategoria filtra: 3 Okulary przeciws\u0142oneczne Carrera 1047 807 M9 62 z polaryzacj\u0105 Carrera wr\u00f3\u017cby andrzejkowe dla dzieci online, zaproszenie na urodziny, mapa polski do druku, jak namalowa\u0107 kota yyyyy &nbsp;<\/p>\n","protected":false},"featured_media":11160,"comment_status":"closed","ping_status":"open","template":"","meta":[],"product_cat":[140,154],"product_tag":[686,624,639,690,783],"class_list":["post-11159","product","type-product","status-publish","has-post-thumbnail","hentry","product_cat-carrera","product_cat-okulary-przeciwsloneczne-damskie","product_tag-co-na-roczek-dla-chlopca","product_tag-krotkie-zagadki","product_tag-nela-imie","product_tag-pieski-male-dwa-tekst","product_tag-prezenty-na-roczek-dla-chlopca"],"_links":{"self":[{"href":"http:\/\/klubmamgdynia.pl\/index.php\/wp-json\/wp\/v2\/product\/11159","targetHints":{"allow":["GET"]}}],"collection":[{"href":"http:\/\/klubmamgdynia.pl\/index.php\/wp-json\/wp\/v2\/product"}],"about":[{"href":"http:\/\/klubmamgdynia.pl\/index.php\/wp-json\/wp\/v2\/types\/product"}],"replies":[{"embeddable":true,"href":"http:\/\/klubmamgdynia.pl\/index.php\/wp-json\/wp\/v2\/comments?post=11159"}],"wp:featuredmedia":[{"embeddable":true,"href":"http:\/\/klubmamgdynia.pl\/index.php\/wp-json\/wp\/v2\/media\/11160"}],"wp:attachment":[{"href":"http:\/\/klubmamgdynia.pl\/index.php\/wp-json\/wp\/v2\/media?parent=11159"}],"wp:term":[{"taxonomy":"product_cat","embeddable":true,"href":"http:\/\/klubmamgdynia.pl\/index.php\/wp-json\/wp\/v2\/product_cat?post=11159"},{"taxonomy":"product_tag","embeddable":true,"href":"http:\/\/klubmamgdynia.pl\/index.php\/wp-json\/wp\/v2\/product_tag?post=11159"}],"curies":[{"name":"wp","href":"https:\/\/api.w.org\/{rel}","templated":true}]}}