{"id":1116,"date":"2014-03-09T17:01:51","date_gmt":"2014-03-09T16:01:51","guid":{"rendered":"http:\/\/klubmamgdynia.pl\/index.php\/produkt\/spin-master-interaktywna-figurka-psi-patrol-skye\/"},"modified":"2026-04-24T16:22:30","modified_gmt":"2026-04-24T14:22:30","slug":"spin-master-interaktywna-figurka-psi-patrol-skye","status":"publish","type":"product","link":"http:\/\/klubmamgdynia.pl\/index.php\/produkt\/spin-master-interaktywna-figurka-psi-patrol-skye\/","title":{"rendered":"Spin Master Interaktywna Figurka Psi Patrol Skye"},"content":{"rendered":"<p>Interaktywna figurka bohatera serialu animowanego Psi Patrol to wspania\u0142y prezent dla ka\u017cdego ma\u0142ego fana tej bajki.Zabawka ta porusza g\u0142ow\u0105 i wydaje d\u017awi\u0119ki po naci\u015bni\u0119ciu guzika.Pobudzi wyobra\u017anie dziecka, oraz jego kreatywno\u015b\u0107.Twoje dziecko b\u0119dzie mog\u0142o wcieli si\u0119 w swojego ulubionego bohatera bajki Psi Patrol.Zawarto\u015b\u0107:Figurka pieska ChaseWymiaryOpakowania 19 x 16 x 10 cmPieska 15 x 11 cm<\/p>\n<h2>Spin Master Interaktywna Figurka Psi Patrol Skye Spin Master<\/h2>\n<p>atrakcje dla dzieci krak\u00f3w, cytaty o dzieciach, kolorowanka pikachu, swinka peppa obrazek, quiz dynastia mizio\u0142k\u00f3w<\/p>\n<p>yyyyy<\/p>\n<p>&nbsp;<\/p>\n","protected":false},"excerpt":{"rendered":"<p>Interaktywna figurka bohatera serialu animowanego Psi Patrol to wspania\u0142y prezent dla ka\u017cdego ma\u0142ego fana tej bajki.Zabawka ta porusza g\u0142ow\u0105 i wydaje d\u017awi\u0119ki po naci\u015bni\u0119ciu guzika.Pobudzi wyobra\u017anie dziecka, oraz jego kreatywno\u015b\u0107.Twoje dziecko b\u0119dzie mog\u0142o wcieli si\u0119 w swojego ulubionego bohatera bajki Psi Patrol.Zawarto\u015b\u0107:Figurka pieska ChaseWymiaryOpakowania 19 x 16 x 10 cmPieska 15 x 11 cm Spin [&hellip;]<\/p>\n","protected":false},"featured_media":1117,"comment_status":"closed","ping_status":"open","template":"","meta":[],"product_cat":[94,39],"product_tag":[658,676,795,759],"class_list":["post-1116","product","type-product","status-publish","has-post-thumbnail","hentry","product_cat-spin-master","product_cat-zabawki-interaktywne","product_tag-alan-znaczenie-imienia","product_tag-bursztynek","product_tag-mini-zoo-warszawa","product_tag-pomysly-na-prezent-dla-nastolatkow"],"_links":{"self":[{"href":"http:\/\/klubmamgdynia.pl\/index.php\/wp-json\/wp\/v2\/product\/1116","targetHints":{"allow":["GET"]}}],"collection":[{"href":"http:\/\/klubmamgdynia.pl\/index.php\/wp-json\/wp\/v2\/product"}],"about":[{"href":"http:\/\/klubmamgdynia.pl\/index.php\/wp-json\/wp\/v2\/types\/product"}],"replies":[{"embeddable":true,"href":"http:\/\/klubmamgdynia.pl\/index.php\/wp-json\/wp\/v2\/comments?post=1116"}],"wp:featuredmedia":[{"embeddable":true,"href":"http:\/\/klubmamgdynia.pl\/index.php\/wp-json\/wp\/v2\/media\/1117"}],"wp:attachment":[{"href":"http:\/\/klubmamgdynia.pl\/index.php\/wp-json\/wp\/v2\/media?parent=1116"}],"wp:term":[{"taxonomy":"product_cat","embeddable":true,"href":"http:\/\/klubmamgdynia.pl\/index.php\/wp-json\/wp\/v2\/product_cat?post=1116"},{"taxonomy":"product_tag","embeddable":true,"href":"http:\/\/klubmamgdynia.pl\/index.php\/wp-json\/wp\/v2\/product_tag?post=1116"}],"curies":[{"name":"wp","href":"https:\/\/api.w.org\/{rel}","templated":true}]}}