{"id":11161,"date":"2012-11-06T03:42:37","date_gmt":"2012-11-06T02:42:37","guid":{"rendered":"http:\/\/klubmamgdynia.pl\/index.php\/produkt\/lean-toys-policja-59el-337210651367\/"},"modified":"2026-04-30T06:13:22","modified_gmt":"2026-04-30T04:13:22","slug":"lean-toys-policja-59el-337210651367","status":"publish","type":"product","link":"http:\/\/klubmamgdynia.pl\/index.php\/produkt\/lean-toys-policja-59el-337210651367\/","title":{"rendered":"Lean Toys Policja 59El 337210651367"},"content":{"rendered":"<p>Wozy Policyjne i budynek + akcesoriaWyj\u0105tkowy zestaw z motywem Policji dla przysz\u0142ego str\u00f3\u017ca prawa. Komplet sk\u0142ada si\u0119 z imponuj\u0105cej liczby 59 element\u00f3w \u2014 ka\u017cdy z nich wykonany jest z bezpiecznego i wysokogatunkowego materia\u0142u, dzi\u0119ki czemu czas sp\u0119dzony na zabawie b\u0119dzie tym najlepszym. Ze wzgl\u0119du na ma\u0142e rozmiary wspomnianych cz\u0119\u015bci, zabawka przeznaczona jest dla dzieci, kt\u00f3re osi\u0105gn\u0119\u0142y 6. rok \u017cycia.Komplet sk\u0142adaj\u0105cy si\u0119 z dw\u00f3ch samochod\u00f3w policyjnych i bazy b\u0119dzie sposobem na \u015bwietn\u0105 zabaw\u0119 szkraba z rodze\u0144stwem lub rodzicami. Z ma\u0142\u0105 pomoc\u0105 opiekuna dziecko w kr\u00f3tkim czasie z\u0142o\u017cy budynek Policji, umieszczaj\u0105c na nim najwa\u017cniejsze wyposa\u017cenie \u2014 anten\u0119 satelitarn\u0105 i kamery \u2014 obrazkowa instrukcja umieszczona na pude\u0142ku z pewno\u015bci\u0105 u\u0142atwi to zadanie. Poszczeg\u00f3lne elementy bazy i samochod\u00f3w s\u0105 ruchome, co dodatkowo zwi\u0119ksza przyjemno\u015b\u0107 p\u0142yn\u0105c\u0105 z zabawy.Dlaczego warto zdecydowa\u0107 si\u0119 na zabawkowy zestaw ma\u0142ego policjanta? Ten komplet zawiera w sobie wszystko, co potrzeba, a dodatkowo \u015bwieci, wydaje d\u017awi\u0119ki i posiada odbiornik \u2014 po naci\u015bni\u0119ciu odpowiedniego przycisku dziecko us\u0142yszy muzyczk\u0119 lub nagranie.By maluch m\u00f3g\u0142 bawi\u0107 si\u0119, korzystaj\u0105c ze wszystkich udogodnie\u0144, jakie znajduj\u0105 si\u0119 w zabawce, warto pami\u0119ta\u0107 o zakupieniu 2 sztuk baterii AAA, kt\u00f3re nie s\u0105 do\u0142\u0105czone do zestawu, by uruchomi\u0107 nimi nadajnik.Na zestaw dla ma\u0142ego str\u00f3\u017ca prawa sk\u0142ada si\u0119 59 element\u00f3w, mi\u0119dzy innymi:- przypinany do budynku policji odbiornik,- dwa auta,- znaki bezpiecze\u0144stwa,- elementy do budowy bazy stra\u017cackiej,- \u015brubokr\u0119t,- \u015brubki,- naklejki do ozdoby budynku.Wymiary element\u00f3w zestawu policji:- roz\u0142o\u017cona baza policyjna: 33 cm x 49,5 cm x 19,5 cm,- autka: 11 cm x 8,5 cm,- \u015brubokr\u0119t: 12,5 cm,- znaki drogowe: 7,5 cm x 5 cm.Wymiary opakowania:- 48 cm x 35,5 cm x 8 cm.<\/p>\n<h2>Lean Toys Policja 59El 337210651367 Lean Toys<\/h2>\n<p>imiona dla ch\u0142opc\u00f3w, prezent dla 17 latka, tabliczka mno\u017cenia zadania do druku, buziak gify na dobranoc smieszne<\/p>\n<p>yyyyy<\/p>\n<p>&nbsp;<\/p>\n","protected":false},"excerpt":{"rendered":"<p>Wozy Policyjne i budynek + akcesoriaWyj\u0105tkowy zestaw z motywem Policji dla przysz\u0142ego str\u00f3\u017ca prawa. Komplet sk\u0142ada si\u0119 z imponuj\u0105cej liczby 59 element\u00f3w \u2014 ka\u017cdy z nich wykonany jest z bezpiecznego i wysokogatunkowego materia\u0142u, dzi\u0119ki czemu czas sp\u0119dzony na zabawie b\u0119dzie tym najlepszym. Ze wzgl\u0119du na ma\u0142e rozmiary wspomnianych cz\u0119\u015bci, zabawka przeznaczona jest dla dzieci, kt\u00f3re [&hellip;]<\/p>\n","protected":false},"featured_media":11162,"comment_status":"closed","ping_status":"open","template":"","meta":[],"product_cat":[73,141],"product_tag":[825,656,795,855,692,756],"class_list":["post-11161","product","type-product","status-publish","has-post-thumbnail","hentry","product_cat-lean-toys","product_cat-parkingi-garaze-i-tory-wyscigowe","product_tag-bajka-na-dobranoc-do-czytania","product_tag-kolorowanki-lol","product_tag-mini-zoo-warszawa","product_tag-nietypowe-imiona-zenskie","product_tag-prezenty-na-roczek","product_tag-zaproszenie-na-urodziny-do-druku"],"_links":{"self":[{"href":"http:\/\/klubmamgdynia.pl\/index.php\/wp-json\/wp\/v2\/product\/11161","targetHints":{"allow":["GET"]}}],"collection":[{"href":"http:\/\/klubmamgdynia.pl\/index.php\/wp-json\/wp\/v2\/product"}],"about":[{"href":"http:\/\/klubmamgdynia.pl\/index.php\/wp-json\/wp\/v2\/types\/product"}],"replies":[{"embeddable":true,"href":"http:\/\/klubmamgdynia.pl\/index.php\/wp-json\/wp\/v2\/comments?post=11161"}],"wp:featuredmedia":[{"embeddable":true,"href":"http:\/\/klubmamgdynia.pl\/index.php\/wp-json\/wp\/v2\/media\/11162"}],"wp:attachment":[{"href":"http:\/\/klubmamgdynia.pl\/index.php\/wp-json\/wp\/v2\/media?parent=11161"}],"wp:term":[{"taxonomy":"product_cat","embeddable":true,"href":"http:\/\/klubmamgdynia.pl\/index.php\/wp-json\/wp\/v2\/product_cat?post=11161"},{"taxonomy":"product_tag","embeddable":true,"href":"http:\/\/klubmamgdynia.pl\/index.php\/wp-json\/wp\/v2\/product_tag?post=11161"}],"curies":[{"name":"wp","href":"https:\/\/api.w.org\/{rel}","templated":true}]}}