{"id":11165,"date":"2012-04-09T04:21:40","date_gmt":"2012-04-09T02:21:40","guid":{"rendered":"http:\/\/klubmamgdynia.pl\/index.php\/produkt\/tm-toys-swinka-peppa-kamper-peppy-05032\/"},"modified":"2026-04-05T19:38:24","modified_gmt":"2026-04-05T17:38:24","slug":"tm-toys-swinka-peppa-kamper-peppy-05032","status":"publish","type":"product","link":"http:\/\/klubmamgdynia.pl\/index.php\/produkt\/tm-toys-swinka-peppa-kamper-peppy-05032\/","title":{"rendered":"Tm Toys \u015awinka Peppa Kamper Peppy 05032"},"content":{"rendered":"<p>Tm Toys, \u015awinka Peppa- Kamper Peppy<\/p>\n<p>Peppa nie jest zwyczajn\u0105 \u015bwink\u0105. Uwielbia gra\u0107 w r\u00f3\u017cne gry, przebiera\u0107 si\u0119, a ponad wszystko sp\u0119dza\u0107 dni na dworze i skaka\u0107 do b\u0142otnistej ka\u0142u\u017cy. W jej zabawnych przygodach uczestniczy ca\u0142a rodzina: tata, mama i braciszek George. Historie Peppy cz\u0119sto s\u0105 wzruszaj\u0105ce, ale zawsze dobrze si\u0119 ko\u0144cz\u0105. Serial o przygodach Peppy zosta\u0142 wyr\u00f3\u017cniony nagrod\u0105 BAFTA w kategorii Najlepsza Animacja i Najlepszy Serial Animowany Dla Przedszkolak\u00f3w. Seria zabawek skierowanych do najm\u0142odszych fan\u00f3w bajkowych postaci to uroczy dmek, pojazdy i szkolna klasa Pepy wraz z figurakami rodziny i przyjaci\u00f3\u0142 ze szko\u0142y. Jednym s\u0142owem wszystko co potrzebne do odgrywania scen z bajki. Kamper Peppy to zabawny pojazd, kt\u00f3ry w swym wn\u0119tzu pomie\u015bci ca\u0142\u0105 rodzink\u0119. Przeja\u017cd\u017cka kamperem to wielka frajda dla Peppy i Georga, podobnie jak piknik po dotarciu do celu. W zestawie wyjmowane kanapy z auta oraz turystyczny stolik z nakryciem.                            <\/p>\n<p>Firma TM Toys Sp. z o.o. od 1997 roku zajmuje si\u0119 dystrybucj\u0105 zabawek w Polsce. Do roku 2006 dzia\u0142a\u0142a jako BRIO Polska, od grudnia 2006 pod nazw\u0105 TM Toys. G\u0142owna siedziba firmy zlokalizowana jest w Szczecinie w kompleksie biurowym Lastadia Office, firma zajmuje r\u00f3wnie\u017c nowoczesne biuro handlowe w Oxygen Parku w Warszawie. Wychodz\u0105c naprzeciw nowoczesnym rozwi\u0105zaniom logistycznym oraz stale podnosz\u0105c jako\u015b\u0107 dostaw oferowanych produkt\u00f3w firma TM Toys zmieni\u0142a spos\u00f3b dystrybucji. Od 2013 roku magazyn firmy zosta\u0142 przeniesiony do nowoczesnego centrum dystrybucyjnego Arvato Bertelsmann w Plewiskach, k.Poznania, gdzie zajmuje 10 000 m2 powierzchni magazynowej klasy A. Od pocz\u0105tku obecno\u015bci na rynku strategi\u0105 firmy jest dystrybucja najlepszej jako\u015bci markowych zabawek uznanych \u015bwiatowych producent\u00f3w. TM Toys specjalizuje si\u0119 r\u00f3wnie\u017c w zabawkach licencyjnych, czyli takich, kt\u00f3re przedstawiaj\u0105 najpopularniejsze postaci ze \u015bwiata dzieci\u0119cych film\u00f3w, bajek czy komiks\u00f3w. Dystrybuowane przez firm\u0119 zabawki mo\u017cna znale\u017a\u0107 w niemal wszystkich sieciach hipermarket\u00f3w, w sklepach sieci SMYK, jak r\u00f3wnie\u017c w wi\u0119kszo\u015bci sklep\u00f3w zabawkowych w Polsce. W trosce o bezpiecze\u0144stwo i w\u0142a\u015bciwy rozw\u00f3j dziecka TM Toys dba o to, aby produkty posiada\u0142y wszystkie niezb\u0119dne badania i atesty, prowadzi te\u017c proces selekcji oferty pod k\u0105tem dopasowania zabawek do odpowiedniej grupy wiekowej oraz oferowania mo\u017cliwie najlepszych walor\u00f3w zabawowych i edukacyjnych. Oferowane przez firm\u0119 produkty wielokrotnie bra\u0142y udzia\u0142 w konkursach dla producent\u00f3w zabawek i zdobywa\u0142y liczne nagrody tak w Polsce jak i za granic\u0105.<\/p>\n<h2>Tm Toys \u015awinka Peppa Kamper Peppy 05032 TM Toys<\/h2>\n<p>flagi pa\u0144stw quiz, gry planszowe dla m\u0142odzie\u017cy, gabriela imie, r\u00f3\u017ca imie, zagadki dla ma\u0142ych dzieci, prezent dla 17 latki, nadia, ozdoby \u015bwi\u0105teczne z rolek po papierze toaletowym, dla nastolatk\u00f3w prezenty<\/p>\n<p>yyyyy<\/p>\n<p>&nbsp;<\/p>\n","protected":false},"excerpt":{"rendered":"<p>Tm Toys, \u015awinka Peppa- Kamper Peppy Peppa nie jest zwyczajn\u0105 \u015bwink\u0105. Uwielbia gra\u0107 w r\u00f3\u017cne gry, przebiera\u0107 si\u0119, a ponad wszystko sp\u0119dza\u0107 dni na dworze i skaka\u0107 do b\u0142otnistej ka\u0142u\u017cy. W jej zabawnych przygodach uczestniczy ca\u0142a rodzina: tata, mama i braciszek George. Historie Peppy cz\u0119sto s\u0105 wzruszaj\u0105ce, ale zawsze dobrze si\u0119 ko\u0144cz\u0105. Serial o przygodach [&hellip;]<\/p>\n","protected":false},"featured_media":11166,"comment_status":"closed","ping_status":"open","template":"","meta":[],"product_cat":[95,145],"product_tag":[637,798,608],"class_list":["post-11165","product","type-product","status-publish","has-post-thumbnail","hentry","product_cat-figurki-makiety-i-zestawy","product_cat-tm-toys","product_tag-niech-zyja-wakacje-tekst","product_tag-prezenty-dla-nastolatki","product_tag-zagadki-i-odpowiedzi"],"_links":{"self":[{"href":"http:\/\/klubmamgdynia.pl\/index.php\/wp-json\/wp\/v2\/product\/11165","targetHints":{"allow":["GET"]}}],"collection":[{"href":"http:\/\/klubmamgdynia.pl\/index.php\/wp-json\/wp\/v2\/product"}],"about":[{"href":"http:\/\/klubmamgdynia.pl\/index.php\/wp-json\/wp\/v2\/types\/product"}],"replies":[{"embeddable":true,"href":"http:\/\/klubmamgdynia.pl\/index.php\/wp-json\/wp\/v2\/comments?post=11165"}],"wp:featuredmedia":[{"embeddable":true,"href":"http:\/\/klubmamgdynia.pl\/index.php\/wp-json\/wp\/v2\/media\/11166"}],"wp:attachment":[{"href":"http:\/\/klubmamgdynia.pl\/index.php\/wp-json\/wp\/v2\/media?parent=11165"}],"wp:term":[{"taxonomy":"product_cat","embeddable":true,"href":"http:\/\/klubmamgdynia.pl\/index.php\/wp-json\/wp\/v2\/product_cat?post=11165"},{"taxonomy":"product_tag","embeddable":true,"href":"http:\/\/klubmamgdynia.pl\/index.php\/wp-json\/wp\/v2\/product_tag?post=11165"}],"curies":[{"name":"wp","href":"https:\/\/api.w.org\/{rel}","templated":true}]}}