{"id":11169,"date":"2016-03-07T05:26:37","date_gmt":"2016-03-07T04:26:37","guid":{"rendered":"http:\/\/klubmamgdynia.pl\/index.php\/produkt\/microsoft-office-2021-professional-plus\/"},"modified":"2026-04-20T12:20:40","modified_gmt":"2026-04-20T10:20:40","slug":"microsoft-office-2021-professional-plus","status":"publish","type":"product","link":"http:\/\/klubmamgdynia.pl\/index.php\/produkt\/microsoft-office-2021-professional-plus\/","title":{"rendered":"Microsoft Office 2021 Professional Plus"},"content":{"rendered":"<p>Opis produktu: Office 2021 Professional Plus Pakiet Office Microsoft Office 2021 Professional Plus dla Windows to najobszerniejsza kolekcja oprogramowania z edycji 2021. W por\u00f3wnaniu do swojego poprzednika, mo\u017cesz spodziewa\u0107 si\u0119 licznych optymalizacji i innowacji, kt\u00f3re znacznie u\u0142atwi\u0105 prac\u0119 w biurze oraz w domu w domowym biurze. Office 2021 Professional Plus: Do\u0142\u0105czone aplikacje Po pobraniu pakietu Office 2021 Professional Plus znany i powszechnie u\u017cywany program do edycji tekstu Word jest dost\u0119pny w wersji 2021. Za pomoc\u0105 tego oprogramowania mo\u017cesz wygodnie tworzy\u0107 teksty dowolnego typu i rozmiaru oraz projektowa\u0107 je zgodnie z w\u0142asnymi pomys\u0142ami. Kupuj\u0105c Office 2021 Professional Plus online w naszym sklepie, mo\u017cesz u\u017cywa\u0107 Excela 2021 do wykonywania r\u00f3\u017cnych oblicze\u0144 i wizualizacji wynik\u00f3w za pomoc\u0105 wykres\u00f3w. Oprogramowanie umo\u017cliwia \u0142atwe zbieranie i ocen\u0119 danych kwartalnych. Pe\u0142na wersja programu PowerPoint 2021 jest dost\u0119pna z kluczem Office 2021 Professional Plus. Oprogramowanie mo\u017ce s\u0142u\u017cy\u0107 do tworzenia imponuj\u0105cych prezentacjii oferuje szereg szablon\u00f3w dla szybszych wynik\u00f3w pracy. Po pobraniu pakietu Office 2021 Professional Plus z serwera, mo\u017cesz u\u017cywa\u0107 programu Outlook 2021 do \u0142atwego wysy\u0142ania, odbierania, przesy\u0142ania dalej, zapisywania i archiwizowania wiadomo\u015bci e-mail . Co otrzymasz po zakupie? \u2713 Klucz aktywacyjny dla jednego urz\u0105dzenia. (Wa\u017cny do\u017cywotnio bez abonamentu rocznego). \u2713 Link do pobrania pliku instalacyjnego. (Pobierz tylko z firmy Microsoft.) \u2713 Szczeg\u00f3\u0142owe wyja\u015bnienie instalacji i aktywacji.( Aktywacja poprzez wpisanie klucza w programie. I nie telefonicznie ). \u2713 Faktura VAT. (Kliknij przycisk Chc\u0119 faktur\u0119). \u2713 W\u0142a\u015bciwo\u015b\u0107 powi\u0105zania klucza z kontem Microsoft w celu jego ochrony. \u2713 Szczeg\u00f3\u0142owy poradnik instalacji i aktywacji otrzymujesz na e-mail. Klucz mo\u017ce wymaga\u0107 aktywacji wskazanej w instrukcji Informacje prawne: Oferowany tutaj klucz aktywacyjny oprogramowania zosta\u0142 pierwotnie wprowadzony do obrotu w Europejskim Obszarze Gospodarczym przez w\u0142a\u015bciciela praw Microsoft w celu nieograniczonego wykorzystania w postaci klucza aktywacyjnego produktu z opcj\u0105 pobierania. Uprawnia to u\u017cytkownika do otrzymywania aktualizacji, pod warunkiem, \u017ce istnieje wa\u017cna licencja na u\u017cytkowanie. Wszelkie istniej\u0105ce kopie program\u00f3w sta\u0142y si\u0119 bezu\u017cyteczne, dlatego prawa Microsoft dotycz\u0105ce wy\u0142\u0105cznej dystrybucji produktu zosta\u0142y wyczerpane, w zwi\u0105zku z czym mo\u017ce doj\u015b\u0107 do legalnej sprzeda\u017cy u\u017cywanej. Posiadacz praw otrzyma\u0142 odpowiedni\u0105 rekompensat\u0119 w zwi\u0105zku z wprowadzeniem produktu do obrotu. Nazwy marek i znaki towarowe s\u0105 u\u017cywane wy\u0142\u0105cznie w zakresie opisu produktu w celu uzyskania ja\u015bniejszego opisu towar\u00f3w. Prawa w\u0142asno\u015bci i prawa u\u017cytkowania nale\u017c\u0105 do odpowiednich w\u0142a\u015bcicieli praw autorskich. Wymagania systemowe: Procesor : 1,6 GHz, 2-rdzeniowy procesor System : Windows 11 lub Windows 10 system operacyjny dla komputer\u00f3w PC Pami\u0119\u0107 RAM : 4 GB (64 bity), 2 GB (32 bity) RAM dla PC Miejsce na dysku twardym : 4 GB wolnego miejsca na PC, Rozdzielczo\u015b\u0107 wy\u015bwietlacza : 1024 \u00d7 768 dla PC, Karta graficzna: DirectX 10 do korzystania z akceleracji sprz\u0119towej grafiki Szczeg\u00f3\u0142owy poradnik instalacji i aktywacji otrzymujesz na e-mail. Klucz mo\u017ce wymaga\u0107 aktywacji wskazanej w instrukcji<\/p>\n<h2>Microsoft Office 2021 Professional Plus Microsoft<\/h2>\n<p>prezent dla 7 latka, kolorowanki wakacje, test z lektury dzieci z bullerbyn, z\u0142ote my\u015bli kubu\u015b puchatek cytaty, bajki na dobranoc do czytania, wierszyki na smigus dyngus, lato, kinderbal przepisy, list do miko\u0142aja wz\u00f3r pdf, prezenty dla nastolatki<\/p>\n<p>yyyyy<\/p>\n<p>&nbsp;<\/p>\n","protected":false},"excerpt":{"rendered":"<p>Opis produktu: Office 2021 Professional Plus Pakiet Office Microsoft Office 2021 Professional Plus dla Windows to najobszerniejsza kolekcja oprogramowania z edycji 2021. W por\u00f3wnaniu do swojego poprzednika, mo\u017cesz spodziewa\u0107 si\u0119 licznych optymalizacji i innowacji, kt\u00f3re znacznie u\u0142atwi\u0105 prac\u0119 w biurze oraz w domu w domowym biurze. Office 2021 Professional Plus: Do\u0142\u0105czone aplikacje Po pobraniu pakietu [&hellip;]<\/p>\n","protected":false},"featured_media":11170,"comment_status":"closed","ping_status":"open","template":"","meta":[],"product_cat":[1947,1949],"product_tag":[848,870,824,623,733],"class_list":["post-11169","product","type-product","status-publish","has-post-thumbnail","hentry","product_cat-microsoft","product_cat-microsoft-office","product_tag-cytat-o-rodzinie","product_tag-prezent-dla-chlopca-na-roczek","product_tag-warszawa-atrakcje-dla-dzieci","product_tag-zagadki-logiczne-smieszne","product_tag-zarty-na-prima-aprilis"],"_links":{"self":[{"href":"http:\/\/klubmamgdynia.pl\/index.php\/wp-json\/wp\/v2\/product\/11169","targetHints":{"allow":["GET"]}}],"collection":[{"href":"http:\/\/klubmamgdynia.pl\/index.php\/wp-json\/wp\/v2\/product"}],"about":[{"href":"http:\/\/klubmamgdynia.pl\/index.php\/wp-json\/wp\/v2\/types\/product"}],"replies":[{"embeddable":true,"href":"http:\/\/klubmamgdynia.pl\/index.php\/wp-json\/wp\/v2\/comments?post=11169"}],"wp:featuredmedia":[{"embeddable":true,"href":"http:\/\/klubmamgdynia.pl\/index.php\/wp-json\/wp\/v2\/media\/11170"}],"wp:attachment":[{"href":"http:\/\/klubmamgdynia.pl\/index.php\/wp-json\/wp\/v2\/media?parent=11169"}],"wp:term":[{"taxonomy":"product_cat","embeddable":true,"href":"http:\/\/klubmamgdynia.pl\/index.php\/wp-json\/wp\/v2\/product_cat?post=11169"},{"taxonomy":"product_tag","embeddable":true,"href":"http:\/\/klubmamgdynia.pl\/index.php\/wp-json\/wp\/v2\/product_tag?post=11169"}],"curies":[{"name":"wp","href":"https:\/\/api.w.org\/{rel}","templated":true}]}}