{"id":11171,"date":"2015-06-30T20:45:02","date_gmt":"2015-06-30T18:45:02","guid":{"rendered":"http:\/\/klubmamgdynia.pl\/index.php\/produkt\/alexander-czesci-ciala-1831\/"},"modified":"2026-04-05T21:53:19","modified_gmt":"2026-04-05T19:53:19","slug":"alexander-czesci-ciala-1831","status":"publish","type":"product","link":"http:\/\/klubmamgdynia.pl\/index.php\/produkt\/alexander-czesci-ciala-1831\/","title":{"rendered":"Alexander Cz\u0119\u015bci Cia\u0142a 1831"},"content":{"rendered":"<p>Zabawa polega na u\u0142o\u017ceniu obrazka z postaci\u0105 ch\u0142opca oraz w\u0142a\u015bciwym dopasowaniu puzzli obrazuj\u0105cych poszczeg\u00f3lne cz\u0119\u015bci cia\u0142a tak, \u017ceby pasowa\u0142y do czarnej linii wskazuj\u0105cej ich po\u0142o\u017cenie na duzym obrazku. Produkt jest wprowadzeniem dziecka w anatomi\u0119 i nauk\u0105 nazw poszczegolnych cz\u0119\u015bci cia\u0142a.Zawarto\u015b\u0107 opakowania: 21 puzzliWiek: 4+Zabawa i Nauka to seria 17 zabawek edukacyjnych skierowanych do dzieci w wieku 2 \u2013 5 lat. Prosty, a zarazem ukochany przez dzieci, mechanizm uk\u0142adania puzzli wykorzystany zosta\u0142 jako pretekst do wprowadzenia dziecka w przygod\u0119 jak\u0105 jest poznawanie otaczaj\u0105cego \u015bwiata. Wspania\u0142a zabawa, dostarczaj\u0105ca ogromnej rado\u015bci jest tak naprawd\u0119 pretekstem do rozwoju malca na wszystkich g\u0142\u00f3wnych p\u0142aszczyznach: spo\u0142ecznej, motorycznej, intelektualnej, emocjonalnej i tw\u00f3rczej. Poszczeg\u00f3lne zadania dostosowane zosta\u0142y do odpowiedniego etapu rozwoju dziecka. Produkty dedykowane dla m\u0142odszych dzieci \u0142\u0105czone s\u0105 za pomoc\u0105 specjalnej falki, wykorzystuj\u0105cej naturalny ruch d\u0142oni, jakim jest ich zsuwanie.<\/p>\n<h2>Alexander Cz\u0119\u015bci Cia\u0142a 1831 Alexander<\/h2>\n<p>dzien matki cytaty, asiunia &#8211; test z lektury pdf, kaczuszka, maski superbohater\u00f3w do wydrukowania, quiz o \u015bwi\u0119tach bo\u017cego narodzenia, \u017c\u0105rty na prima aprilis, quizy flagi<\/p>\n<p>yyyyy<\/p>\n<p>&nbsp;<\/p>\n","protected":false},"excerpt":{"rendered":"<p>Zabawa polega na u\u0142o\u017ceniu obrazka z postaci\u0105 ch\u0142opca oraz w\u0142a\u015bciwym dopasowaniu puzzli obrazuj\u0105cych poszczeg\u00f3lne cz\u0119\u015bci cia\u0142a tak, \u017ceby pasowa\u0142y do czarnej linii wskazuj\u0105cej ich po\u0142o\u017cenie na duzym obrazku. Produkt jest wprowadzeniem dziecka w anatomi\u0119 i nauk\u0105 nazw poszczegolnych cz\u0119\u015bci cia\u0142a.Zawarto\u015b\u0107 opakowania: 21 puzzliWiek: 4+Zabawa i Nauka to seria 17 zabawek edukacyjnych skierowanych do dzieci w [&hellip;]<\/p>\n","protected":false},"featured_media":11172,"comment_status":"closed","ping_status":"open","template":"","meta":[],"product_cat":[246,90],"product_tag":[680,795,631,609,715],"class_list":["post-11171","product","type-product","status-publish","has-post-thumbnail","hentry","product_cat-alexander","product_cat-puzzle","product_tag-cytaty-z-malego-ksiecia","product_tag-mini-zoo-warszawa","product_tag-prezent-na-roczek","product_tag-quiz-flagi-europy","product_tag-zosia-samosia"],"_links":{"self":[{"href":"http:\/\/klubmamgdynia.pl\/index.php\/wp-json\/wp\/v2\/product\/11171","targetHints":{"allow":["GET"]}}],"collection":[{"href":"http:\/\/klubmamgdynia.pl\/index.php\/wp-json\/wp\/v2\/product"}],"about":[{"href":"http:\/\/klubmamgdynia.pl\/index.php\/wp-json\/wp\/v2\/types\/product"}],"replies":[{"embeddable":true,"href":"http:\/\/klubmamgdynia.pl\/index.php\/wp-json\/wp\/v2\/comments?post=11171"}],"wp:featuredmedia":[{"embeddable":true,"href":"http:\/\/klubmamgdynia.pl\/index.php\/wp-json\/wp\/v2\/media\/11172"}],"wp:attachment":[{"href":"http:\/\/klubmamgdynia.pl\/index.php\/wp-json\/wp\/v2\/media?parent=11171"}],"wp:term":[{"taxonomy":"product_cat","embeddable":true,"href":"http:\/\/klubmamgdynia.pl\/index.php\/wp-json\/wp\/v2\/product_cat?post=11171"},{"taxonomy":"product_tag","embeddable":true,"href":"http:\/\/klubmamgdynia.pl\/index.php\/wp-json\/wp\/v2\/product_tag?post=11171"}],"curies":[{"name":"wp","href":"https:\/\/api.w.org\/{rel}","templated":true}]}}