{"id":11173,"date":"2018-12-17T12:07:04","date_gmt":"2018-12-17T11:07:04","guid":{"rendered":"http:\/\/klubmamgdynia.pl\/index.php\/produkt\/maped-flamastry-dwustronne-duo-10-szt-20-kolorow\/"},"modified":"2026-04-14T15:11:40","modified_gmt":"2026-04-14T13:11:40","slug":"maped-flamastry-dwustronne-duo-10-szt-20-kolorow","status":"publish","type":"product","link":"http:\/\/klubmamgdynia.pl\/index.php\/produkt\/maped-flamastry-dwustronne-duo-10-szt-20-kolorow\/","title":{"rendered":"Maped Flamastry Dwustronne Duo 10 Szt 20 Kolor\u00f3w"},"content":{"rendered":"<p>Autor:ISBN:EAN: 3154148470106Wydawnictwo: MapedWydanie: blister,0x0 cmStrony: ,10Flamastry dwustronne COLORPEPS 2w1: 10 sztuk = 20 kolor\u00f3w. Wentylowana skuwka, tusz \u0142atwozmywalny ze sk\u00f3ry i ubra\u0144, mocna ko\u0144c\u00f3wka w kszta\u0142cie sto\u017cka o grubo\u015bci 4,75 mm, intensywne kolory.<\/p>\n<h2>Maped Flamastry Dwustronne Duo 10 Szt 20 Kolor\u00f3w Maped<\/h2>\n<p>r\u0119cznie robione jak zrobi\u0107 kartk\u0119 walentynkow\u0105, bajki dla chlopcow, nietypowe imiona, michalina, imie nadia<\/p>\n<p>yyyyy<\/p>\n<p>&nbsp;<\/p>\n","protected":false},"excerpt":{"rendered":"<p>Autor:ISBN:EAN: 3154148470106Wydawnictwo: MapedWydanie: blister,0x0 cmStrony: ,10Flamastry dwustronne COLORPEPS 2w1: 10 sztuk = 20 kolor\u00f3w. Wentylowana skuwka, tusz \u0142atwozmywalny ze sk\u00f3ry i ubra\u0144, mocna ko\u0144c\u00f3wka w kszta\u0142cie sto\u017cka o grubo\u015bci 4,75 mm, intensywne kolory. Maped Flamastry Dwustronne Duo 10 Szt 20 Kolor\u00f3w Maped r\u0119cznie robione jak zrobi\u0107 kartk\u0119 walentynkow\u0105, bajki dla chlopcow, nietypowe imiona, michalina, imie [&hellip;]<\/p>\n","protected":false},"featured_media":11174,"comment_status":"closed","ping_status":"open","template":"","meta":[],"product_cat":[1435,297],"product_tag":[666,668,834,700,642],"class_list":["post-11173","product","type-product","status-publish","has-post-thumbnail","hentry","product_cat-maped","product_cat-szkolne-artykuly-plastyczne","product_tag-afrykanskie-imiona","product_tag-atrakcje-dla-dzieci-wroclaw","product_tag-bajka-do-czytania-na-dobranoc","product_tag-bajki-do-czytania-dla-dzieci","product_tag-mia-imie"],"_links":{"self":[{"href":"http:\/\/klubmamgdynia.pl\/index.php\/wp-json\/wp\/v2\/product\/11173","targetHints":{"allow":["GET"]}}],"collection":[{"href":"http:\/\/klubmamgdynia.pl\/index.php\/wp-json\/wp\/v2\/product"}],"about":[{"href":"http:\/\/klubmamgdynia.pl\/index.php\/wp-json\/wp\/v2\/types\/product"}],"replies":[{"embeddable":true,"href":"http:\/\/klubmamgdynia.pl\/index.php\/wp-json\/wp\/v2\/comments?post=11173"}],"wp:featuredmedia":[{"embeddable":true,"href":"http:\/\/klubmamgdynia.pl\/index.php\/wp-json\/wp\/v2\/media\/11174"}],"wp:attachment":[{"href":"http:\/\/klubmamgdynia.pl\/index.php\/wp-json\/wp\/v2\/media?parent=11173"}],"wp:term":[{"taxonomy":"product_cat","embeddable":true,"href":"http:\/\/klubmamgdynia.pl\/index.php\/wp-json\/wp\/v2\/product_cat?post=11173"},{"taxonomy":"product_tag","embeddable":true,"href":"http:\/\/klubmamgdynia.pl\/index.php\/wp-json\/wp\/v2\/product_tag?post=11173"}],"curies":[{"name":"wp","href":"https:\/\/api.w.org\/{rel}","templated":true}]}}