{"id":11177,"date":"2024-07-08T07:24:26","date_gmt":"2024-07-08T05:24:26","guid":{"rendered":"http:\/\/klubmamgdynia.pl\/?post_type=product&#038;p=11177"},"modified":"2026-04-05T15:28:31","modified_gmt":"2026-04-05T13:28:31","slug":"ses-creative-kreatywna-zabawa-manicure-i-pedicure-paznokci","status":"publish","type":"product","link":"http:\/\/klubmamgdynia.pl\/index.php\/produkt\/ses-creative-kreatywna-zabawa-manicure-i-pedicure-paznokci\/","title":{"rendered":"Ses Creative Kreatywna Zabawa Manicure I Pedicure Paznokci"},"content":{"rendered":"<p>Dzi\u0119ki temu luksusowemu zestawowi do manicure SES Creative zawsze b\u0119dziesz mie\u0107 pi\u0119knie wypiel\u0119gnowane paznokcie. Zestaw jest pi\u0119knie zapakowany w metalow\u0105 puszk\u0119, w kt\u00f3rej mo\u017cesz trzyma\u0107 r\u00f3\u017cne rzeczy. Wype\u0142nij flakoniki lakieru do paznokci kolorem, kt\u00f3ry chcesz pomalowa\u0107 paznokciami. Mieszaj r\u00f3\u017cne kolory i dodawaj brokat, je\u015bli chcesz. Udekoruj pomalowane paznokcie owocowym konfetti, aby uzyska\u0107 jeszcze bardziej zaskakuj\u0105cy efekt. W zestawie jest r\u00f3wnie\u017c pilniczek. Teraz mo\u017cesz bawi\u0107 si\u0119 zar\u00f3wno w manikiurzystk\u0119 jak i pedikiurzystk\u0119! Testowane dermatologicznie.Dla dzieci w wieku od 6 lat<\/p>\n<h2>Ses Creative Kreatywna Zabawa Manicure I Pedicure Paznokci Ses Creative<\/h2>\n<p>marcel imie, dzie\u0144 misia 2021, trudne zagadki, mia i ja kolorowanka, co mo\u017cna zrobi\u0107 na prima aprilis, quiz kajko i kokosz szko\u0142a latania, miko\u0142ajki 2021 warszawa, proste zagadki, mia imie, \u017carty na prima aprilis w domu, celina, prezenty dla nastolatk\u00f3w do 50 z\u0142, my little pony kolorowanka, bianka<\/p>\n<p>yyyyy<\/p>\n<p>&nbsp;<\/p>\n","protected":false},"excerpt":{"rendered":"<p>Dzi\u0119ki temu luksusowemu zestawowi do manicure SES Creative zawsze b\u0119dziesz mie\u0107 pi\u0119knie wypiel\u0119gnowane paznokcie. Zestaw jest pi\u0119knie zapakowany w metalow\u0105 puszk\u0119, w kt\u00f3rej mo\u017cesz trzyma\u0107 r\u00f3\u017cne rzeczy. Wype\u0142nij flakoniki lakieru do paznokci kolorem, kt\u00f3ry chcesz pomalowa\u0107 paznokciami. Mieszaj r\u00f3\u017cne kolory i dodawaj brokat, je\u015bli chcesz. Udekoruj pomalowane paznokcie owocowym konfetti, aby uzyska\u0107 jeszcze bardziej zaskakuj\u0105cy [&hellip;]<\/p>\n","protected":false},"featured_media":11178,"comment_status":"closed","ping_status":"open","template":"","meta":[],"product_cat":[1072,21],"product_tag":[808,775,655,606],"class_list":["post-11177","product","type-product","status-publish","has-post-thumbnail","hentry","product_cat-ses-creative","product_cat-zabawki-plastyczne","product_tag-imie-mia","product_tag-kolorowanki-do-druku-pokemon","product_tag-najlepsze-zagadki","product_tag-stala-pod-sniegiem"],"_links":{"self":[{"href":"http:\/\/klubmamgdynia.pl\/index.php\/wp-json\/wp\/v2\/product\/11177","targetHints":{"allow":["GET"]}}],"collection":[{"href":"http:\/\/klubmamgdynia.pl\/index.php\/wp-json\/wp\/v2\/product"}],"about":[{"href":"http:\/\/klubmamgdynia.pl\/index.php\/wp-json\/wp\/v2\/types\/product"}],"replies":[{"embeddable":true,"href":"http:\/\/klubmamgdynia.pl\/index.php\/wp-json\/wp\/v2\/comments?post=11177"}],"wp:featuredmedia":[{"embeddable":true,"href":"http:\/\/klubmamgdynia.pl\/index.php\/wp-json\/wp\/v2\/media\/11178"}],"wp:attachment":[{"href":"http:\/\/klubmamgdynia.pl\/index.php\/wp-json\/wp\/v2\/media?parent=11177"}],"wp:term":[{"taxonomy":"product_cat","embeddable":true,"href":"http:\/\/klubmamgdynia.pl\/index.php\/wp-json\/wp\/v2\/product_cat?post=11177"},{"taxonomy":"product_tag","embeddable":true,"href":"http:\/\/klubmamgdynia.pl\/index.php\/wp-json\/wp\/v2\/product_tag?post=11177"}],"curies":[{"name":"wp","href":"https:\/\/api.w.org\/{rel}","templated":true}]}}