{"id":11179,"date":"2013-08-07T17:14:48","date_gmt":"2013-08-07T15:14:48","guid":{"rendered":"http:\/\/klubmamgdynia.pl\/index.php\/produkt\/hot-wheels-fast-furious-auto-doge-charger-gbw75-grl71\/"},"modified":"2026-04-30T01:56:40","modified_gmt":"2026-04-29T23:56:40","slug":"hot-wheels-fast-furious-auto-doge-charger-gbw75-grl71","status":"publish","type":"product","link":"http:\/\/klubmamgdynia.pl\/index.php\/produkt\/hot-wheels-fast-furious-auto-doge-charger-gbw75-grl71\/","title":{"rendered":"Hot Wheels Fast &amp; Furious Auto Doge Charger Gbw75 Grl71"},"content":{"rendered":"<p>FAST &amp; FURIOUSAUTO AUTO DODGE CHARGERFast &amp; Furious\u2122 \u2013 Szybcy i w\u015bciekli \u2013 to s\u0142ynna na ca\u0142ym \u015bwiecie seria film\u00f3w akcji, w kt\u00f3rych dominuje zawrotna pr\u0119dko\u015b\u0107, szalone sztuczki kaskaderskie i podrasowane samochody.Ten wyj\u0105tkowy asortyment metalowych pojazd\u00f3w inspirowanych seri\u0105 \u201eSzybcy i w\u015bciekli\u201d zawiera nowe i unikalne auta kolekcjonerskie, kt\u00f3re pozwol\u0105 dzieciom i doros\u0142ym fanom odtwarza\u0107 ulubione sceny filmowe.Ka\u017cdy metalowy model wyr\u00f3\u017cnia si\u0119 realistycznym, atrakcyjnym wygl\u0105dem i \u017cywymi kolorami.Stylowe detale oraz elementy graficzne zosta\u0142y zainspirowane filmami \u201eSzybcy i w\u015bciekli\u201d.To \u015bwietny wyb\u00f3r dla dzieci, kolekcjoner\u00f3w, entuzjast\u00f3w samochod\u00f3w oraz fan\u00f3w serii.Sprzedawane oddzielnie w zale\u017cno\u015bci od dost\u0119pno\u015bci.Kolory i elementy dekoracyjne mog\u0105 si\u0119 r\u00f3\u017cni\u0107.Metalowy samochodzik premium w skali 1:64 jest gotowy do jazdy zaraz po rozpakowaniu!Daj si\u0119 ponie\u015b\u0107 pr\u0119dko\u015bci i rywalizacji dzi\u0119ki tym kultowym pojazdom!Fani wy\u015bcig\u00f3w ulicznych, samochod\u00f3w sportowych, ci\u0119\u017car\u00f3wek, czo\u0142g\u00f3w i serii \u201eSzybcy i w\u015bciekli\u201d b\u0119d\u0105 chcieli zebra\u0107 je wszystkie!<\/p>\n<h2>Hot Wheels Fast &amp; Furious Auto Doge Charger Gbw75 Grl71 Hot Wheels<\/h2>\n<p>kamila, literki, kr\u00f3tkie bajki do czytania na dobranoc, bajki dla dziewczynek, cytaty z ma\u0142ego ksi\u0119cia o przyja\u017ani, matylda imi\u0119, kolorowanki, pomys\u0142 na prezent dla 15 latki, zagadki dla dzieci 10 lat, \u0142amig\u0142\u00f3wki matematyczne, dobranoc pch\u0142y na noc, kira imi\u0119, wiersz na wielkanocnym stole, nauka j\u0119zyka polskiego dla dzieci z ukrainy materia\u0142y, traktor z przyczep\u0105 kolorowanka do druku, quiz o kosmosie dla dzieci, piosenka na dzie\u0144 nauczyciela przedszkole, piosenka przyjed\u017a do nas miko\u0142aju<\/p>\n<p>yyyyy<\/p>\n<p>&nbsp;<\/p>\n","protected":false},"excerpt":{"rendered":"<p>FAST &amp; FURIOUSAUTO AUTO DODGE CHARGERFast &amp; Furious\u2122 \u2013 Szybcy i w\u015bciekli \u2013 to s\u0142ynna na ca\u0142ym \u015bwiecie seria film\u00f3w akcji, w kt\u00f3rych dominuje zawrotna pr\u0119dko\u015b\u0107, szalone sztuczki kaskaderskie i podrasowane samochody.Ten wyj\u0105tkowy asortyment metalowych pojazd\u00f3w inspirowanych seri\u0105 \u201eSzybcy i w\u015bciekli\u201d zawiera nowe i unikalne auta kolekcjonerskie, kt\u00f3re pozwol\u0105 dzieciom i doros\u0142ym fanom odtwarza\u0107 ulubione [&hellip;]<\/p>\n","protected":false},"featured_media":11180,"comment_status":"closed","ping_status":"open","template":"","meta":[],"product_cat":[83,150],"product_tag":[700,720,632],"class_list":["post-11179","product","type-product","status-publish","has-post-thumbnail","hentry","product_cat-auta-i-inne-pojazdy-do-zabawy","product_cat-hot-wheels","product_tag-bajki-do-czytania-dla-dzieci","product_tag-malowanki","product_tag-warszawa-atrakcje-dla-mlodziezy"],"_links":{"self":[{"href":"http:\/\/klubmamgdynia.pl\/index.php\/wp-json\/wp\/v2\/product\/11179","targetHints":{"allow":["GET"]}}],"collection":[{"href":"http:\/\/klubmamgdynia.pl\/index.php\/wp-json\/wp\/v2\/product"}],"about":[{"href":"http:\/\/klubmamgdynia.pl\/index.php\/wp-json\/wp\/v2\/types\/product"}],"replies":[{"embeddable":true,"href":"http:\/\/klubmamgdynia.pl\/index.php\/wp-json\/wp\/v2\/comments?post=11179"}],"wp:featuredmedia":[{"embeddable":true,"href":"http:\/\/klubmamgdynia.pl\/index.php\/wp-json\/wp\/v2\/media\/11180"}],"wp:attachment":[{"href":"http:\/\/klubmamgdynia.pl\/index.php\/wp-json\/wp\/v2\/media?parent=11179"}],"wp:term":[{"taxonomy":"product_cat","embeddable":true,"href":"http:\/\/klubmamgdynia.pl\/index.php\/wp-json\/wp\/v2\/product_cat?post=11179"},{"taxonomy":"product_tag","embeddable":true,"href":"http:\/\/klubmamgdynia.pl\/index.php\/wp-json\/wp\/v2\/product_tag?post=11179"}],"curies":[{"name":"wp","href":"https:\/\/api.w.org\/{rel}","templated":true}]}}