{"id":1118,"date":"2013-03-20T16:56:37","date_gmt":"2013-03-20T15:56:37","guid":{"rendered":"http:\/\/klubmamgdynia.pl\/index.php\/produkt\/hipo-suszarka-z-naczyniami-5009-zabawka\/"},"modified":"2026-04-23T00:01:04","modified_gmt":"2026-04-22T22:01:04","slug":"hipo-suszarka-z-naczyniami-5009-zabawka","status":"publish","type":"product","link":"http:\/\/klubmamgdynia.pl\/index.php\/produkt\/hipo-suszarka-z-naczyniami-5009-zabawka\/","title":{"rendered":"Hipo Suszarka Z Naczyniami 5009 &#8211; Zabawka"},"content":{"rendered":"<p>Zestaw Kuchenny -suszarka + Naczynia + Garnki<\/p>\n<h2>Hipo Suszarka Z Naczyniami 5009 &#8211; Zabawka Hipo<\/h2>\n<p>planety uk\u0142ad s\u0142oneczny dla dzieci do druku, zagadki dla 8 latka, zaproszenie na urodziny, zabawy ruchowe dla dzieci w przedszkolu, co kupi\u0107 nastolatce na urodziny, kolorowanka spiderman, bajka dla dziewczynek, pytania logiczne, zagadki z odpowiedziami, literki do pisania, kawa\u0142y na prima aprilis dla rodzic\u00f3w, znane misie z film\u00f3w animowanych, prezent dla ch\u0142opca 7 lat, quizy dla przedszkolak\u00f3w<\/p>\n<p>yyyyy<\/p>\n<p>&nbsp;<\/p>\n","protected":false},"excerpt":{"rendered":"<p>Zestaw Kuchenny -suszarka + Naczynia + Garnki Hipo Suszarka Z Naczyniami 5009 &#8211; Zabawka Hipo planety uk\u0142ad s\u0142oneczny dla dzieci do druku, zagadki dla 8 latka, zaproszenie na urodziny, zabawy ruchowe dla dzieci w przedszkolu, co kupi\u0107 nastolatce na urodziny, kolorowanka spiderman, bajka dla dziewczynek, pytania logiczne, zagadki z odpowiedziami, literki do pisania, kawa\u0142y na [&hellip;]<\/p>\n","protected":false},"featured_media":1119,"comment_status":"closed","ping_status":"open","template":"","meta":[],"product_cat":[310,53],"product_tag":[664,603,724],"class_list":["post-1118","product","type-product","status-publish","has-post-thumbnail","hentry","product_cat-hipo","product_cat-kaciki-zabaw","product_tag-atrakcje-dla-dzieci-trojmiasto","product_tag-bajki-do-czytania","product_tag-zagadki-podchwytliwe"],"_links":{"self":[{"href":"http:\/\/klubmamgdynia.pl\/index.php\/wp-json\/wp\/v2\/product\/1118","targetHints":{"allow":["GET"]}}],"collection":[{"href":"http:\/\/klubmamgdynia.pl\/index.php\/wp-json\/wp\/v2\/product"}],"about":[{"href":"http:\/\/klubmamgdynia.pl\/index.php\/wp-json\/wp\/v2\/types\/product"}],"replies":[{"embeddable":true,"href":"http:\/\/klubmamgdynia.pl\/index.php\/wp-json\/wp\/v2\/comments?post=1118"}],"wp:featuredmedia":[{"embeddable":true,"href":"http:\/\/klubmamgdynia.pl\/index.php\/wp-json\/wp\/v2\/media\/1119"}],"wp:attachment":[{"href":"http:\/\/klubmamgdynia.pl\/index.php\/wp-json\/wp\/v2\/media?parent=1118"}],"wp:term":[{"taxonomy":"product_cat","embeddable":true,"href":"http:\/\/klubmamgdynia.pl\/index.php\/wp-json\/wp\/v2\/product_cat?post=1118"},{"taxonomy":"product_tag","embeddable":true,"href":"http:\/\/klubmamgdynia.pl\/index.php\/wp-json\/wp\/v2\/product_tag?post=1118"}],"curies":[{"name":"wp","href":"https:\/\/api.w.org\/{rel}","templated":true}]}}