{"id":11181,"date":"2021-03-06T02:49:09","date_gmt":"2021-03-06T01:49:09","guid":{"rendered":"http:\/\/klubmamgdynia.pl\/index.php\/produkt\/razer-barracuda-x-rz0403800100r3m1\/"},"modified":"2026-04-30T11:45:17","modified_gmt":"2026-04-30T09:45:17","slug":"razer-barracuda-x-rz0403800100r3m1","status":"publish","type":"product","link":"http:\/\/klubmamgdynia.pl\/index.php\/produkt\/razer-barracuda-x-rz0403800100r3m1\/","title":{"rendered":"Razer Barracuda X (RZ0403800100R3M1)"},"content":{"rendered":"<p>Razer Barracuda X to bezprzewodowy, wieloplatformowy zestaw s\u0142uchawkowy dla graczy, kt\u00f3ry pozwoli Ci zar\u00f3wno na wci\u0105gaj\u0105ce granie w domu, jak i doskona\u0142y d\u017awi\u0119k w drodze. Razer Barracuda X \u0142\u0105czy si\u0119 bezprzewodowo przy u\u017cyciu adaptera USB-C.                            <\/p>\n<p>Stabilna \u0142\u0105czno\u015b\u0107 bezprzewodowaW zestawie wraz z zestawem s\u0142uchawkowym Razer Barracuda X znajduje si\u0119 r\u00f3wnie\u017c adapter USB-C do bezprzewodowej \u0142\u0105czno\u015bci z r\u00f3\u017cnymi platformami, takimi jak komputery PC, konsole PlayStation, Nintendo Switch oraz urz\u0105dzenia mobilne z systemem Android.Szybkie po\u0142\u0105czenie w pa\u015bmie 2,4 GHz zapewnia p\u0142ynn\u0105 transmisj\u0119 d\u017awi\u0119ku podczas gry w domu, czy s\u0142uchania muzyki w drodze, a wszechstronny adapter USB-C z przed\u0142u\u017caczem USB-A umo\u017cliwia \u0142atw\u0105 zmian\u0119 urz\u0105dze\u0144.                            <\/p>\n<p>40-milimetrowe przetworniki Razer TriForcePrzetworniki Razer TriForce o opatentowanej, 3-cz\u0119\u015bciowej konstrukcji zastosowane w zestawie s\u0142uchawkowym Razer Barracuda X emituj\u0105 wyj\u0105tkowo wyra\u017ane, nieprzyt\u0142umione soprany, tony \u015brednie i basy. Dzi\u0119ki temu mo\u017cesz lepiej wczu\u0107 si\u0119 w gr\u0119, a d\u017awi\u0119k muzyki i wideo jest bardziej dynamiczny.                            <\/p>\n<p>Od\u0142\u0105czany mikrofon kardioidalny Razer HyperClearOd\u0142\u0105czany mikrofon kardioidalny Razer HyperClear w zestawie s\u0142uchawkowym Barracuda X pozwoli rejestrowa\u0107 krystalicznie czysty g\u0142os.Mikrofon jest dostrojony tak, by t\u0142umi\u0107 ha\u0142asy z t\u0142a i rejestrowa\u0107 wyra\u017aniejszy g\u0142os podczas grania, ale mo\u017cesz go \u0142atwo od\u0142\u0105czy\u0107, aby wygodniej u\u017cywa\u0107 zestawu z urz\u0105dzeniem mobilnym w drodze.<\/p>\n<h2>Razer Barracuda X (RZ0403800100R3M1) Razer<\/h2>\n<p>podchwytliwe zagadki na inteligencj\u0119, kr\u00f3tkie bajki na dobranoc do czytania, darmowe quizy, pokemony kolorowanka, quizy dla dzieci 10 lat, sentencje ma\u0142y ksi\u0105\u017ce cytaty, prezenty dla nastolatk\u00f3w, wroc\u0142aw atrakcje dla dzieci, wroc\u0142aw atrakcje dla dzieci 2021, ciekawe zagadki, zagadka<\/p>\n<p>yyyyy<\/p>\n<p>&nbsp;<\/p>\n","protected":false},"excerpt":{"rendered":"<p>Razer Barracuda X to bezprzewodowy, wieloplatformowy zestaw s\u0142uchawkowy dla graczy, kt\u00f3ry pozwoli Ci zar\u00f3wno na wci\u0105gaj\u0105ce granie w domu, jak i doskona\u0142y d\u017awi\u0119k w drodze. Razer Barracuda X \u0142\u0105czy si\u0119 bezprzewodowo przy u\u017cyciu adaptera USB-C. Stabilna \u0142\u0105czno\u015b\u0107 bezprzewodowaW zestawie wraz z zestawem s\u0142uchawkowym Razer Barracuda X znajduje si\u0119 r\u00f3wnie\u017c adapter USB-C do bezprzewodowej \u0142\u0105czno\u015bci z [&hellip;]<\/p>\n","protected":false},"featured_media":11182,"comment_status":"closed","ping_status":"open","template":"","meta":[],"product_cat":[1950,1951],"product_tag":[816,764,675],"class_list":["post-11181","product","type-product","status-publish","has-post-thumbnail","hentry","product_cat-razer","product_cat-sluchawki-komputerowe","product_tag-place-zabaw-warszawa","product_tag-prezenty-na-roczek-dla-dziewczynki","product_tag-test-z-lektury-kajko-i-kokosz-szkola-latania"],"_links":{"self":[{"href":"http:\/\/klubmamgdynia.pl\/index.php\/wp-json\/wp\/v2\/product\/11181","targetHints":{"allow":["GET"]}}],"collection":[{"href":"http:\/\/klubmamgdynia.pl\/index.php\/wp-json\/wp\/v2\/product"}],"about":[{"href":"http:\/\/klubmamgdynia.pl\/index.php\/wp-json\/wp\/v2\/types\/product"}],"replies":[{"embeddable":true,"href":"http:\/\/klubmamgdynia.pl\/index.php\/wp-json\/wp\/v2\/comments?post=11181"}],"wp:featuredmedia":[{"embeddable":true,"href":"http:\/\/klubmamgdynia.pl\/index.php\/wp-json\/wp\/v2\/media\/11182"}],"wp:attachment":[{"href":"http:\/\/klubmamgdynia.pl\/index.php\/wp-json\/wp\/v2\/media?parent=11181"}],"wp:term":[{"taxonomy":"product_cat","embeddable":true,"href":"http:\/\/klubmamgdynia.pl\/index.php\/wp-json\/wp\/v2\/product_cat?post=11181"},{"taxonomy":"product_tag","embeddable":true,"href":"http:\/\/klubmamgdynia.pl\/index.php\/wp-json\/wp\/v2\/product_tag?post=11181"}],"curies":[{"name":"wp","href":"https:\/\/api.w.org\/{rel}","templated":true}]}}