{"id":11183,"date":"2023-04-08T13:35:59","date_gmt":"2023-04-08T11:35:59","guid":{"rendered":"http:\/\/klubmamgdynia.pl\/?post_type=product&#038;p=11183"},"modified":"2026-04-06T18:55:11","modified_gmt":"2026-04-06T16:55:11","slug":"alexander-przewlekanki-0523","status":"publish","type":"product","link":"http:\/\/klubmamgdynia.pl\/index.php\/produkt\/alexander-przewlekanki-0523\/","title":{"rendered":"Alexander Przewlekanki 0523"},"content":{"rendered":"<p>PrzewlekankiTo zabawka, kt\u00f3ra polega na przewlekaniu kolorowych linek przez a\u017curow\u0105 plansz\u0119. Linki nalezy przewleka\u0107 w taki spos\u00f3b, by uda\u0142o si\u0119 stworzy\u0107 ciekawy obrazek. Zabawa rozwijaj\u0105ca kreatywno\u015b\u0107, \u0107wiczy cierpliwo\u015b\u0107 i zr\u0119czno\u015b\u0107 r\u0105k.Zawarto\u015b\u0107 opakowania:5 kolorowych linek, a\u017curowa p\u0142ytka o wymiarach 14,5&gt;13,5 cm, ksi\u0105\u017ceczka wzor\u00f3w.                            <\/p>\n<p>Produkty                            <\/p>\n<p>            Alexander Przeplatanki dla Dziewczynek 1748<\/p>\n<p>            Opinia od U\u017cytkownik Ceneo2016-12-20<\/p>\n<p>                ma\u0142e karteczki z dziurkami do tego kilka sznur\u00f3wek, obrazki mog\u0142y by by\u0107 troch\u0119 bardziej skomplikowane jak dla mojej dwulatki ale og\u00f3lnie spe\u0142nia swoje zadanie, szkoda, \u017ce nie przedziurkowane karty do ko\u0144ca co powoduje niema\u0142y ba\u0142agan przy otwieraniu &#8211; ale frajd\u0119 dla dziecka.<\/p>\n<p>            Alexander Przeplatanki Dla Ch\u0142opc\u00f3w 1749<\/p>\n<p>            Opinia od Daria2020-04-20<\/p>\n<p>                usprawnia paluszki dziecka, przygotowuje do wi\u0105zania but\u00f3w<\/p>\n<p>            Alexander Przeplatanki Dla Ch\u0142opc\u00f3w Maxi 1327<\/p>\n<p>            Opinia od e&#8230;t2021-04-16<\/p>\n<p>                Super produkt, dzieci zadowolone, fajna zabawa edukacyjna i niedroga.<\/p>\n<p>            Alexander Przeplatanki Dla Dziewczynek Maxi 1328<\/p>\n<p>            Opinia od Pepek2019-08-05<\/p>\n<p>                Bardzo dobra zabawka dla ma\u0142ych dzieci<\/p>\n<p>            Alexander Przewlekanki 0523<\/p>\n<p>            Opinia od Marzena2019-12-09<\/p>\n<p>                Bardzo dobry produkt, ale poziom trudno\u015bci du\u017cy. <\/p>\n<p>            Alexander Przewlekanki Big 0529<\/p>\n<p>            Opinia od aaaa2018-03-29<\/p>\n<p>                syn uwielbia te sznurki. Zabawka prosta i funkcjonalna. Nawet zabra\u0142 ja do przedszkola pokazac dzieciom i bawili sie pol dnia wsp\u00f3lnie<\/p>\n<h2>Alexander Przewlekanki 0523 Alexander<\/h2>\n<p>dobranoc zimowo, cytaty korczaka, kolorowanki dla dziewczynek 10 lat, zabawka na roczek dla dziewczynki, bajka na dobranoc do czytania, wiersz o wakacjach, co kupi\u0107 na roczek, bajki dla dziewczynek, zagadki o bo\u017cym narodzeniu, basen dla dzieci warszawa, test magiczne drzewo czerwone krzes\u0142o, jaki prezent na roczek, minionki kolorowanka, maska batmana do druku<\/p>\n<p>yyyyy<\/p>\n<p>&nbsp;<\/p>\n","protected":false},"excerpt":{"rendered":"<p>PrzewlekankiTo zabawka, kt\u00f3ra polega na przewlekaniu kolorowych linek przez a\u017curow\u0105 plansz\u0119. Linki nalezy przewleka\u0107 w taki spos\u00f3b, by uda\u0142o si\u0119 stworzy\u0107 ciekawy obrazek. Zabawa rozwijaj\u0105ca kreatywno\u015b\u0107, \u0107wiczy cierpliwo\u015b\u0107 i zr\u0119czno\u015b\u0107 r\u0105k.Zawarto\u015b\u0107 opakowania:5 kolorowych linek, a\u017curowa p\u0142ytka o wymiarach 14,5&gt;13,5 cm, ksi\u0105\u017ceczka wzor\u00f3w. Produkty Alexander Przeplatanki dla Dziewczynek 1748 Opinia od U\u017cytkownik Ceneo2016-12-20 ma\u0142e karteczki z [&hellip;]<\/p>\n","protected":false},"featured_media":11184,"comment_status":"closed","ping_status":"open","template":"","meta":[],"product_cat":[246,21],"product_tag":[686,670,583,633],"class_list":["post-11183","product","type-product","status-publish","has-post-thumbnail","hentry","product_cat-alexander","product_cat-zabawki-plastyczne","product_tag-co-na-roczek-dla-chlopca","product_tag-irma","product_tag-kolysanki-dla-dzieci-tekst","product_tag-zagadki-z-odpowiedziami"],"_links":{"self":[{"href":"http:\/\/klubmamgdynia.pl\/index.php\/wp-json\/wp\/v2\/product\/11183","targetHints":{"allow":["GET"]}}],"collection":[{"href":"http:\/\/klubmamgdynia.pl\/index.php\/wp-json\/wp\/v2\/product"}],"about":[{"href":"http:\/\/klubmamgdynia.pl\/index.php\/wp-json\/wp\/v2\/types\/product"}],"replies":[{"embeddable":true,"href":"http:\/\/klubmamgdynia.pl\/index.php\/wp-json\/wp\/v2\/comments?post=11183"}],"wp:featuredmedia":[{"embeddable":true,"href":"http:\/\/klubmamgdynia.pl\/index.php\/wp-json\/wp\/v2\/media\/11184"}],"wp:attachment":[{"href":"http:\/\/klubmamgdynia.pl\/index.php\/wp-json\/wp\/v2\/media?parent=11183"}],"wp:term":[{"taxonomy":"product_cat","embeddable":true,"href":"http:\/\/klubmamgdynia.pl\/index.php\/wp-json\/wp\/v2\/product_cat?post=11183"},{"taxonomy":"product_tag","embeddable":true,"href":"http:\/\/klubmamgdynia.pl\/index.php\/wp-json\/wp\/v2\/product_tag?post=11183"}],"curies":[{"name":"wp","href":"https:\/\/api.w.org\/{rel}","templated":true}]}}